{"id":10,"date":"2023-03-07T15:03:14","date_gmt":"2023-03-07T15:03:14","guid":{"rendered":"http:\/\/bcdesign.local\/?page_id=10"},"modified":"2024-08-28T09:33:36","modified_gmt":"2024-08-28T09:33:36","slug":"velbert","status":"publish","type":"page","link":"https:\/\/www.wmw-patent.de\/en\/velbert\/","title":{"rendered":"Velbert"},"content":{"rendered":"\n<div class=\"wp-block-uagb-container uagb-block-27e0af96 alignfull uagb-is-root-container\"><div class=\"uagb-container-inner-blocks-wrap\">\n<div class=\"wp-block-uagb-advanced-heading uagb-block-ad02c168\"><h2 class=\"uagb-heading-text\">Nehmen Sie Kontakt auf<\/h2><\/div>\n\n\n\n<div class=\"wp-block-uagb-forms uagb-forms__outer-wrap uagb-block-bcd1fec8 uagb-forms__medium-btn\"><form class=\"uagb-forms-main-form\" method=\"post\" autocomplete=\"on\" name=\"uagb-form-bcd1fec8\">\n<div class=\"wp-block-uagb-forms-name uagb-forms-name-wrap uagb-forms-field-set uagb-block-5e13e5ab\"><div class=\"uagb-forms-name-label required uagb-forms-input-label\" id=\"5e13e5ab\">Name<\/div><input type=\"text\" placeholder=\"Max Mustermann\" required class=\"uagb-forms-name-input uagb-forms-input\" name=\"5e13e5ab\" autocomplete=\"given-name\"\/><\/div>\n\n\n\n<div class=\"wp-block-uagb-forms-name uagb-forms-name-wrap uagb-forms-field-set uagb-block-08115468\"><div class=\"uagb-forms-name-label  uagb-forms-input-label\" id=\"08115468\">Firmenname<\/div><input type=\"text\" placeholder=\"Musterfirma AG\" class=\"uagb-forms-name-input uagb-forms-input\" name=\"08115468\" autocomplete=\"family-name\"\/><\/div>\n\n\n\n<div class=\"wp-block-uagb-forms-email uagb-forms-email-wrap uagb-forms-field-set uagb-block-cb978a52\"><div class=\"uagb-forms-email-label required uagb-forms-input-label\" id=\"cb978a52\">Email<\/div><input type=\"email\" class=\"uagb-forms-email-input uagb-forms-input\" placeholder=\"beispiel@mail.de\" required name=\"cb978a52\" autocomplete=\"email\"\/><\/div>\n\n\n\n<div class=\"wp-block-uagb-forms-textarea uagb-forms-textarea-wrap uagb-forms-field-set uagb-block-720163b1\"><div class=\"uagb-forms-textarea-label required uagb-forms-input-label\" id=\"720163b1\">Nachricht<\/div><textarea required class=\"uagb-forms-textarea-input uagb-forms-input\" rows=\"4\" placeholder=\"Nachrichteneingabe\" name=\"720163b1\" autocomplete=\"off\"><\/textarea><\/div>\n<div class=\"uagb-forms-form-hidden-data\"><input type=\"hidden\" class=\"uagb_forms_form_label\" value=\"Spectra Form\"\/><input type=\"hidden\" class=\"uagb_forms_form_id\" value=\"uagb-form-bcd1fec8\"\/><\/div><div class=\"uagb-form-reacaptcha-error-bcd1fec8\"><\/div><div class=\"uagb-forms-main-submit-button-wrap wp-block-button\"><button class=\"uagb-forms-main-submit-button wp-block-button__link\"><div class=\"uagb-forms-main-submit-button-text\">Senden<\/div><\/button><\/div><\/form><div class=\"uagb-forms-success-message-bcd1fec8 uagb-forms-submit-message-hide\"><span>Das Formular wurde erfolgreich abgeschickt!<\/span><\/div><div class=\"uagb-forms-failed-message-bcd1fec8 uagb-forms-submit-message-hide\"><span>Es ist ein Fehler beim Absenden des Formulars aufgetreten. Bitte \u00fcberpr\u00fcfen Sie alle Formularfelder erneut.<\/span><\/div><\/div>\n<\/div><\/div>\n\n\n\n<div class=\"wp-block-uagb-container uagb-block-0d083f6d alignfull uagb-is-root-container\"><div class=\"uagb-container-inner-blocks-wrap\">\n<div class=\"wp-block-uagb-advanced-heading uagb-block-3d5b51ad\"><h2 class=\"uagb-heading-text\">Kontakt<\/h2><\/div>\n\n\n\n<div class=\"wp-block-columns is-layout-flex wp-container-core-columns-is-layout-28f84493 wp-block-columns-is-layout-flex\">\n<div class=\"wp-block-column is-layout-flow wp-block-column-is-layout-flow\">\n<p class=\"has-ast-global-color-5-color has-text-color\"><strong>Patentanw\u00e4lte<br>Weisse, Moltmann &amp; Willems Part GmbB<\/strong><\/p>\n\n\n\n<p class=\"has-ast-global-color-6-color has-text-color has-link-color wp-elements-ada26d3b3c1c991f573322b88e04f14c\">Standort Velbert<br>Am Lomberg 13<br>42555 Velbert<br>Tel: +49 (0) 2052 \u2013 95010<br>Fax: +49 (0) 2052 \u2013 950111<br><a href=\"mailto:info@wmw-patent.de\">info[at]wmw-patent[dot]de<\/a><\/p>\n<\/div>\n\n\n\n<div class=\"wp-block-column is-layout-flow wp-block-column-is-layout-flow\">\n<p class=\"has-ast-global-color-5-color has-text-color\">B\u00fcrozeiten<br>Wir arbeiten in Gleitzeit.<br>Mo \u2013 Do: 09:00 \u2013 16:00 Uhr<br>Fr: 09:00 \u2013 14:00 Uhr<br>Termine nach Vereinbarung<\/p>\n<\/div>\n<\/div>\n<\/div><\/div>\n\n\n\n<div class=\"wp-block-uagb-container uagb-block-e237b3a9 alignfull uagb-is-root-container\"><div class=\"uagb-container-inner-blocks-wrap\">\n<div class=\"wp-block-uagb-advanced-heading uagb-block-8cf80115\"><h2 class=\"uagb-heading-text\">Anfahrt<\/h2><\/div>\n\n\n\n<p class=\"has-ast-global-color-5-color has-text-color\">Adresse f\u00fcr das Navigationsger\u00e4t:<br>Hellerkamp 17<br>42555 Velbert<br>(schr\u00e4g gegen\u00fcber)<\/p>\n<\/div><\/div>\n\n\n\n<div class=\"wp-block-uagb-container uagb-block-81a057bb alignfull uagb-is-root-container\">\n<iframe src=\"https:\/\/www.google.com\/maps\/embed?pb=!1m14!1m8!1m3!1d159482.70485641886!2d7.103403000000001!3d51.349432!3m2!1i1024!2i768!4f13.1!3m3!1m2!1s0x47b8dbd7c89f7e9f%3A0x2a92d5dacdb32ae7!2sPatentanw%C3%A4lte%20Weisse%2C%20Moltmann%20%26%20Willems!5e0!3m2!1sde!2sus!4v1699458473158!5m2!1sde!2sus\" width=\"100%\" height=\"450\" style=\"border:0;\" allowfullscreen=\"\" loading=\"lazy\" referrerpolicy=\"no-referrer-when-downgrade\"><\/iframe>\n<\/div>\n","protected":false},"excerpt":{"rendered":"<p>Nehmen Sie Kontakt auf Kontakt Patentanw\u00e4lteWeisse, Moltmann &amp; Willems Part GmbB Standort VelbertAm Lomberg 1342555 VelbertTel: +49 (0) 2052 \u2013 95010Fax: +49 (0) 2052 \u2013 950111info[at]wmw-patent[dot]de B\u00fcrozeitenWir arbeiten in Gleitzeit.Mo \u2013 Do: 09:00 \u2013 16:00 UhrFr: 09:00 \u2013 14:00 UhrTermine nach Vereinbarung Anfahrt Adresse f\u00fcr das Navigationsger\u00e4t:Hellerkamp 1742555 Velbert(schr\u00e4g gegen\u00fcber)<\/p>\n","protected":false},"author":1,"featured_media":0,"parent":0,"menu_order":0,"comment_status":"closed","ping_status":"closed","template":"","meta":{"inline_featured_image":false,"_uag_custom_page_level_css":"","site-sidebar-layout":"default","site-content-layout":"","ast-site-content-layout":"default","site-content-style":"default","site-sidebar-style":"default","ast-global-header-display":"","ast-banner-title-visibility":"","ast-main-header-display":"","ast-hfb-above-header-display":"","ast-hfb-below-header-display":"","ast-hfb-mobile-header-display":"","site-post-title":"disabled","ast-breadcrumbs-content":"","ast-featured-img":"","footer-sml-layout":"","theme-transparent-header-meta":"","adv-header-id-meta":"","stick-header-meta":"","header-above-stick-meta":"","header-main-stick-meta":"","header-below-stick-meta":"","astra-migrate-meta-layouts":"set","ast-page-background-enabled":"default","ast-page-background-meta":{"desktop":{"background-color":"var(--ast-global-color-4)","background-image":"","background-repeat":"repeat","background-position":"center center","background-size":"auto","background-attachment":"scroll","background-type":"","background-media":"","overlay-type":"","overlay-color":"","overlay-opacity":"","overlay-gradient":""},"tablet":{"background-color":"","background-image":"","background-repeat":"repeat","background-position":"center center","background-size":"auto","background-attachment":"scroll","background-type":"","background-media":"","overlay-type":"","overlay-color":"","overlay-opacity":"","overlay-gradient":""},"mobile":{"background-color":"","background-image":"","background-repeat":"repeat","background-position":"center center","background-size":"auto","background-attachment":"scroll","background-type":"","background-media":"","overlay-type":"","overlay-color":"","overlay-opacity":"","overlay-gradient":""}},"ast-content-background-meta":{"desktop":{"background-color":"var(--ast-global-color-5)","background-image":"","background-repeat":"repeat","background-position":"center center","background-size":"auto","background-attachment":"scroll","background-type":"","background-media":"","overlay-type":"","overlay-color":"","overlay-opacity":"","overlay-gradient":""},"tablet":{"background-color":"var(--ast-global-color-5)","background-image":"","background-repeat":"repeat","background-position":"center center","background-size":"auto","background-attachment":"scroll","background-type":"","background-media":"","overlay-type":"","overlay-color":"","overlay-opacity":"","overlay-gradient":""},"mobile":{"background-color":"var(--ast-global-color-5)","background-image":"","background-repeat":"repeat","background-position":"center center","background-size":"auto","background-attachment":"scroll","background-type":"","background-media":"","overlay-type":"","overlay-color":"","overlay-opacity":"","overlay-gradient":""}},"footnotes":""},"class_list":["post-10","page","type-page","status-publish","hentry"],"yoast_head":"<!-- This site is optimized with the Yoast SEO plugin v27.5 - https:\/\/yoast.com\/product\/yoast-seo-wordpress\/ -->\n<title>Velbert - Patentanw\u00e4lte Weisse, Moltmann &amp; Willems<\/title>\n<meta name=\"description\" content=\"NEHMEN SIE KONTAKT AUF | Name | Firmenname | Email | Nachricht\" \/>\n<meta name=\"robots\" content=\"index, follow, max-snippet:-1, max-image-preview:large, max-video-preview:-1\" \/>\n<link rel=\"canonical\" href=\"https:\/\/www.wmw-patent.de\/en\/velbert\/\" \/>\n<meta property=\"og:locale\" content=\"en_GB\" \/>\n<meta property=\"og:type\" content=\"article\" \/>\n<meta property=\"og:title\" content=\"Velbert - Patentanw\u00e4lte Weisse, Moltmann &amp; Willems\" \/>\n<meta property=\"og:description\" content=\"NEHMEN SIE KONTAKT AUF | Name | Firmenname | Email | Nachricht\" \/>\n<meta property=\"og:url\" content=\"https:\/\/www.wmw-patent.de\/en\/velbert\/\" \/>\n<meta property=\"og:site_name\" content=\"Patentanw\u00e4lte Weisse, Moltmann &amp; Willems\" \/>\n<meta property=\"article:modified_time\" content=\"2024-08-28T09:33:36+00:00\" \/>\n<meta name=\"twitter:card\" content=\"summary_large_image\" \/>\n<meta name=\"twitter:label1\" content=\"Est. reading time\" \/>\n\t<meta name=\"twitter:data1\" content=\"1 minute\" \/>\n<script type=\"application\/ld+json\" class=\"yoast-schema-graph\">{\"@context\":\"https:\\\/\\\/schema.org\",\"@graph\":[{\"@type\":\"WebPage\",\"@id\":\"https:\\\/\\\/www.wmw-patent.de\\\/velbert\\\/\",\"url\":\"https:\\\/\\\/www.wmw-patent.de\\\/velbert\\\/\",\"name\":\"Velbert - Patentanw\u00e4lte Weisse, Moltmann &amp; Willems\",\"isPartOf\":{\"@id\":\"https:\\\/\\\/www.wmw-patent.de\\\/en\\\/#website\"},\"datePublished\":\"2023-03-07T15:03:14+00:00\",\"dateModified\":\"2024-08-28T09:33:36+00:00\",\"description\":\"NEHMEN SIE KONTAKT AUF | Name | Firmenname | Email | Nachricht\",\"breadcrumb\":{\"@id\":\"https:\\\/\\\/www.wmw-patent.de\\\/velbert\\\/#breadcrumb\"},\"inLanguage\":\"en-GB\",\"potentialAction\":[{\"@type\":\"ReadAction\",\"target\":[\"https:\\\/\\\/www.wmw-patent.de\\\/velbert\\\/\"]}]},{\"@type\":\"BreadcrumbList\",\"@id\":\"https:\\\/\\\/www.wmw-patent.de\\\/velbert\\\/#breadcrumb\",\"itemListElement\":[{\"@type\":\"ListItem\",\"position\":1,\"name\":\"Startseite\",\"item\":\"https:\\\/\\\/www.wmw-patent.de\\\/\"},{\"@type\":\"ListItem\",\"position\":2,\"name\":\"Velbert\"}]},{\"@type\":\"WebSite\",\"@id\":\"https:\\\/\\\/www.wmw-patent.de\\\/en\\\/#website\",\"url\":\"https:\\\/\\\/www.wmw-patent.de\\\/en\\\/\",\"name\":\"Patentanw\u00e4lte Weisse, Moltmann &amp; Willems\",\"description\":\"Partnerschaftsgesellschaft\",\"publisher\":{\"@id\":\"https:\\\/\\\/www.wmw-patent.de\\\/en\\\/#organization\"},\"potentialAction\":[{\"@type\":\"SearchAction\",\"target\":{\"@type\":\"EntryPoint\",\"urlTemplate\":\"https:\\\/\\\/www.wmw-patent.de\\\/en\\\/?s={search_term_string}\"},\"query-input\":{\"@type\":\"PropertyValueSpecification\",\"valueRequired\":true,\"valueName\":\"search_term_string\"}}],\"inLanguage\":\"en-GB\"},{\"@type\":\"Organization\",\"@id\":\"https:\\\/\\\/www.wmw-patent.de\\\/en\\\/#organization\",\"name\":\"Patentanw\u00e4lte Weisse, Moltmann &amp; Willems\",\"url\":\"https:\\\/\\\/www.wmw-patent.de\\\/en\\\/\",\"logo\":{\"@type\":\"ImageObject\",\"inLanguage\":\"en-GB\",\"@id\":\"https:\\\/\\\/www.wmw-patent.de\\\/en\\\/#\\\/schema\\\/logo\\\/image\\\/\",\"url\":\"https:\\\/\\\/www.wmw-patent.de\\\/wp-content\\\/uploads\\\/2023\\\/08\\\/wmw-logo-quer.svg\",\"contentUrl\":\"https:\\\/\\\/www.wmw-patent.de\\\/wp-content\\\/uploads\\\/2023\\\/08\\\/wmw-logo-quer.svg\",\"width\":1063,\"height\":133,\"caption\":\"Patentanw\u00e4lte Weisse, Moltmann &amp; Willems\"},\"image\":{\"@id\":\"https:\\\/\\\/www.wmw-patent.de\\\/en\\\/#\\\/schema\\\/logo\\\/image\\\/\"}}]}<\/script>\n<!-- \/ Yoast SEO plugin. -->","yoast_head_json":{"title":"Velbert - Patentanw\u00e4lte Weisse, Moltmann &amp; Willems","description":"NEHMEN SIE KONTAKT AUF | Name | Firmenname | Email | Nachricht","robots":{"index":"index","follow":"follow","max-snippet":"max-snippet:-1","max-image-preview":"max-image-preview:large","max-video-preview":"max-video-preview:-1"},"canonical":"https:\/\/www.wmw-patent.de\/en\/velbert\/","og_locale":"en_GB","og_type":"article","og_title":"Velbert - Patentanw\u00e4lte Weisse, Moltmann &amp; Willems","og_description":"NEHMEN SIE KONTAKT AUF | Name | Firmenname | Email | Nachricht","og_url":"https:\/\/www.wmw-patent.de\/en\/velbert\/","og_site_name":"Patentanw\u00e4lte Weisse, Moltmann &amp; Willems","article_modified_time":"2024-08-28T09:33:36+00:00","twitter_card":"summary_large_image","twitter_misc":{"Est. reading time":"1 minute"},"schema":{"@context":"https:\/\/schema.org","@graph":[{"@type":"WebPage","@id":"https:\/\/www.wmw-patent.de\/velbert\/","url":"https:\/\/www.wmw-patent.de\/velbert\/","name":"Velbert - Patentanw\u00e4lte Weisse, Moltmann &amp; Willems","isPartOf":{"@id":"https:\/\/www.wmw-patent.de\/en\/#website"},"datePublished":"2023-03-07T15:03:14+00:00","dateModified":"2024-08-28T09:33:36+00:00","description":"NEHMEN SIE KONTAKT AUF | Name | Firmenname | Email | Nachricht","breadcrumb":{"@id":"https:\/\/www.wmw-patent.de\/velbert\/#breadcrumb"},"inLanguage":"en-GB","potentialAction":[{"@type":"ReadAction","target":["https:\/\/www.wmw-patent.de\/velbert\/"]}]},{"@type":"BreadcrumbList","@id":"https:\/\/www.wmw-patent.de\/velbert\/#breadcrumb","itemListElement":[{"@type":"ListItem","position":1,"name":"Startseite","item":"https:\/\/www.wmw-patent.de\/"},{"@type":"ListItem","position":2,"name":"Velbert"}]},{"@type":"WebSite","@id":"https:\/\/www.wmw-patent.de\/en\/#website","url":"https:\/\/www.wmw-patent.de\/en\/","name":"Patent Attorneys Weisse, Moltmann &amp; Willems","description":"Partnerschaftsgesellschaft","publisher":{"@id":"https:\/\/www.wmw-patent.de\/en\/#organization"},"potentialAction":[{"@type":"SearchAction","target":{"@type":"EntryPoint","urlTemplate":"https:\/\/www.wmw-patent.de\/en\/?s={search_term_string}"},"query-input":{"@type":"PropertyValueSpecification","valueRequired":true,"valueName":"search_term_string"}}],"inLanguage":"en-GB"},{"@type":"Organization","@id":"https:\/\/www.wmw-patent.de\/en\/#organization","name":"Patent Attorneys Weisse, Moltmann &amp; Willems","url":"https:\/\/www.wmw-patent.de\/en\/","logo":{"@type":"ImageObject","inLanguage":"en-GB","@id":"https:\/\/www.wmw-patent.de\/en\/#\/schema\/logo\/image\/","url":"https:\/\/www.wmw-patent.de\/wp-content\/uploads\/2023\/08\/wmw-logo-quer.svg","contentUrl":"https:\/\/www.wmw-patent.de\/wp-content\/uploads\/2023\/08\/wmw-logo-quer.svg","width":1063,"height":133,"caption":"Patentanw\u00e4lte Weisse, Moltmann &amp; Willems"},"image":{"@id":"https:\/\/www.wmw-patent.de\/en\/#\/schema\/logo\/image\/"}}]}},"uagb_featured_image_src":{"full":false,"thumbnail":false,"medium":false,"medium_large":false,"large":false,"1536x1536":false,"2048x2048":false,"trp-custom-language-flag":false},"uagb_author_info":{"display_name":"admin","author_link":"https:\/\/www.wmw-patent.de\/en\/author\/admin\/"},"uagb_comment_info":0,"uagb_excerpt":"Nehmen Sie Kontakt auf Kontakt Patentanw\u00e4lteWeisse, Moltmann &amp; Willems Part GmbB Standort VelbertAm Lomberg 1342555 VelbertTel: +49 (0) 2052 \u2013 95010Fax: +49 (0) 2052 \u2013 950111info[at]wmw-patent[dot]de B\u00fcrozeitenWir arbeiten in Gleitzeit.Mo \u2013 Do: 09:00 \u2013 16:00 UhrFr: 09:00 \u2013 14:00 UhrTermine nach Vereinbarung Anfahrt Adresse f\u00fcr das Navigationsger\u00e4t:Hellerkamp 1742555 Velbert(schr\u00e4g gegen\u00fcber)","_links":{"self":[{"href":"https:\/\/www.wmw-patent.de\/en\/wp-json\/wp\/v2\/pages\/10","targetHints":{"allow":["GET"]}}],"collection":[{"href":"https:\/\/www.wmw-patent.de\/en\/wp-json\/wp\/v2\/pages"}],"about":[{"href":"https:\/\/www.wmw-patent.de\/en\/wp-json\/wp\/v2\/types\/page"}],"author":[{"embeddable":true,"href":"https:\/\/www.wmw-patent.de\/en\/wp-json\/wp\/v2\/users\/1"}],"replies":[{"embeddable":true,"href":"https:\/\/www.wmw-patent.de\/en\/wp-json\/wp\/v2\/comments?post=10"}],"version-history":[{"count":10,"href":"https:\/\/www.wmw-patent.de\/en\/wp-json\/wp\/v2\/pages\/10\/revisions"}],"predecessor-version":[{"id":3101,"href":"https:\/\/www.wmw-patent.de\/en\/wp-json\/wp\/v2\/pages\/10\/revisions\/3101"}],"wp:attachment":[{"href":"https:\/\/www.wmw-patent.de\/en\/wp-json\/wp\/v2\/media?parent=10"}],"curies":[{"name":"wp","href":"https:\/\/api.w.org\/{rel}","templated":true}]}}