{"id":1470,"date":"2023-07-28T11:25:11","date_gmt":"2023-07-28T11:25:11","guid":{"rendered":"https:\/\/www.wmw-patent.de\/?page_id=1470"},"modified":"2024-08-28T14:30:34","modified_gmt":"2024-08-28T14:30:34","slug":"philip-weisse-2","status":"publish","type":"page","link":"https:\/\/www.wmw-patent.de\/en\/philip-weisse-2\/","title":{"rendered":"Philip Weisse"},"content":{"rendered":"<div class=\"wp-block-uagb-container uagb-block-1a88694b alignfull uagb-is-root-container\">\n<div class=\"wp-block-cover alignfull is-light\" style=\"min-height:60vh;aspect-ratio:unset;\"><span aria-hidden=\"true\" class=\"wp-block-cover__background has-background-dim-0 has-background-dim\"><\/span><img loading=\"lazy\" decoding=\"async\" width=\"1920\" height=\"788\" class=\"wp-block-cover__image-background wp-image-2957\" alt=\"\" src=\"https:\/\/www.wmw-patent.de\/wp-content\/uploads\/2023\/11\/neu_Philip_Weisse.jpg\" style=\"object-position:70% 11%\" data-object-fit=\"cover\" data-object-position=\"70% 11%\" srcset=\"https:\/\/www.wmw-patent.de\/wp-content\/uploads\/2023\/11\/neu_Philip_Weisse.jpg 1920w, https:\/\/www.wmw-patent.de\/wp-content\/uploads\/2023\/11\/neu_Philip_Weisse-300x123.jpg 300w, https:\/\/www.wmw-patent.de\/wp-content\/uploads\/2023\/11\/neu_Philip_Weisse-1024x420.jpg 1024w, https:\/\/www.wmw-patent.de\/wp-content\/uploads\/2023\/11\/neu_Philip_Weisse-768x315.jpg 768w, https:\/\/www.wmw-patent.de\/wp-content\/uploads\/2023\/11\/neu_Philip_Weisse-1536x630.jpg 1536w, https:\/\/www.wmw-patent.de\/wp-content\/uploads\/2023\/11\/neu_Philip_Weisse-18x7.jpg 18w\" sizes=\"auto, (max-width: 1920px) 100vw, 1920px\" \/><div class=\"wp-block-cover__inner-container is-layout-flow wp-block-cover-is-layout-flow\">\n<p class=\"has-text-align-center has-large-font-size\"><\/p>\n<\/div><\/div>\n<\/div>\n\n\n\n<div class=\"wp-block-uagb-container uagb-block-ac7e8931 alignfull uagb-is-root-container\"><div class=\"uagb-container-inner-blocks-wrap\">\n<h2 class=\"wp-block-heading has-text-align-left\">Philip Weisse<\/h2>\n\n\n\n<p>Philip Weisse studied mechanical engineering at RWTH Aachen University, where he graduated with a Master of Science degree. His master\u2019s thesis concerned research into profiled fibers in the textile industry with regard to their sound absorption.<\/p>\n\n\n\n<p>He also acquired extensive knowledge in the field of driver assistance systems and autonomous driving by working for almost two years in the patent department of a major automotive supplier. Furthermore, this employment provided him with valuable insights into the innovation culture and strategy of an industrial corporation. <\/p>\n\n\n\n<p>He completed his training as a patent attorney at a reputable law firm in Berlin. During this time, he consulted, among others, universities and companies in the field of mechanical and plant engineering. He was admitted as a patent attorney in October 2022 and joined WMW as a partner immediately thereafter.<\/p>\n\n\n\n<p><\/p>\n\n\n\n<p>Member of: VDI Association of German Engineers e.V.; epi; FICPI; Association of Patent Attorneys in North Rhine-Westphalia<\/p>\n\n\n\n<p><\/p>\n\n\n\n<p><strong>Technical Fields<\/strong><\/p>\n\n\n\n<div class=\"wp-block-columns is-layout-flex wp-container-core-columns-is-layout-e1fea541 wp-block-columns-is-layout-flex\" style=\"margin-top:var(--wp--preset--spacing--50)\">\n<div class=\"wp-block-column is-layout-flow wp-block-column-is-layout-flow\" style=\"flex-basis:25%\">\n<figure class=\"wp-block-image size-full\"><img loading=\"lazy\" decoding=\"async\" width=\"522\" height=\"717\" src=\"https:\/\/www.wmw-patent.de\/wp-content\/uploads\/2023\/10\/p.weisse-profil.jpg\" alt=\"Profil Philip Weisse\" class=\"wp-image-1879\" srcset=\"https:\/\/www.wmw-patent.de\/wp-content\/uploads\/2023\/10\/p.weisse-profil.jpg 522w, https:\/\/www.wmw-patent.de\/wp-content\/uploads\/2023\/10\/p.weisse-profil-218x300.jpg 218w\" sizes=\"auto, (max-width: 522px) 100vw, 522px\" \/><\/figure>\n<\/div>\n\n\n\n<div class=\"wp-block-column is-layout-flow wp-block-column-is-layout-flow\">\n<ul class=\"wp-block-list\">\n<li>Computer-implemented inventions<\/li>\n\n\n\n<li>Mechanical and plant engineering<\/li>\n\n\n\n<li>Textile technology<\/li>\n\n\n\n<li>Acoustics<\/li>\n\n\n\n<li>Automotive engineering<\/li>\n\n\n\n<li>Driving assistance systems, autonomous driving<\/li>\n\n\n\n<li>Artificial intelligence<\/li>\n\n\n\n<li>Materials engineering<\/li>\n\n\n\n<li>Production engineering<\/li>\n<\/ul>\n<\/div>\n<\/div>\n<\/div><\/div>","protected":false},"excerpt":{"rendered":"<p>Philip Weisse Philip Weisse studierte Maschinenbau an der RWTH Aachen University und erwarb dort den Abschluss \u201eMaster of Science\u201c. Seine Masterarbeit befasste sich mit der Erforschung von Profilfasern in der Textilindustrie im Hinblick auf deren Schallabsorption. Durch eine fast zweij\u00e4hrige T\u00e4tigkeit in der Patentabteilung eines gro\u00dfen Automobilzulieferers erlangte er zudem umfassende Expertise im Bereich von Fahrassistenzsystemen bzw. autonomes Fahren. Dar\u00fcber hinaus gew\u00e4hrte ihm diese T\u00e4tigkeit wertvolle Einblicke in die Innovationskultur [&hellip;]<\/p>\n","protected":false},"author":1,"featured_media":0,"parent":0,"menu_order":0,"comment_status":"closed","ping_status":"closed","template":"","meta":{"inline_featured_image":false,"_uag_custom_page_level_css":"","site-sidebar-layout":"default","site-content-layout":"","ast-site-content-layout":"default","site-content-style":"default","site-sidebar-style":"default","ast-global-header-display":"","ast-banner-title-visibility":"","ast-main-header-display":"","ast-hfb-above-header-display":"","ast-hfb-below-header-display":"","ast-hfb-mobile-header-display":"","site-post-title":"disabled","ast-breadcrumbs-content":"","ast-featured-img":"","footer-sml-layout":"","theme-transparent-header-meta":"","adv-header-id-meta":"","stick-header-meta":"","header-above-stick-meta":"","header-main-stick-meta":"","header-below-stick-meta":"","astra-migrate-meta-layouts":"set","ast-page-background-enabled":"default","ast-page-background-meta":{"desktop":{"background-color":"var(--ast-global-color-4)","background-image":"","background-repeat":"repeat","background-position":"center center","background-size":"auto","background-attachment":"scroll","background-type":"","background-media":"","overlay-type":"","overlay-color":"","overlay-opacity":"","overlay-gradient":""},"tablet":{"background-color":"","background-image":"","background-repeat":"repeat","background-position":"center center","background-size":"auto","background-attachment":"scroll","background-type":"","background-media":"","overlay-type":"","overlay-color":"","overlay-opacity":"","overlay-gradient":""},"mobile":{"background-color":"","background-image":"","background-repeat":"repeat","background-position":"center center","background-size":"auto","background-attachment":"scroll","background-type":"","background-media":"","overlay-type":"","overlay-color":"","overlay-opacity":"","overlay-gradient":""}},"ast-content-background-meta":{"desktop":{"background-color":"var(--ast-global-color-5)","background-image":"","background-repeat":"repeat","background-position":"center center","background-size":"auto","background-attachment":"scroll","background-type":"","background-media":"","overlay-type":"","overlay-color":"","overlay-opacity":"","overlay-gradient":""},"tablet":{"background-color":"var(--ast-global-color-5)","background-image":"","background-repeat":"repeat","background-position":"center center","background-size":"auto","background-attachment":"scroll","background-type":"","background-media":"","overlay-type":"","overlay-color":"","overlay-opacity":"","overlay-gradient":""},"mobile":{"background-color":"var(--ast-global-color-5)","background-image":"","background-repeat":"repeat","background-position":"center center","background-size":"auto","background-attachment":"scroll","background-type":"","background-media":"","overlay-type":"","overlay-color":"","overlay-opacity":"","overlay-gradient":""}},"footnotes":""},"class_list":["post-1470","page","type-page","status-publish","hentry"],"yoast_head":"<!-- This site is optimized with the Yoast SEO plugin v27.4 - https:\/\/yoast.com\/product\/yoast-seo-wordpress\/ -->\n<title>Philip Weisse - Patentanw\u00e4lte Weisse, Moltmann &amp; Willems<\/title>\n<meta name=\"description\" content=\"Philip Weisse studierte Maschinenbau an der RWTH Aachen University und erwarb dort den Abschluss \u201eMaster of Science\u201c. Seine Ausbildung zum Patentanwalt hat er bei einer renommierten Berliner Rechts- und Patentanwaltskanzlei absolviert. W\u00e4hrend dieser Zeit hat er unter anderem Universit\u00e4ten und Unternehmen aus dem Bereich Maschinen- und Anlagenbau betreuen d\u00fcrfen.\" \/>\n<meta name=\"robots\" content=\"index, follow, max-snippet:-1, max-image-preview:large, max-video-preview:-1\" \/>\n<link rel=\"canonical\" href=\"https:\/\/www.wmw-patent.de\/en\/philip-weisse-2\/\" \/>\n<meta property=\"og:locale\" content=\"en_GB\" \/>\n<meta property=\"og:type\" content=\"article\" \/>\n<meta property=\"og:title\" content=\"Philip Weisse - Patentanw\u00e4lte Weisse, Moltmann &amp; Willems\" \/>\n<meta property=\"og:description\" content=\"Philip Weisse studierte Maschinenbau an der RWTH Aachen University und erwarb dort den Abschluss \u201eMaster of Science\u201c. Seine Ausbildung zum Patentanwalt hat er bei einer renommierten Berliner Rechts- und Patentanwaltskanzlei absolviert. W\u00e4hrend dieser Zeit hat er unter anderem Universit\u00e4ten und Unternehmen aus dem Bereich Maschinen- und Anlagenbau betreuen d\u00fcrfen.\" \/>\n<meta property=\"og:url\" content=\"https:\/\/www.wmw-patent.de\/en\/philip-weisse-2\/\" \/>\n<meta property=\"og:site_name\" content=\"Patentanw\u00e4lte Weisse, Moltmann &amp; Willems\" \/>\n<meta property=\"article:modified_time\" content=\"2024-08-28T14:30:34+00:00\" \/>\n<meta property=\"og:image\" content=\"https:\/\/www.wmw-patent.de\/wp-content\/uploads\/2023\/11\/neu_Philip_Weisse.jpg\" \/>\n<meta name=\"twitter:card\" content=\"summary_large_image\" \/>\n<meta name=\"twitter:label1\" content=\"Est. reading time\" \/>\n\t<meta name=\"twitter:data1\" content=\"2 minutes\" \/>\n<script type=\"application\/ld+json\" class=\"yoast-schema-graph\">{\"@context\":\"https:\\\/\\\/schema.org\",\"@graph\":[{\"@type\":\"WebPage\",\"@id\":\"https:\\\/\\\/www.wmw-patent.de\\\/philip-weisse-2\\\/\",\"url\":\"https:\\\/\\\/www.wmw-patent.de\\\/philip-weisse-2\\\/\",\"name\":\"Philip Weisse - Patentanw\u00e4lte Weisse, Moltmann &amp; Willems\",\"isPartOf\":{\"@id\":\"https:\\\/\\\/www.wmw-patent.de\\\/en\\\/#website\"},\"primaryImageOfPage\":{\"@id\":\"https:\\\/\\\/www.wmw-patent.de\\\/philip-weisse-2\\\/#primaryimage\"},\"image\":{\"@id\":\"https:\\\/\\\/www.wmw-patent.de\\\/philip-weisse-2\\\/#primaryimage\"},\"thumbnailUrl\":\"https:\\\/\\\/www.wmw-patent.de\\\/wp-content\\\/uploads\\\/2023\\\/11\\\/neu_Philip_Weisse.jpg\",\"datePublished\":\"2023-07-28T11:25:11+00:00\",\"dateModified\":\"2024-08-28T14:30:34+00:00\",\"description\":\"Philip Weisse studierte Maschinenbau an der RWTH Aachen University und erwarb dort den Abschluss \u201eMaster of Science\u201c. Seine Ausbildung zum Patentanwalt hat er bei einer renommierten Berliner Rechts- und Patentanwaltskanzlei absolviert. W\u00e4hrend dieser Zeit hat er unter anderem Universit\u00e4ten und Unternehmen aus dem Bereich Maschinen- und Anlagenbau betreuen d\u00fcrfen.\",\"breadcrumb\":{\"@id\":\"https:\\\/\\\/www.wmw-patent.de\\\/philip-weisse-2\\\/#breadcrumb\"},\"inLanguage\":\"en-GB\",\"potentialAction\":[{\"@type\":\"ReadAction\",\"target\":[\"https:\\\/\\\/www.wmw-patent.de\\\/philip-weisse-2\\\/\"]}]},{\"@type\":\"ImageObject\",\"inLanguage\":\"en-GB\",\"@id\":\"https:\\\/\\\/www.wmw-patent.de\\\/philip-weisse-2\\\/#primaryimage\",\"url\":\"https:\\\/\\\/www.wmw-patent.de\\\/wp-content\\\/uploads\\\/2023\\\/11\\\/neu_Philip_Weisse.jpg\",\"contentUrl\":\"https:\\\/\\\/www.wmw-patent.de\\\/wp-content\\\/uploads\\\/2023\\\/11\\\/neu_Philip_Weisse.jpg\"},{\"@type\":\"BreadcrumbList\",\"@id\":\"https:\\\/\\\/www.wmw-patent.de\\\/philip-weisse-2\\\/#breadcrumb\",\"itemListElement\":[{\"@type\":\"ListItem\",\"position\":1,\"name\":\"Startseite\",\"item\":\"https:\\\/\\\/www.wmw-patent.de\\\/\"},{\"@type\":\"ListItem\",\"position\":2,\"name\":\"Philip Weisse\"}]},{\"@type\":\"WebSite\",\"@id\":\"https:\\\/\\\/www.wmw-patent.de\\\/en\\\/#website\",\"url\":\"https:\\\/\\\/www.wmw-patent.de\\\/en\\\/\",\"name\":\"Patentanw\u00e4lte Weisse, Moltmann &amp; Willems\",\"description\":\"Partnerschaftsgesellschaft\",\"publisher\":{\"@id\":\"https:\\\/\\\/www.wmw-patent.de\\\/en\\\/#organization\"},\"potentialAction\":[{\"@type\":\"SearchAction\",\"target\":{\"@type\":\"EntryPoint\",\"urlTemplate\":\"https:\\\/\\\/www.wmw-patent.de\\\/en\\\/?s={search_term_string}\"},\"query-input\":{\"@type\":\"PropertyValueSpecification\",\"valueRequired\":true,\"valueName\":\"search_term_string\"}}],\"inLanguage\":\"en-GB\"},{\"@type\":\"Organization\",\"@id\":\"https:\\\/\\\/www.wmw-patent.de\\\/en\\\/#organization\",\"name\":\"Patentanw\u00e4lte Weisse, Moltmann &amp; Willems\",\"url\":\"https:\\\/\\\/www.wmw-patent.de\\\/en\\\/\",\"logo\":{\"@type\":\"ImageObject\",\"inLanguage\":\"en-GB\",\"@id\":\"https:\\\/\\\/www.wmw-patent.de\\\/en\\\/#\\\/schema\\\/logo\\\/image\\\/\",\"url\":\"https:\\\/\\\/www.wmw-patent.de\\\/wp-content\\\/uploads\\\/2023\\\/08\\\/wmw-logo-quer.svg\",\"contentUrl\":\"https:\\\/\\\/www.wmw-patent.de\\\/wp-content\\\/uploads\\\/2023\\\/08\\\/wmw-logo-quer.svg\",\"width\":1063,\"height\":133,\"caption\":\"Patentanw\u00e4lte Weisse, Moltmann &amp; Willems\"},\"image\":{\"@id\":\"https:\\\/\\\/www.wmw-patent.de\\\/en\\\/#\\\/schema\\\/logo\\\/image\\\/\"}}]}<\/script>\n<!-- \/ Yoast SEO plugin. -->","yoast_head_json":{"title":"Philip Weisse - Patentanw\u00e4lte Weisse, Moltmann &amp; Willems","description":"Philip Weisse studierte Maschinenbau an der RWTH Aachen University und erwarb dort den Abschluss \u201eMaster of Science\u201c. Seine Ausbildung zum Patentanwalt hat er bei einer renommierten Berliner Rechts- und Patentanwaltskanzlei absolviert. W\u00e4hrend dieser Zeit hat er unter anderem Universit\u00e4ten und Unternehmen aus dem Bereich Maschinen- und Anlagenbau betreuen d\u00fcrfen.","robots":{"index":"index","follow":"follow","max-snippet":"max-snippet:-1","max-image-preview":"max-image-preview:large","max-video-preview":"max-video-preview:-1"},"canonical":"https:\/\/www.wmw-patent.de\/en\/philip-weisse-2\/","og_locale":"en_GB","og_type":"article","og_title":"Philip Weisse - Patentanw\u00e4lte Weisse, Moltmann &amp; Willems","og_description":"Philip Weisse studierte Maschinenbau an der RWTH Aachen University und erwarb dort den Abschluss \u201eMaster of Science\u201c. Seine Ausbildung zum Patentanwalt hat er bei einer renommierten Berliner Rechts- und Patentanwaltskanzlei absolviert. W\u00e4hrend dieser Zeit hat er unter anderem Universit\u00e4ten und Unternehmen aus dem Bereich Maschinen- und Anlagenbau betreuen d\u00fcrfen.","og_url":"https:\/\/www.wmw-patent.de\/en\/philip-weisse-2\/","og_site_name":"Patentanw\u00e4lte Weisse, Moltmann &amp; Willems","article_modified_time":"2024-08-28T14:30:34+00:00","og_image":[{"url":"https:\/\/www.wmw-patent.de\/wp-content\/uploads\/2023\/11\/neu_Philip_Weisse.jpg","type":"","width":"","height":""}],"twitter_card":"summary_large_image","twitter_misc":{"Est. reading time":"2 minutes"},"schema":{"@context":"https:\/\/schema.org","@graph":[{"@type":"WebPage","@id":"https:\/\/www.wmw-patent.de\/philip-weisse-2\/","url":"https:\/\/www.wmw-patent.de\/philip-weisse-2\/","name":"Philip Weisse - Patentanw\u00e4lte Weisse, Moltmann &amp; Willems","isPartOf":{"@id":"https:\/\/www.wmw-patent.de\/en\/#website"},"primaryImageOfPage":{"@id":"https:\/\/www.wmw-patent.de\/philip-weisse-2\/#primaryimage"},"image":{"@id":"https:\/\/www.wmw-patent.de\/philip-weisse-2\/#primaryimage"},"thumbnailUrl":"https:\/\/www.wmw-patent.de\/wp-content\/uploads\/2023\/11\/neu_Philip_Weisse.jpg","datePublished":"2023-07-28T11:25:11+00:00","dateModified":"2024-08-28T14:30:34+00:00","description":"Philip Weisse studierte Maschinenbau an der RWTH Aachen University und erwarb dort den Abschluss \u201eMaster of Science\u201c. Seine Ausbildung zum Patentanwalt hat er bei einer renommierten Berliner Rechts- und Patentanwaltskanzlei absolviert. W\u00e4hrend dieser Zeit hat er unter anderem Universit\u00e4ten und Unternehmen aus dem Bereich Maschinen- und Anlagenbau betreuen d\u00fcrfen.","breadcrumb":{"@id":"https:\/\/www.wmw-patent.de\/philip-weisse-2\/#breadcrumb"},"inLanguage":"en-GB","potentialAction":[{"@type":"ReadAction","target":["https:\/\/www.wmw-patent.de\/philip-weisse-2\/"]}]},{"@type":"ImageObject","inLanguage":"en-GB","@id":"https:\/\/www.wmw-patent.de\/philip-weisse-2\/#primaryimage","url":"https:\/\/www.wmw-patent.de\/wp-content\/uploads\/2023\/11\/neu_Philip_Weisse.jpg","contentUrl":"https:\/\/www.wmw-patent.de\/wp-content\/uploads\/2023\/11\/neu_Philip_Weisse.jpg"},{"@type":"BreadcrumbList","@id":"https:\/\/www.wmw-patent.de\/philip-weisse-2\/#breadcrumb","itemListElement":[{"@type":"ListItem","position":1,"name":"Startseite","item":"https:\/\/www.wmw-patent.de\/"},{"@type":"ListItem","position":2,"name":"Philip Weisse"}]},{"@type":"WebSite","@id":"https:\/\/www.wmw-patent.de\/en\/#website","url":"https:\/\/www.wmw-patent.de\/en\/","name":"Patent Attorneys Weisse, Moltmann &amp; Willems","description":"Partnerschaftsgesellschaft","publisher":{"@id":"https:\/\/www.wmw-patent.de\/en\/#organization"},"potentialAction":[{"@type":"SearchAction","target":{"@type":"EntryPoint","urlTemplate":"https:\/\/www.wmw-patent.de\/en\/?s={search_term_string}"},"query-input":{"@type":"PropertyValueSpecification","valueRequired":true,"valueName":"search_term_string"}}],"inLanguage":"en-GB"},{"@type":"Organization","@id":"https:\/\/www.wmw-patent.de\/en\/#organization","name":"Patent Attorneys Weisse, Moltmann &amp; Willems","url":"https:\/\/www.wmw-patent.de\/en\/","logo":{"@type":"ImageObject","inLanguage":"en-GB","@id":"https:\/\/www.wmw-patent.de\/en\/#\/schema\/logo\/image\/","url":"https:\/\/www.wmw-patent.de\/wp-content\/uploads\/2023\/08\/wmw-logo-quer.svg","contentUrl":"https:\/\/www.wmw-patent.de\/wp-content\/uploads\/2023\/08\/wmw-logo-quer.svg","width":1063,"height":133,"caption":"Patentanw\u00e4lte Weisse, Moltmann &amp; Willems"},"image":{"@id":"https:\/\/www.wmw-patent.de\/en\/#\/schema\/logo\/image\/"}}]}},"uagb_featured_image_src":{"full":false,"thumbnail":false,"medium":false,"medium_large":false,"large":false,"1536x1536":false,"2048x2048":false,"trp-custom-language-flag":false},"uagb_author_info":{"display_name":"admin","author_link":"https:\/\/www.wmw-patent.de\/en\/author\/admin\/"},"uagb_comment_info":0,"uagb_excerpt":"Philip Weisse Philip Weisse studierte Maschinenbau an der RWTH Aachen University und erwarb dort den Abschluss \u201eMaster of Science\u201c. Seine Masterarbeit befasste sich mit der Erforschung von Profilfasern in der Textilindustrie im Hinblick auf deren Schallabsorption. Durch eine fast zweij\u00e4hrige T\u00e4tigkeit in der Patentabteilung eines gro\u00dfen Automobilzulieferers erlangte er zudem umfassende Expertise im Bereich von&hellip;","_links":{"self":[{"href":"https:\/\/www.wmw-patent.de\/en\/wp-json\/wp\/v2\/pages\/1470","targetHints":{"allow":["GET"]}}],"collection":[{"href":"https:\/\/www.wmw-patent.de\/en\/wp-json\/wp\/v2\/pages"}],"about":[{"href":"https:\/\/www.wmw-patent.de\/en\/wp-json\/wp\/v2\/types\/page"}],"author":[{"embeddable":true,"href":"https:\/\/www.wmw-patent.de\/en\/wp-json\/wp\/v2\/users\/1"}],"replies":[{"embeddable":true,"href":"https:\/\/www.wmw-patent.de\/en\/wp-json\/wp\/v2\/comments?post=1470"}],"version-history":[{"count":27,"href":"https:\/\/www.wmw-patent.de\/en\/wp-json\/wp\/v2\/pages\/1470\/revisions"}],"predecessor-version":[{"id":3111,"href":"https:\/\/www.wmw-patent.de\/en\/wp-json\/wp\/v2\/pages\/1470\/revisions\/3111"}],"wp:attachment":[{"href":"https:\/\/www.wmw-patent.de\/en\/wp-json\/wp\/v2\/media?parent=1470"}],"curies":[{"name":"wp","href":"https:\/\/api.w.org\/{rel}","templated":true}]}}