{"id":1471,"date":"2023-07-28T11:13:35","date_gmt":"2023-07-28T11:13:35","guid":{"rendered":"https:\/\/www.wmw-patent.de\/?page_id=1471"},"modified":"2024-01-09T15:40:50","modified_gmt":"2024-01-09T15:40:50","slug":"nicolas-moltmann-2","status":"publish","type":"page","link":"https:\/\/www.wmw-patent.de\/en\/nicolas-moltmann-2\/","title":{"rendered":"Nicolas Moltmann"},"content":{"rendered":"<div class=\"wp-block-uagb-container uagb-block-50eb3a91 alignfull uagb-is-root-container\">\n<div class=\"wp-block-cover alignfull is-light\" style=\"min-height:60vh;aspect-ratio:unset;\"><span aria-hidden=\"true\" class=\"wp-block-cover__background has-background-dim-0 has-background-dim\"><\/span><img loading=\"lazy\" decoding=\"async\" width=\"1920\" height=\"788\" class=\"wp-block-cover__image-background wp-image-2980\" alt=\"\" src=\"https:\/\/www.wmw-patent.de\/wp-content\/uploads\/2023\/11\/neu_Nico-Moltmann.jpg\" style=\"object-position:20% 28%\" data-object-fit=\"cover\" data-object-position=\"20% 28%\" srcset=\"https:\/\/www.wmw-patent.de\/wp-content\/uploads\/2023\/11\/neu_Nico-Moltmann.jpg 1920w, https:\/\/www.wmw-patent.de\/wp-content\/uploads\/2023\/11\/neu_Nico-Moltmann-300x123.jpg 300w, https:\/\/www.wmw-patent.de\/wp-content\/uploads\/2023\/11\/neu_Nico-Moltmann-1024x420.jpg 1024w, https:\/\/www.wmw-patent.de\/wp-content\/uploads\/2023\/11\/neu_Nico-Moltmann-768x315.jpg 768w, https:\/\/www.wmw-patent.de\/wp-content\/uploads\/2023\/11\/neu_Nico-Moltmann-1536x630.jpg 1536w, https:\/\/www.wmw-patent.de\/wp-content\/uploads\/2023\/11\/neu_Nico-Moltmann-18x7.jpg 18w\" sizes=\"auto, (max-width: 1920px) 100vw, 1920px\" \/><div class=\"wp-block-cover__inner-container is-layout-flow wp-block-cover-is-layout-flow\">\n<p class=\"has-text-align-center has-large-font-size\"><\/p>\n<\/div><\/div>\n<\/div>\n\n\n\n<div class=\"wp-block-uagb-container uagb-block-b9cc0200 alignfull uagb-is-root-container\"><div class=\"uagb-container-inner-blocks-wrap\">\n<h2 class=\"wp-block-heading has-text-align-left\">Nicolas Moltmann<\/h2>\n\n\n\n<p>Nicolas Moltmann studied physics and computer science at the Technical University of Berlin. In his thesis, he examined the suitability of spectral ellipsometry \u2013 an optical measurement technique \u2013 for the characterization of thin film semiconductors<\/p>\n\n\n\n<p>During his studies, Nicolas Moltmann worked as a tutor for students designing and building demonstration experiments. During his period of employment at the radiation measuring station in Berlin, he expanded his knowledge of the computer-aided measurement technology used to determine radiation exposure.<\/p>\n\n\n\n<p>Starting in 2006, Nicolas Moltmann worked as a patent professional for the Weisse &amp; Wolgast law office. In 2009, he began training to become a patent attorney at the Weisse &amp; Wolgast law office, the German Patent and Trade Mark Office, and the Federal Patent Court. In 2012, Nicolas Moltmann received his license as a German patent attorney. Together with J\u00f6rg Weisse and Volker Willems, he founded the Weisse, Moltmann &amp; Willems Partnerschaftsgesellschaft in 2013.<\/p>\n\n\n\n<p>Member of the German Association of Intellectual Property Experts (VPP), International Federation of Intellectual Property Attorneys (FICPI), German Chamber of Patent Attorneys, German Physical Society (DPG)<\/p>\n\n\n\n<p><\/p>\n\n\n\n<p><strong>Technical Fields<\/strong><\/p>\n\n\n\n<div class=\"wp-block-columns is-layout-flex wp-container-core-columns-is-layout-e1fea541 wp-block-columns-is-layout-flex\" style=\"margin-top:var(--wp--preset--spacing--50)\">\n<div class=\"wp-block-column is-layout-flow wp-block-column-is-layout-flow\" style=\"flex-basis:25%\">\n<figure class=\"wp-block-image size-full\"><img loading=\"lazy\" decoding=\"async\" width=\"522\" height=\"717\" src=\"https:\/\/www.wmw-patent.de\/wp-content\/uploads\/2023\/10\/n.moltmann-profil.jpg\" alt=\"\" class=\"wp-image-1881\" srcset=\"https:\/\/www.wmw-patent.de\/wp-content\/uploads\/2023\/10\/n.moltmann-profil.jpg 522w, https:\/\/www.wmw-patent.de\/wp-content\/uploads\/2023\/10\/n.moltmann-profil-218x300.jpg 218w\" sizes=\"auto, (max-width: 522px) 100vw, 522px\" \/><\/figure>\n<\/div>\n\n\n\n<div class=\"wp-block-column is-layout-flow wp-block-column-is-layout-flow\">\n<ul class=\"wp-block-list\">\n<li>Optics<\/li>\n\n\n\n<li>Electronics<\/li>\n\n\n\n<li>Security and lock technology<\/li>\n\n\n\n<li>Mechanical engineering and toolmaking<\/li>\n\n\n\n<li>Automotive engineering<\/li>\n\n\n\n<li>Communication engineering and information technology <\/li>\n\n\n\n<li>Semiconductor technology<\/li>\n<\/ul>\n<\/div>\n<\/div>\n<\/div><\/div>","protected":false},"excerpt":{"rendered":"<p>Nicolas Moltmann Nicolas Moltmann hat an der Technischen Universit\u00e4t Berlin Physik und Informatik studiert. In seiner Diplomarbeit untersuchte er die Eignung der spektralen Ellipsometrie \u2013 einem optischen Messverfahren \u2013 zur Charakterisierung von d\u00fcnnen Halbleiterschichten. Bereits w\u00e4hrend des Studiums war Nicolas Moltmann als Tutor beim Entwurf und Aufbau von Demonstrationsexperimenten t\u00e4tig. W\u00e4hrend seiner Berufst\u00e4tigkeit bei der Strahlenmessstelle Berlin vertiefte er seine Kenntnisse in der computergest\u00fctzten Messtechnik zur Bestimmung von radiologischen Belastungen. [&hellip;]<\/p>\n","protected":false},"author":1,"featured_media":0,"parent":0,"menu_order":0,"comment_status":"closed","ping_status":"closed","template":"","meta":{"inline_featured_image":false,"_uag_custom_page_level_css":"","site-sidebar-layout":"default","site-content-layout":"","ast-site-content-layout":"default","site-content-style":"default","site-sidebar-style":"default","ast-global-header-display":"","ast-banner-title-visibility":"","ast-main-header-display":"","ast-hfb-above-header-display":"","ast-hfb-below-header-display":"","ast-hfb-mobile-header-display":"","site-post-title":"disabled","ast-breadcrumbs-content":"","ast-featured-img":"","footer-sml-layout":"","theme-transparent-header-meta":"","adv-header-id-meta":"","stick-header-meta":"","header-above-stick-meta":"","header-main-stick-meta":"","header-below-stick-meta":"","astra-migrate-meta-layouts":"set","ast-page-background-enabled":"default","ast-page-background-meta":{"desktop":{"background-color":"var(--ast-global-color-4)","background-image":"","background-repeat":"repeat","background-position":"center center","background-size":"auto","background-attachment":"scroll","background-type":"","background-media":"","overlay-type":"","overlay-color":"","overlay-opacity":"","overlay-gradient":""},"tablet":{"background-color":"","background-image":"","background-repeat":"repeat","background-position":"center center","background-size":"auto","background-attachment":"scroll","background-type":"","background-media":"","overlay-type":"","overlay-color":"","overlay-opacity":"","overlay-gradient":""},"mobile":{"background-color":"","background-image":"","background-repeat":"repeat","background-position":"center center","background-size":"auto","background-attachment":"scroll","background-type":"","background-media":"","overlay-type":"","overlay-color":"","overlay-opacity":"","overlay-gradient":""}},"ast-content-background-meta":{"desktop":{"background-color":"var(--ast-global-color-5)","background-image":"","background-repeat":"repeat","background-position":"center center","background-size":"auto","background-attachment":"scroll","background-type":"","background-media":"","overlay-type":"","overlay-color":"","overlay-opacity":"","overlay-gradient":""},"tablet":{"background-color":"var(--ast-global-color-5)","background-image":"","background-repeat":"repeat","background-position":"center center","background-size":"auto","background-attachment":"scroll","background-type":"","background-media":"","overlay-type":"","overlay-color":"","overlay-opacity":"","overlay-gradient":""},"mobile":{"background-color":"var(--ast-global-color-5)","background-image":"","background-repeat":"repeat","background-position":"center center","background-size":"auto","background-attachment":"scroll","background-type":"","background-media":"","overlay-type":"","overlay-color":"","overlay-opacity":"","overlay-gradient":""}},"footnotes":""},"class_list":["post-1471","page","type-page","status-publish","hentry"],"yoast_head":"<!-- This site is optimized with the Yoast SEO plugin v27.4 - https:\/\/yoast.com\/product\/yoast-seo-wordpress\/ -->\n<title>Nicolas Moltmann - Patentanw\u00e4lte Weisse, Moltmann &amp; Willems<\/title>\n<meta name=\"description\" content=\"Seit 2006 war Nicolas Moltmann zun\u00e4chst als Patentreferent f\u00fcr die Kanzlei Weisse &amp; Wolgast t\u00e4tig. Im Jahr 2009 begann er mit der Ausbildung zum Patentanwalt bei der Kanzlei Weisse &amp; Wolgast, dem Deutschen Patent- und Markenamt und dem Bundespatentgericht. 2012 wurde Nicolas Moltmann als deutscher Patentanwalt zugelassen. Zusammen mit J\u00f6rg Weisse und Volker Willems gr\u00fcndetet er 2013 die Partnerschaftsgesellschaft Weisse, Moltmann &amp; Willems.\" \/>\n<meta name=\"robots\" content=\"index, follow, max-snippet:-1, max-image-preview:large, max-video-preview:-1\" \/>\n<link rel=\"canonical\" href=\"https:\/\/www.wmw-patent.de\/en\/nicolas-moltmann-2\/\" \/>\n<meta property=\"og:locale\" content=\"en_GB\" \/>\n<meta property=\"og:type\" content=\"article\" \/>\n<meta property=\"og:title\" content=\"Nicolas Moltmann - Patentanw\u00e4lte Weisse, Moltmann &amp; Willems\" \/>\n<meta property=\"og:description\" content=\"Seit 2006 war Nicolas Moltmann zun\u00e4chst als Patentreferent f\u00fcr die Kanzlei Weisse &amp; Wolgast t\u00e4tig. Im Jahr 2009 begann er mit der Ausbildung zum Patentanwalt bei der Kanzlei Weisse &amp; Wolgast, dem Deutschen Patent- und Markenamt und dem Bundespatentgericht. 2012 wurde Nicolas Moltmann als deutscher Patentanwalt zugelassen. Zusammen mit J\u00f6rg Weisse und Volker Willems gr\u00fcndetet er 2013 die Partnerschaftsgesellschaft Weisse, Moltmann &amp; Willems.\" \/>\n<meta property=\"og:url\" content=\"https:\/\/www.wmw-patent.de\/en\/nicolas-moltmann-2\/\" \/>\n<meta property=\"og:site_name\" content=\"Patentanw\u00e4lte Weisse, Moltmann &amp; Willems\" \/>\n<meta property=\"article:modified_time\" content=\"2024-01-09T15:40:50+00:00\" \/>\n<meta property=\"og:image\" content=\"https:\/\/www.wmw-patent.de\/wp-content\/uploads\/2023\/11\/neu_Nico-Moltmann.jpg\" \/>\n<meta name=\"twitter:card\" content=\"summary_large_image\" \/>\n<meta name=\"twitter:label1\" content=\"Est. reading time\" \/>\n\t<meta name=\"twitter:data1\" content=\"2 minutes\" \/>\n<script type=\"application\/ld+json\" class=\"yoast-schema-graph\">{\"@context\":\"https:\\\/\\\/schema.org\",\"@graph\":[{\"@type\":\"WebPage\",\"@id\":\"https:\\\/\\\/www.wmw-patent.de\\\/nicolas-moltmann-2\\\/\",\"url\":\"https:\\\/\\\/www.wmw-patent.de\\\/nicolas-moltmann-2\\\/\",\"name\":\"Nicolas Moltmann - Patentanw\u00e4lte Weisse, Moltmann &amp; Willems\",\"isPartOf\":{\"@id\":\"https:\\\/\\\/www.wmw-patent.de\\\/en\\\/#website\"},\"primaryImageOfPage\":{\"@id\":\"https:\\\/\\\/www.wmw-patent.de\\\/nicolas-moltmann-2\\\/#primaryimage\"},\"image\":{\"@id\":\"https:\\\/\\\/www.wmw-patent.de\\\/nicolas-moltmann-2\\\/#primaryimage\"},\"thumbnailUrl\":\"https:\\\/\\\/www.wmw-patent.de\\\/wp-content\\\/uploads\\\/2023\\\/11\\\/neu_Nico-Moltmann.jpg\",\"datePublished\":\"2023-07-28T11:13:35+00:00\",\"dateModified\":\"2024-01-09T15:40:50+00:00\",\"description\":\"Seit 2006 war Nicolas Moltmann zun\u00e4chst als Patentreferent f\u00fcr die Kanzlei Weisse & Wolgast t\u00e4tig. Im Jahr 2009 begann er mit der Ausbildung zum Patentanwalt bei der Kanzlei Weisse & Wolgast, dem Deutschen Patent- und Markenamt und dem Bundespatentgericht. 2012 wurde Nicolas Moltmann als deutscher Patentanwalt zugelassen. Zusammen mit J\u00f6rg Weisse und Volker Willems gr\u00fcndetet er 2013 die Partnerschaftsgesellschaft Weisse, Moltmann & Willems.\",\"breadcrumb\":{\"@id\":\"https:\\\/\\\/www.wmw-patent.de\\\/nicolas-moltmann-2\\\/#breadcrumb\"},\"inLanguage\":\"en-GB\",\"potentialAction\":[{\"@type\":\"ReadAction\",\"target\":[\"https:\\\/\\\/www.wmw-patent.de\\\/nicolas-moltmann-2\\\/\"]}]},{\"@type\":\"ImageObject\",\"inLanguage\":\"en-GB\",\"@id\":\"https:\\\/\\\/www.wmw-patent.de\\\/nicolas-moltmann-2\\\/#primaryimage\",\"url\":\"https:\\\/\\\/www.wmw-patent.de\\\/wp-content\\\/uploads\\\/2023\\\/11\\\/neu_Nico-Moltmann.jpg\",\"contentUrl\":\"https:\\\/\\\/www.wmw-patent.de\\\/wp-content\\\/uploads\\\/2023\\\/11\\\/neu_Nico-Moltmann.jpg\"},{\"@type\":\"BreadcrumbList\",\"@id\":\"https:\\\/\\\/www.wmw-patent.de\\\/nicolas-moltmann-2\\\/#breadcrumb\",\"itemListElement\":[{\"@type\":\"ListItem\",\"position\":1,\"name\":\"Startseite\",\"item\":\"https:\\\/\\\/www.wmw-patent.de\\\/\"},{\"@type\":\"ListItem\",\"position\":2,\"name\":\"Nicolas Moltmann\"}]},{\"@type\":\"WebSite\",\"@id\":\"https:\\\/\\\/www.wmw-patent.de\\\/en\\\/#website\",\"url\":\"https:\\\/\\\/www.wmw-patent.de\\\/en\\\/\",\"name\":\"Patentanw\u00e4lte Weisse, Moltmann &amp; Willems\",\"description\":\"Partnerschaftsgesellschaft\",\"publisher\":{\"@id\":\"https:\\\/\\\/www.wmw-patent.de\\\/en\\\/#organization\"},\"potentialAction\":[{\"@type\":\"SearchAction\",\"target\":{\"@type\":\"EntryPoint\",\"urlTemplate\":\"https:\\\/\\\/www.wmw-patent.de\\\/en\\\/?s={search_term_string}\"},\"query-input\":{\"@type\":\"PropertyValueSpecification\",\"valueRequired\":true,\"valueName\":\"search_term_string\"}}],\"inLanguage\":\"en-GB\"},{\"@type\":\"Organization\",\"@id\":\"https:\\\/\\\/www.wmw-patent.de\\\/en\\\/#organization\",\"name\":\"Patentanw\u00e4lte Weisse, Moltmann &amp; Willems\",\"url\":\"https:\\\/\\\/www.wmw-patent.de\\\/en\\\/\",\"logo\":{\"@type\":\"ImageObject\",\"inLanguage\":\"en-GB\",\"@id\":\"https:\\\/\\\/www.wmw-patent.de\\\/en\\\/#\\\/schema\\\/logo\\\/image\\\/\",\"url\":\"https:\\\/\\\/www.wmw-patent.de\\\/wp-content\\\/uploads\\\/2023\\\/08\\\/wmw-logo-quer.svg\",\"contentUrl\":\"https:\\\/\\\/www.wmw-patent.de\\\/wp-content\\\/uploads\\\/2023\\\/08\\\/wmw-logo-quer.svg\",\"width\":1063,\"height\":133,\"caption\":\"Patentanw\u00e4lte Weisse, Moltmann &amp; Willems\"},\"image\":{\"@id\":\"https:\\\/\\\/www.wmw-patent.de\\\/en\\\/#\\\/schema\\\/logo\\\/image\\\/\"}}]}<\/script>\n<!-- \/ Yoast SEO plugin. -->","yoast_head_json":{"title":"Nicolas Moltmann - Patentanw\u00e4lte Weisse, Moltmann &amp; Willems","description":"Seit 2006 war Nicolas Moltmann zun\u00e4chst als Patentreferent f\u00fcr die Kanzlei Weisse & Wolgast t\u00e4tig. Im Jahr 2009 begann er mit der Ausbildung zum Patentanwalt bei der Kanzlei Weisse & Wolgast, dem Deutschen Patent- und Markenamt und dem Bundespatentgericht. 2012 wurde Nicolas Moltmann als deutscher Patentanwalt zugelassen. Zusammen mit J\u00f6rg Weisse und Volker Willems gr\u00fcndetet er 2013 die Partnerschaftsgesellschaft Weisse, Moltmann & Willems.","robots":{"index":"index","follow":"follow","max-snippet":"max-snippet:-1","max-image-preview":"max-image-preview:large","max-video-preview":"max-video-preview:-1"},"canonical":"https:\/\/www.wmw-patent.de\/en\/nicolas-moltmann-2\/","og_locale":"en_GB","og_type":"article","og_title":"Nicolas Moltmann - Patentanw\u00e4lte Weisse, Moltmann &amp; Willems","og_description":"Seit 2006 war Nicolas Moltmann zun\u00e4chst als Patentreferent f\u00fcr die Kanzlei Weisse & Wolgast t\u00e4tig. Im Jahr 2009 begann er mit der Ausbildung zum Patentanwalt bei der Kanzlei Weisse & Wolgast, dem Deutschen Patent- und Markenamt und dem Bundespatentgericht. 2012 wurde Nicolas Moltmann als deutscher Patentanwalt zugelassen. Zusammen mit J\u00f6rg Weisse und Volker Willems gr\u00fcndetet er 2013 die Partnerschaftsgesellschaft Weisse, Moltmann & Willems.","og_url":"https:\/\/www.wmw-patent.de\/en\/nicolas-moltmann-2\/","og_site_name":"Patentanw\u00e4lte Weisse, Moltmann &amp; Willems","article_modified_time":"2024-01-09T15:40:50+00:00","og_image":[{"url":"https:\/\/www.wmw-patent.de\/wp-content\/uploads\/2023\/11\/neu_Nico-Moltmann.jpg","type":"","width":"","height":""}],"twitter_card":"summary_large_image","twitter_misc":{"Est. reading time":"2 minutes"},"schema":{"@context":"https:\/\/schema.org","@graph":[{"@type":"WebPage","@id":"https:\/\/www.wmw-patent.de\/nicolas-moltmann-2\/","url":"https:\/\/www.wmw-patent.de\/nicolas-moltmann-2\/","name":"Nicolas Moltmann - Patentanw\u00e4lte Weisse, Moltmann &amp; Willems","isPartOf":{"@id":"https:\/\/www.wmw-patent.de\/en\/#website"},"primaryImageOfPage":{"@id":"https:\/\/www.wmw-patent.de\/nicolas-moltmann-2\/#primaryimage"},"image":{"@id":"https:\/\/www.wmw-patent.de\/nicolas-moltmann-2\/#primaryimage"},"thumbnailUrl":"https:\/\/www.wmw-patent.de\/wp-content\/uploads\/2023\/11\/neu_Nico-Moltmann.jpg","datePublished":"2023-07-28T11:13:35+00:00","dateModified":"2024-01-09T15:40:50+00:00","description":"Seit 2006 war Nicolas Moltmann zun\u00e4chst als Patentreferent f\u00fcr die Kanzlei Weisse & Wolgast t\u00e4tig. Im Jahr 2009 begann er mit der Ausbildung zum Patentanwalt bei der Kanzlei Weisse & Wolgast, dem Deutschen Patent- und Markenamt und dem Bundespatentgericht. 2012 wurde Nicolas Moltmann als deutscher Patentanwalt zugelassen. Zusammen mit J\u00f6rg Weisse und Volker Willems gr\u00fcndetet er 2013 die Partnerschaftsgesellschaft Weisse, Moltmann & Willems.","breadcrumb":{"@id":"https:\/\/www.wmw-patent.de\/nicolas-moltmann-2\/#breadcrumb"},"inLanguage":"en-GB","potentialAction":[{"@type":"ReadAction","target":["https:\/\/www.wmw-patent.de\/nicolas-moltmann-2\/"]}]},{"@type":"ImageObject","inLanguage":"en-GB","@id":"https:\/\/www.wmw-patent.de\/nicolas-moltmann-2\/#primaryimage","url":"https:\/\/www.wmw-patent.de\/wp-content\/uploads\/2023\/11\/neu_Nico-Moltmann.jpg","contentUrl":"https:\/\/www.wmw-patent.de\/wp-content\/uploads\/2023\/11\/neu_Nico-Moltmann.jpg"},{"@type":"BreadcrumbList","@id":"https:\/\/www.wmw-patent.de\/nicolas-moltmann-2\/#breadcrumb","itemListElement":[{"@type":"ListItem","position":1,"name":"Startseite","item":"https:\/\/www.wmw-patent.de\/"},{"@type":"ListItem","position":2,"name":"Nicolas Moltmann"}]},{"@type":"WebSite","@id":"https:\/\/www.wmw-patent.de\/en\/#website","url":"https:\/\/www.wmw-patent.de\/en\/","name":"Patent Attorneys Weisse, Moltmann &amp; Willems","description":"Partnerschaftsgesellschaft","publisher":{"@id":"https:\/\/www.wmw-patent.de\/en\/#organization"},"potentialAction":[{"@type":"SearchAction","target":{"@type":"EntryPoint","urlTemplate":"https:\/\/www.wmw-patent.de\/en\/?s={search_term_string}"},"query-input":{"@type":"PropertyValueSpecification","valueRequired":true,"valueName":"search_term_string"}}],"inLanguage":"en-GB"},{"@type":"Organization","@id":"https:\/\/www.wmw-patent.de\/en\/#organization","name":"Patent Attorneys Weisse, Moltmann &amp; Willems","url":"https:\/\/www.wmw-patent.de\/en\/","logo":{"@type":"ImageObject","inLanguage":"en-GB","@id":"https:\/\/www.wmw-patent.de\/en\/#\/schema\/logo\/image\/","url":"https:\/\/www.wmw-patent.de\/wp-content\/uploads\/2023\/08\/wmw-logo-quer.svg","contentUrl":"https:\/\/www.wmw-patent.de\/wp-content\/uploads\/2023\/08\/wmw-logo-quer.svg","width":1063,"height":133,"caption":"Patentanw\u00e4lte Weisse, Moltmann &amp; Willems"},"image":{"@id":"https:\/\/www.wmw-patent.de\/en\/#\/schema\/logo\/image\/"}}]}},"uagb_featured_image_src":{"full":false,"thumbnail":false,"medium":false,"medium_large":false,"large":false,"1536x1536":false,"2048x2048":false,"trp-custom-language-flag":false},"uagb_author_info":{"display_name":"admin","author_link":"https:\/\/www.wmw-patent.de\/en\/author\/admin\/"},"uagb_comment_info":0,"uagb_excerpt":"Nicolas Moltmann Nicolas Moltmann hat an der Technischen Universit\u00e4t Berlin Physik und Informatik studiert. In seiner Diplomarbeit untersuchte er die Eignung der spektralen Ellipsometrie \u2013 einem optischen Messverfahren \u2013 zur Charakterisierung von d\u00fcnnen Halbleiterschichten. Bereits w\u00e4hrend des Studiums war Nicolas Moltmann als Tutor beim Entwurf und Aufbau von Demonstrationsexperimenten t\u00e4tig. W\u00e4hrend seiner Berufst\u00e4tigkeit bei der&hellip;","_links":{"self":[{"href":"https:\/\/www.wmw-patent.de\/en\/wp-json\/wp\/v2\/pages\/1471","targetHints":{"allow":["GET"]}}],"collection":[{"href":"https:\/\/www.wmw-patent.de\/en\/wp-json\/wp\/v2\/pages"}],"about":[{"href":"https:\/\/www.wmw-patent.de\/en\/wp-json\/wp\/v2\/types\/page"}],"author":[{"embeddable":true,"href":"https:\/\/www.wmw-patent.de\/en\/wp-json\/wp\/v2\/users\/1"}],"replies":[{"embeddable":true,"href":"https:\/\/www.wmw-patent.de\/en\/wp-json\/wp\/v2\/comments?post=1471"}],"version-history":[{"count":20,"href":"https:\/\/www.wmw-patent.de\/en\/wp-json\/wp\/v2\/pages\/1471\/revisions"}],"predecessor-version":[{"id":2988,"href":"https:\/\/www.wmw-patent.de\/en\/wp-json\/wp\/v2\/pages\/1471\/revisions\/2988"}],"wp:attachment":[{"href":"https:\/\/www.wmw-patent.de\/en\/wp-json\/wp\/v2\/media?parent=1471"}],"curies":[{"name":"wp","href":"https:\/\/api.w.org\/{rel}","templated":true}]}}