{"id":1472,"date":"2023-07-28T11:23:22","date_gmt":"2023-07-28T11:23:22","guid":{"rendered":"https:\/\/www.wmw-patent.de\/?page_id=1472"},"modified":"2024-01-09T15:42:05","modified_gmt":"2024-01-09T15:42:05","slug":"volker-willems-2","status":"publish","type":"page","link":"https:\/\/www.wmw-patent.de\/en\/volker-willems-2\/","title":{"rendered":"Volker Willems"},"content":{"rendered":"<div class=\"wp-block-uagb-container uagb-block-b8c0b0e4 alignfull uagb-is-root-container\">\n<div class=\"wp-block-cover alignfull is-light\" style=\"min-height:60vh;aspect-ratio:unset;\"><span aria-hidden=\"true\" class=\"wp-block-cover__background has-background-dim-0 has-background-dim\"><\/span><img loading=\"lazy\" decoding=\"async\" width=\"1920\" height=\"788\" class=\"wp-block-cover__image-background wp-image-2994\" alt=\"\" src=\"https:\/\/www.wmw-patent.de\/wp-content\/uploads\/2023\/11\/Neu_Willems_Ausschnitt.jpg\" style=\"object-position:19% 25%\" data-object-fit=\"cover\" data-object-position=\"19% 25%\" srcset=\"https:\/\/www.wmw-patent.de\/wp-content\/uploads\/2023\/11\/Neu_Willems_Ausschnitt.jpg 1920w, https:\/\/www.wmw-patent.de\/wp-content\/uploads\/2023\/11\/Neu_Willems_Ausschnitt-300x123.jpg 300w, https:\/\/www.wmw-patent.de\/wp-content\/uploads\/2023\/11\/Neu_Willems_Ausschnitt-1024x420.jpg 1024w, https:\/\/www.wmw-patent.de\/wp-content\/uploads\/2023\/11\/Neu_Willems_Ausschnitt-768x315.jpg 768w, https:\/\/www.wmw-patent.de\/wp-content\/uploads\/2023\/11\/Neu_Willems_Ausschnitt-1536x630.jpg 1536w, https:\/\/www.wmw-patent.de\/wp-content\/uploads\/2023\/11\/Neu_Willems_Ausschnitt-18x7.jpg 18w\" sizes=\"auto, (max-width: 1920px) 100vw, 1920px\" \/><div class=\"wp-block-cover__inner-container is-layout-flow wp-block-cover-is-layout-flow\">\n<p class=\"has-text-align-center has-large-font-size\"><\/p>\n<\/div><\/div>\n<\/div>\n\n\n\n<div class=\"wp-block-uagb-container uagb-block-44ad90bd alignfull uagb-is-root-container\"><div class=\"uagb-container-inner-blocks-wrap\">\n<h2 class=\"wp-block-heading has-text-align-left\">Volker Willems<\/h2>\n\n\n\n<p>Volker Willems studied physics and geophysics at the University of Munich and at the Technical University of Berlin. Professional experience in the fields of geo-exploration and manned space flight. Participated in the preparation and execution of German-American and German-Russian space missions (Spacelab, MIR) of the German Aerospace Center (DLR). Subsequently received training to become a patent attorney at a patent law office in Munich, the German Patent and Trade Mark Office, the Federal Patent Court, and the Regional Court of Munich.<\/p>\n\n\n\n<p>Volker Willems has been a licensed German patent attorney since 1997. In 1998, he received authorization as a representative before the European Patent Office (European patent attorney).<br><\/p>\n\n\n\n<p><\/p>\n\n\n\n<p>Member of the German Association of Intellectual Property Experts (VPP), AIPPI, epi, and International Federation of Intellectual Property Attorneys (FICPI).<\/p>\n\n\n\n<p><\/p>\n\n\n\n<p><strong>Technical Fields<\/strong><\/p>\n\n\n\n<div class=\"wp-block-columns is-layout-flex wp-container-core-columns-is-layout-e1fea541 wp-block-columns-is-layout-flex\" style=\"margin-top:var(--wp--preset--spacing--50)\">\n<div class=\"wp-block-column is-layout-flow wp-block-column-is-layout-flow\" style=\"flex-basis:25%\">\n<figure class=\"wp-block-image size-full\"><img loading=\"lazy\" decoding=\"async\" width=\"522\" height=\"717\" src=\"https:\/\/www.wmw-patent.de\/wp-content\/uploads\/2023\/10\/v.willems-profil.jpg\" alt=\"\" class=\"wp-image-1973\" srcset=\"https:\/\/www.wmw-patent.de\/wp-content\/uploads\/2023\/10\/v.willems-profil.jpg 522w, https:\/\/www.wmw-patent.de\/wp-content\/uploads\/2023\/10\/v.willems-profil-218x300.jpg 218w\" sizes=\"auto, (max-width: 522px) 100vw, 522px\" \/><\/figure>\n<\/div>\n\n\n\n<div class=\"wp-block-column is-layout-flow wp-block-column-is-layout-flow\">\n<ul class=\"wp-block-list\">\n<li>Physics<\/li>\n\n\n\n<li>Laser technology<\/li>\n\n\n\n<li>Optics<\/li>\n\n\n\n<li>Sensors<\/li>\n\n\n\n<li>Telecommunications<\/li>\n\n\n\n<li>Mechanical engineering <\/li>\n\n\n\n<li>Electrical engineering<\/li>\n\n\n\n<li>Instrumentation and control technology<\/li>\n\n\n\n<li>Automotive engineering<\/li>\n\n\n\n<li>Aviation and aerospace engineering<\/li>\n\n\n\n<li>Medical technology<\/li>\n\n\n\n<li>Geotechnical engineering<\/li>\n\n\n\n<li>Remote sensing<\/li>\n<\/ul>\n<\/div>\n<\/div>\n<\/div><\/div>","protected":false},"excerpt":{"rendered":"<p>Volker Willems Volker Willems studierte Physik und Geophysik an der Universit\u00e4t M\u00fcnchen und an der Technischen Universit\u00e4t Berlin. Berufst\u00e4tigkeit in den Bereichen Geo-Exploration und Bemannte Raumfahrt. Mitarbeit bei der Vorbereitung und Durchf\u00fchrung deutsch-amerikanischer und deutsch-russischer Raumfahrtmissionen (Spacelab, MIR) des Deutschen Zentrums f\u00fcr Luft- und Raumfahrt. Anschlie\u00dfend Ausbildung zum Patentanwalt in einer M\u00fcnchner Patentanwaltskanzlei, am Deutschen Patent- und Markenamt, am Bundespatentgericht und am Landgericht M\u00fcnchen. Volker Willems ist seit 1997 zugelassener [&hellip;]<\/p>\n","protected":false},"author":1,"featured_media":0,"parent":0,"menu_order":0,"comment_status":"closed","ping_status":"closed","template":"","meta":{"inline_featured_image":false,"_uag_custom_page_level_css":"","site-sidebar-layout":"default","site-content-layout":"","ast-site-content-layout":"default","site-content-style":"default","site-sidebar-style":"default","ast-global-header-display":"","ast-banner-title-visibility":"","ast-main-header-display":"","ast-hfb-above-header-display":"","ast-hfb-below-header-display":"","ast-hfb-mobile-header-display":"","site-post-title":"disabled","ast-breadcrumbs-content":"","ast-featured-img":"","footer-sml-layout":"","theme-transparent-header-meta":"","adv-header-id-meta":"","stick-header-meta":"","header-above-stick-meta":"","header-main-stick-meta":"","header-below-stick-meta":"","astra-migrate-meta-layouts":"set","ast-page-background-enabled":"default","ast-page-background-meta":{"desktop":{"background-color":"var(--ast-global-color-4)","background-image":"","background-repeat":"repeat","background-position":"center center","background-size":"auto","background-attachment":"scroll","background-type":"","background-media":"","overlay-type":"","overlay-color":"","overlay-opacity":"","overlay-gradient":""},"tablet":{"background-color":"","background-image":"","background-repeat":"repeat","background-position":"center center","background-size":"auto","background-attachment":"scroll","background-type":"","background-media":"","overlay-type":"","overlay-color":"","overlay-opacity":"","overlay-gradient":""},"mobile":{"background-color":"","background-image":"","background-repeat":"repeat","background-position":"center center","background-size":"auto","background-attachment":"scroll","background-type":"","background-media":"","overlay-type":"","overlay-color":"","overlay-opacity":"","overlay-gradient":""}},"ast-content-background-meta":{"desktop":{"background-color":"var(--ast-global-color-5)","background-image":"","background-repeat":"repeat","background-position":"center center","background-size":"auto","background-attachment":"scroll","background-type":"","background-media":"","overlay-type":"","overlay-color":"","overlay-opacity":"","overlay-gradient":""},"tablet":{"background-color":"var(--ast-global-color-5)","background-image":"","background-repeat":"repeat","background-position":"center center","background-size":"auto","background-attachment":"scroll","background-type":"","background-media":"","overlay-type":"","overlay-color":"","overlay-opacity":"","overlay-gradient":""},"mobile":{"background-color":"var(--ast-global-color-5)","background-image":"","background-repeat":"repeat","background-position":"center center","background-size":"auto","background-attachment":"scroll","background-type":"","background-media":"","overlay-type":"","overlay-color":"","overlay-opacity":"","overlay-gradient":""}},"footnotes":""},"class_list":["post-1472","page","type-page","status-publish","hentry"],"yoast_head":"<!-- This site is optimized with the Yoast SEO plugin v27.4 - https:\/\/yoast.com\/product\/yoast-seo-wordpress\/ -->\n<title>Volker Willems - Patentanw\u00e4lte Weisse, Moltmann &amp; Willems<\/title>\n<meta name=\"description\" content=\"Volker Willems ist seit 1997 zugelassener deutscher Patentanwalt. 1998 erfolgte die Zulassung als Vertreter vor dem Europ\u00e4ischen Patentamt (European Patent Attorney).\" \/>\n<meta name=\"robots\" content=\"index, follow, max-snippet:-1, max-image-preview:large, max-video-preview:-1\" \/>\n<link rel=\"canonical\" href=\"https:\/\/www.wmw-patent.de\/en\/volker-willems-2\/\" \/>\n<meta property=\"og:locale\" content=\"en_GB\" \/>\n<meta property=\"og:type\" content=\"article\" \/>\n<meta property=\"og:title\" content=\"Volker Willems - Patentanw\u00e4lte Weisse, Moltmann &amp; Willems\" \/>\n<meta property=\"og:description\" content=\"Volker Willems ist seit 1997 zugelassener deutscher Patentanwalt. 1998 erfolgte die Zulassung als Vertreter vor dem Europ\u00e4ischen Patentamt (European Patent Attorney).\" \/>\n<meta property=\"og:url\" content=\"https:\/\/www.wmw-patent.de\/en\/volker-willems-2\/\" \/>\n<meta property=\"og:site_name\" content=\"Patentanw\u00e4lte Weisse, Moltmann &amp; Willems\" \/>\n<meta property=\"article:modified_time\" content=\"2024-01-09T15:42:05+00:00\" \/>\n<meta property=\"og:image\" content=\"https:\/\/www.wmw-patent.de\/wp-content\/uploads\/2023\/11\/Neu_Willems_Ausschnitt.jpg\" \/>\n<meta name=\"twitter:card\" content=\"summary_large_image\" \/>\n<meta name=\"twitter:label1\" content=\"Est. reading time\" \/>\n\t<meta name=\"twitter:data1\" content=\"2 minutes\" \/>\n<script type=\"application\/ld+json\" class=\"yoast-schema-graph\">{\"@context\":\"https:\\\/\\\/schema.org\",\"@graph\":[{\"@type\":\"WebPage\",\"@id\":\"https:\\\/\\\/www.wmw-patent.de\\\/volker-willems-2\\\/\",\"url\":\"https:\\\/\\\/www.wmw-patent.de\\\/volker-willems-2\\\/\",\"name\":\"Volker Willems - Patentanw\u00e4lte Weisse, Moltmann &amp; Willems\",\"isPartOf\":{\"@id\":\"https:\\\/\\\/www.wmw-patent.de\\\/en\\\/#website\"},\"primaryImageOfPage\":{\"@id\":\"https:\\\/\\\/www.wmw-patent.de\\\/volker-willems-2\\\/#primaryimage\"},\"image\":{\"@id\":\"https:\\\/\\\/www.wmw-patent.de\\\/volker-willems-2\\\/#primaryimage\"},\"thumbnailUrl\":\"https:\\\/\\\/www.wmw-patent.de\\\/wp-content\\\/uploads\\\/2023\\\/11\\\/Neu_Willems_Ausschnitt.jpg\",\"datePublished\":\"2023-07-28T11:23:22+00:00\",\"dateModified\":\"2024-01-09T15:42:05+00:00\",\"description\":\"Volker Willems ist seit 1997 zugelassener deutscher Patentanwalt. 1998 erfolgte die Zulassung als Vertreter vor dem Europ\u00e4ischen Patentamt (European Patent Attorney).\",\"breadcrumb\":{\"@id\":\"https:\\\/\\\/www.wmw-patent.de\\\/volker-willems-2\\\/#breadcrumb\"},\"inLanguage\":\"en-GB\",\"potentialAction\":[{\"@type\":\"ReadAction\",\"target\":[\"https:\\\/\\\/www.wmw-patent.de\\\/volker-willems-2\\\/\"]}]},{\"@type\":\"ImageObject\",\"inLanguage\":\"en-GB\",\"@id\":\"https:\\\/\\\/www.wmw-patent.de\\\/volker-willems-2\\\/#primaryimage\",\"url\":\"https:\\\/\\\/www.wmw-patent.de\\\/wp-content\\\/uploads\\\/2023\\\/11\\\/Neu_Willems_Ausschnitt.jpg\",\"contentUrl\":\"https:\\\/\\\/www.wmw-patent.de\\\/wp-content\\\/uploads\\\/2023\\\/11\\\/Neu_Willems_Ausschnitt.jpg\"},{\"@type\":\"BreadcrumbList\",\"@id\":\"https:\\\/\\\/www.wmw-patent.de\\\/volker-willems-2\\\/#breadcrumb\",\"itemListElement\":[{\"@type\":\"ListItem\",\"position\":1,\"name\":\"Startseite\",\"item\":\"https:\\\/\\\/www.wmw-patent.de\\\/\"},{\"@type\":\"ListItem\",\"position\":2,\"name\":\"Volker Willems\"}]},{\"@type\":\"WebSite\",\"@id\":\"https:\\\/\\\/www.wmw-patent.de\\\/en\\\/#website\",\"url\":\"https:\\\/\\\/www.wmw-patent.de\\\/en\\\/\",\"name\":\"Patentanw\u00e4lte Weisse, Moltmann &amp; Willems\",\"description\":\"Partnerschaftsgesellschaft\",\"publisher\":{\"@id\":\"https:\\\/\\\/www.wmw-patent.de\\\/en\\\/#organization\"},\"potentialAction\":[{\"@type\":\"SearchAction\",\"target\":{\"@type\":\"EntryPoint\",\"urlTemplate\":\"https:\\\/\\\/www.wmw-patent.de\\\/en\\\/?s={search_term_string}\"},\"query-input\":{\"@type\":\"PropertyValueSpecification\",\"valueRequired\":true,\"valueName\":\"search_term_string\"}}],\"inLanguage\":\"en-GB\"},{\"@type\":\"Organization\",\"@id\":\"https:\\\/\\\/www.wmw-patent.de\\\/en\\\/#organization\",\"name\":\"Patentanw\u00e4lte Weisse, Moltmann &amp; Willems\",\"url\":\"https:\\\/\\\/www.wmw-patent.de\\\/en\\\/\",\"logo\":{\"@type\":\"ImageObject\",\"inLanguage\":\"en-GB\",\"@id\":\"https:\\\/\\\/www.wmw-patent.de\\\/en\\\/#\\\/schema\\\/logo\\\/image\\\/\",\"url\":\"https:\\\/\\\/www.wmw-patent.de\\\/wp-content\\\/uploads\\\/2023\\\/08\\\/wmw-logo-quer.svg\",\"contentUrl\":\"https:\\\/\\\/www.wmw-patent.de\\\/wp-content\\\/uploads\\\/2023\\\/08\\\/wmw-logo-quer.svg\",\"width\":1063,\"height\":133,\"caption\":\"Patentanw\u00e4lte Weisse, Moltmann &amp; Willems\"},\"image\":{\"@id\":\"https:\\\/\\\/www.wmw-patent.de\\\/en\\\/#\\\/schema\\\/logo\\\/image\\\/\"}}]}<\/script>\n<!-- \/ Yoast SEO plugin. -->","yoast_head_json":{"title":"Volker Willems - Patentanw\u00e4lte Weisse, Moltmann &amp; Willems","description":"Volker Willems has been a licensed German patent attorney since 1997. In 1998, he received authorization as a representative before the European Patent Office (European patent attorney).","robots":{"index":"index","follow":"follow","max-snippet":"max-snippet:-1","max-image-preview":"max-image-preview:large","max-video-preview":"max-video-preview:-1"},"canonical":"https:\/\/www.wmw-patent.de\/en\/volker-willems-2\/","og_locale":"en_GB","og_type":"article","og_title":"Volker Willems - Patentanw\u00e4lte Weisse, Moltmann &amp; Willems","og_description":"Volker Willems ist seit 1997 zugelassener deutscher Patentanwalt. 1998 erfolgte die Zulassung als Vertreter vor dem Europ\u00e4ischen Patentamt (European Patent Attorney).","og_url":"https:\/\/www.wmw-patent.de\/en\/volker-willems-2\/","og_site_name":"Patentanw\u00e4lte Weisse, Moltmann &amp; Willems","article_modified_time":"2024-01-09T15:42:05+00:00","og_image":[{"url":"https:\/\/www.wmw-patent.de\/wp-content\/uploads\/2023\/11\/Neu_Willems_Ausschnitt.jpg","type":"","width":"","height":""}],"twitter_card":"summary_large_image","twitter_misc":{"Est. reading time":"2 minutes"},"schema":{"@context":"https:\/\/schema.org","@graph":[{"@type":"WebPage","@id":"https:\/\/www.wmw-patent.de\/volker-willems-2\/","url":"https:\/\/www.wmw-patent.de\/volker-willems-2\/","name":"Volker Willems - Patentanw\u00e4lte Weisse, Moltmann &amp; Willems","isPartOf":{"@id":"https:\/\/www.wmw-patent.de\/en\/#website"},"primaryImageOfPage":{"@id":"https:\/\/www.wmw-patent.de\/volker-willems-2\/#primaryimage"},"image":{"@id":"https:\/\/www.wmw-patent.de\/volker-willems-2\/#primaryimage"},"thumbnailUrl":"https:\/\/www.wmw-patent.de\/wp-content\/uploads\/2023\/11\/Neu_Willems_Ausschnitt.jpg","datePublished":"2023-07-28T11:23:22+00:00","dateModified":"2024-01-09T15:42:05+00:00","description":"Volker Willems has been a licensed German patent attorney since 1997. In 1998, he received authorization as a representative before the European Patent Office (European patent attorney).","breadcrumb":{"@id":"https:\/\/www.wmw-patent.de\/volker-willems-2\/#breadcrumb"},"inLanguage":"en-GB","potentialAction":[{"@type":"ReadAction","target":["https:\/\/www.wmw-patent.de\/volker-willems-2\/"]}]},{"@type":"ImageObject","inLanguage":"en-GB","@id":"https:\/\/www.wmw-patent.de\/volker-willems-2\/#primaryimage","url":"https:\/\/www.wmw-patent.de\/wp-content\/uploads\/2023\/11\/Neu_Willems_Ausschnitt.jpg","contentUrl":"https:\/\/www.wmw-patent.de\/wp-content\/uploads\/2023\/11\/Neu_Willems_Ausschnitt.jpg"},{"@type":"BreadcrumbList","@id":"https:\/\/www.wmw-patent.de\/volker-willems-2\/#breadcrumb","itemListElement":[{"@type":"ListItem","position":1,"name":"Startseite","item":"https:\/\/www.wmw-patent.de\/"},{"@type":"ListItem","position":2,"name":"Volker Willems"}]},{"@type":"WebSite","@id":"https:\/\/www.wmw-patent.de\/en\/#website","url":"https:\/\/www.wmw-patent.de\/en\/","name":"Patent Attorneys Weisse, Moltmann &amp; Willems","description":"Partnerschaftsgesellschaft","publisher":{"@id":"https:\/\/www.wmw-patent.de\/en\/#organization"},"potentialAction":[{"@type":"SearchAction","target":{"@type":"EntryPoint","urlTemplate":"https:\/\/www.wmw-patent.de\/en\/?s={search_term_string}"},"query-input":{"@type":"PropertyValueSpecification","valueRequired":true,"valueName":"search_term_string"}}],"inLanguage":"en-GB"},{"@type":"Organization","@id":"https:\/\/www.wmw-patent.de\/en\/#organization","name":"Patent Attorneys Weisse, Moltmann &amp; Willems","url":"https:\/\/www.wmw-patent.de\/en\/","logo":{"@type":"ImageObject","inLanguage":"en-GB","@id":"https:\/\/www.wmw-patent.de\/en\/#\/schema\/logo\/image\/","url":"https:\/\/www.wmw-patent.de\/wp-content\/uploads\/2023\/08\/wmw-logo-quer.svg","contentUrl":"https:\/\/www.wmw-patent.de\/wp-content\/uploads\/2023\/08\/wmw-logo-quer.svg","width":1063,"height":133,"caption":"Patentanw\u00e4lte Weisse, Moltmann &amp; Willems"},"image":{"@id":"https:\/\/www.wmw-patent.de\/en\/#\/schema\/logo\/image\/"}}]}},"uagb_featured_image_src":{"full":false,"thumbnail":false,"medium":false,"medium_large":false,"large":false,"1536x1536":false,"2048x2048":false,"trp-custom-language-flag":false},"uagb_author_info":{"display_name":"admin","author_link":"https:\/\/www.wmw-patent.de\/en\/author\/admin\/"},"uagb_comment_info":0,"uagb_excerpt":"Volker Willems Volker Willems studierte Physik und Geophysik an der Universit\u00e4t M\u00fcnchen und an der Technischen Universit\u00e4t Berlin. Berufst\u00e4tigkeit in den Bereichen Geo-Exploration und Bemannte Raumfahrt. Mitarbeit bei der Vorbereitung und Durchf\u00fchrung deutsch-amerikanischer und deutsch-russischer Raumfahrtmissionen (Spacelab, MIR) des Deutschen Zentrums f\u00fcr Luft- und Raumfahrt. Anschlie\u00dfend Ausbildung zum Patentanwalt in einer M\u00fcnchner Patentanwaltskanzlei, am Deutschen&hellip;","_links":{"self":[{"href":"https:\/\/www.wmw-patent.de\/en\/wp-json\/wp\/v2\/pages\/1472","targetHints":{"allow":["GET"]}}],"collection":[{"href":"https:\/\/www.wmw-patent.de\/en\/wp-json\/wp\/v2\/pages"}],"about":[{"href":"https:\/\/www.wmw-patent.de\/en\/wp-json\/wp\/v2\/types\/page"}],"author":[{"embeddable":true,"href":"https:\/\/www.wmw-patent.de\/en\/wp-json\/wp\/v2\/users\/1"}],"replies":[{"embeddable":true,"href":"https:\/\/www.wmw-patent.de\/en\/wp-json\/wp\/v2\/comments?post=1472"}],"version-history":[{"count":14,"href":"https:\/\/www.wmw-patent.de\/en\/wp-json\/wp\/v2\/pages\/1472\/revisions"}],"predecessor-version":[{"id":2999,"href":"https:\/\/www.wmw-patent.de\/en\/wp-json\/wp\/v2\/pages\/1472\/revisions\/2999"}],"wp:attachment":[{"href":"https:\/\/www.wmw-patent.de\/en\/wp-json\/wp\/v2\/media?parent=1472"}],"curies":[{"name":"wp","href":"https:\/\/api.w.org\/{rel}","templated":true}]}}