{"id":1497,"date":"2023-07-28T13:08:08","date_gmt":"2023-07-28T13:08:08","guid":{"rendered":"https:\/\/www.wmw-patent.de\/?page_id=1497"},"modified":"2025-02-18T12:09:24","modified_gmt":"2025-02-18T12:09:24","slug":"links","status":"publish","type":"page","link":"https:\/\/www.wmw-patent.de\/en\/links\/","title":{"rendered":"Links"},"content":{"rendered":"<div class=\"wp-block-uagb-container uagb-block-c6f421b4 alignfull uagb-is-root-container\">\n<div class=\"wp-block-cover alignfull\" style=\"min-height:60vh;aspect-ratio:unset;\"><span aria-hidden=\"true\" class=\"wp-block-cover__background has-background-dim-0 has-background-dim\"><\/span><img loading=\"lazy\" decoding=\"async\" width=\"1024\" height=\"420\" class=\"wp-block-cover__image-background wp-image-2019\" alt=\"\" src=\"https:\/\/www.wmw-patent.de\/wp-content\/uploads\/2023\/10\/slide-links-1024x420.jpg\" data-object-fit=\"cover\" srcset=\"https:\/\/www.wmw-patent.de\/wp-content\/uploads\/2023\/10\/slide-links-1024x420.jpg 1024w, https:\/\/www.wmw-patent.de\/wp-content\/uploads\/2023\/10\/slide-links-300x123.jpg 300w, https:\/\/www.wmw-patent.de\/wp-content\/uploads\/2023\/10\/slide-links-768x315.jpg 768w, https:\/\/www.wmw-patent.de\/wp-content\/uploads\/2023\/10\/slide-links-1536x630.jpg 1536w, https:\/\/www.wmw-patent.de\/wp-content\/uploads\/2023\/10\/slide-links.jpg 1920w\" sizes=\"auto, (max-width: 1024px) 100vw, 1024px\" \/><div class=\"wp-block-cover__inner-container is-layout-flow wp-block-cover-is-layout-flow\">\n<p class=\"has-text-align-center has-large-font-size\"><\/p>\n<\/div><\/div>\n<\/div>\n\n\n\n<div class=\"wp-block-uagb-container uagb-block-b1c5fb86 alignfull uagb-is-root-container\"><div class=\"uagb-container-inner-blocks-wrap\">\n<h2 class=\"wp-block-heading has-text-align-left\">links<\/h2>\n\n\n\n<div class=\"wp-block-columns is-layout-flex wp-container-core-columns-is-layout-28f84493 wp-block-columns-is-layout-flex\">\n<div class=\"wp-block-column is-layout-flow wp-block-column-is-layout-flow\">\n<strong>Offices \u2013 Courts<\/strong><br>\n<a href=\"http:\/\/www.dpma.de\/\" target=\"_blank\" rel=\"noopener\">Deutsches Patent- und Markenamt<\/a>\n<br>\n<a href=\"http:\/\/www.epo.org\/index_de.html\" target=\"_blank\" rel=\"noopener\">Europ\u00e4isches Patentamt<\/a>\n<br>\n<a href=\"https:\/\/www.unified-patent-court.org\/\" target=\"_blank\" rel=\"noopener\">Einheitliches Patentgericht<\/a>\n<br>\n<a href=\"https:\/\/europa.eu\/european-union\/about-eu\/agencies\/euipo_de\" target=\"_blank\" rel=\"noopener\">Amt der Europ\u00e4ischen Union f\u00fcr geistiges Eigentum (EUIPO) <\/a>\n<br>\n<a href=\"http:\/\/www.wipo.int\/portal\/en\/\" target=\"_blank\" rel=\"noopener\">Weltorganisation f\u00fcr geistiges Eigentum<\/a>\n<br>\n<a href=\"http:\/\/www.bundespatentgericht.de\/\" target=\"_blank\" rel=\"noopener\">Bundespatentgericht<\/a>\n<br>\n<a href=\"https:\/\/www.bundesgerichtshof.de\/DE\/Home\/home_node.html\" target=\"_blank\" rel=\"noopener\">Bundesgerichtshof (BGH)<\/a>\n<br>\n<a href=\"http:\/\/curia.europa.eu\/jcms\/jcms\/j_6\/\" target=\"_blank\" rel=\"noopener\">EuGH \/ EuG<\/a>\n<br>\n<br>\n<strong>Searches \u2013 Patents<\/strong><br>\n<a href=\"https:\/\/www.dpma.de\/recherche\/depatisnet\/index.html\" target=\"_blank\" rel=\"noopener\">DEPATISnet (DPMA)<\/a>\n<br>\n<a href=\"http:\/\/www.epo.org\/searching\/free\/espacenet_de.html\" target=\"_blank\" rel=\"noopener\">Espacenet (EPA)<\/a>\n<br>\n<a href=\"http:\/\/patentscope.wipo.int\/search\/de\/search.jsf\" target=\"_blank\" rel=\"noopener\">Patentscope (WIPO)<\/a>\n<br>\n<a href=\"https:\/\/register.dpma.de\/DPMAregister\/pat\/einsteiger\" target=\"_blank\" rel=\"noopener\">DPMAregister <\/a>\n<br>\n<a href=\"http:\/\/www.epo.org\/searching\/free\/register_de.html\" target=\"_blank\" rel=\"noopener\">Europ\u00e4isches Patentregister<\/a>\n<br>\n<a href=\"https:\/\/www.jpo.go.jp\/e\/faq\/yokuaru\/searching.html\" target=\"_blank\" rel=\"noopener\">JPO (Japan)<\/a>\n<br>\n<a href=\"http:\/\/www.kipris.or.kr\/enghome\/main.jsp\" target=\"_blank\" rel=\"noopener\">KIPO (S\u00fcdkorea)<\/a>\n<br>\n<a href=\"http:\/\/www.uspto.gov\/\" target=\"_blank\" rel=\"noopener\">USPTO (U.S.A)<\/a>\n<\/div>\n\n\n\n<div class=\"wp-block-column is-layout-flow wp-block-column-is-layout-flow\">\n<strong>Information<\/strong><br>\n<a href=\"https:\/\/www.dpma.de\/patente\/\" target=\"_blank\" rel=\"noopener\">Patents<\/a>\n<br>\n<a href=\"http:\/\/www.dpma.de\/gebrauchsmuster\/index.html\" target=\"_blank\" rel=\"noopener\">Utility Models<\/a>\n<br>\n<a href=\"https:\/\/www.dpma.de\/marken\/index.html\" target=\"_blank\" rel=\"noopener\">Trade Marks<\/a>\n<br>\n<a href=\"https:\/\/www.dpma.de\/designs\/index.html\" target=\"_blank\" rel=\"noopener\">Designs<\/a> \n<br>\n<a href=\"http:\/\/www.gesetze-im-internet.de\/index.html\" target=\"_blank\" rel=\"noopener\">Deutsche Gesetze<\/a>\n<br>\n<a href=\"https:\/\/www.epo.org\/de\/legal\/epc\" target=\"_blank\" rel=\"noopener\">Europ\u00e4isches Patent\u00fcbereinkommen (EP\u00dc)<\/a>\n<br>\n<a href=\"https:\/\/www.epo.org\/de\/about-us\/foundation\/member-states\" target=\"_blank\" rel=\"noopener\">Mitgliedstaaten der Europ\u00e4ischen Patentorganisation<\/a>\n<br>\n<a href=\"https:\/\/www.wipo.int\/pct\/de\/pct_contracting_states.html\" target=\"_blank\" rel=\"noopener\">PCT Vertragsstaaten<\/a>\n<br>\n<a href=\"https:\/\/www.unified-patent-court.org\/de\/organisation\/epg-mitgliedstaaten\" target=\"_blank\" rel=\"noopener\">Einheitspatent-Vertragsstaaten<\/a>\n<br>\n<a href=\"https:\/\/www.wipo.int\/export\/sites\/www\/treaties\/en\/docs\/pdf\/madrid_marks.pdf\" target=\"_blank\" rel=\"noopener\">Madrider-Markenabkommen teilnehmende Staaten<\/a>\n<br>\n<a href=\"https:\/\/www.wipo.int\/export\/sites\/www\/treaties\/en\/docs\/pdf\/hague.pdf\" target=\"_blank\" rel=\"noopener\">Haager-Musterabkommen teilnehmende Staaten<\/a>\n<br>\n<br>\n<strong>Searches \u2013 Trademarks<\/strong><br>\n<a href=\"https:\/\/register.dpma.de\/DPMAregister\/marke\/einsteiger\" target=\"_blank\" rel=\"noopener\">DPMAregister<\/a>\n<br>\n<a href=\"http:\/\/tmview.europa.eu\/tmview\/welcome.html?language=de\" target=\"_blank\" rel=\"noopener\">TMview (EUIPO)<\/a>\n<br>\n<a href=\"http:\/\/euipo.europa.eu\/ec2\/\" target=\"_blank\" rel=\"noopener\">TMclass (EUIPO)<\/a>\n<br>\n<a href=\"https:\/\/www.wipo.int\/madrid\/en\/monitor\/\" target=\"_blank\" rel=\"noopener\">Romarin (WIPO)<\/a>\n<br>\n<a href=\"https:\/\/www.uspto.gov\/trademarks-application-process\/search-trademark-database\" target=\"_blank\" rel=\"noopener\">USPTO (U.S.A)<\/a>\n<br>\n<a href=\"https:\/\/www.chinatrademarkoffice.com\/\" target=\"_blank\" rel=\"noopener\">SIPO (China)<\/a>\n<br>\n<br>\n<strong>Searches \u2013 Designs<\/strong><br>\n<a href=\"https:\/\/register.dpma.de\/DPMAregister\/gsm\/einsteiger\" target=\"_blank\" rel=\"noopener\">DPMAregister<\/a>\n<br>\n<a href=\"https:\/\/euipo.europa.eu\/ohimportal\/de\/rcd-search-availability\" target=\"_blank\" rel=\"noopener\">RCD-Online (EUIPO)<\/a>\n<br>\n<a href=\"https:\/\/www.tmdn.org\/tmdsview-web\/#\/dsview\" target=\"_blank\" rel=\"noopener\">DesignView (EUIPO)<\/a>\n<br>\n<a href=\"https:\/\/www3.wipo.int\/designdb\/hague\/en\/\" target=\"_blank\" rel=\"noopener\">Hague (WIPO)<\/a>\n<\/div>\n<\/div>\n<\/div><\/div>","protected":false},"excerpt":{"rendered":"<p>links \u00c4mter &#8211; Gerichte Deutsches Patent- und Markenamt Europ\u00e4isches Patentamt Einheitliches Patentgericht Amt der Europ\u00e4ischen Union f\u00fcr geistiges Eigentum (EUIPO) Weltorganisation f\u00fcr geistiges Eigentum Bundespatentgericht Bundesgerichtshof (BGH) EuGH \/ EuG Recherchen &#8211; Patente DEPATISnet (DPMA) Espacenet (EPA) Patentscope (WIPO) DPMAregister Europ\u00e4isches Patentregister JPO (Japan) KIPO (S\u00fcdkorea) USPTO (U.S.A) Informationen Patente Gebrauchsmuster Marken Designs Deutsche Gesetze Europ\u00e4isches Patent\u00fcbereinkommen (EP\u00dc) Mitgliedstaaten der Europ\u00e4ischen Patentorganisation PCT Vertragsstaaten Einheitspatent-Vertragsstaaten Madrider-Markenabkommen teilnehmende Staaten Haager-Musterabkommen teilnehmende [&hellip;]<\/p>\n","protected":false},"author":1,"featured_media":0,"parent":0,"menu_order":0,"comment_status":"closed","ping_status":"closed","template":"","meta":{"inline_featured_image":false,"_uag_custom_page_level_css":"","site-sidebar-layout":"default","site-content-layout":"","ast-site-content-layout":"default","site-content-style":"default","site-sidebar-style":"default","ast-global-header-display":"","ast-banner-title-visibility":"","ast-main-header-display":"","ast-hfb-above-header-display":"","ast-hfb-below-header-display":"","ast-hfb-mobile-header-display":"","site-post-title":"disabled","ast-breadcrumbs-content":"","ast-featured-img":"","footer-sml-layout":"","theme-transparent-header-meta":"","adv-header-id-meta":"","stick-header-meta":"","header-above-stick-meta":"","header-main-stick-meta":"","header-below-stick-meta":"","astra-migrate-meta-layouts":"set","ast-page-background-enabled":"default","ast-page-background-meta":{"desktop":{"background-color":"var(--ast-global-color-4)","background-image":"","background-repeat":"repeat","background-position":"center center","background-size":"auto","background-attachment":"scroll","background-type":"","background-media":"","overlay-type":"","overlay-color":"","overlay-opacity":"","overlay-gradient":""},"tablet":{"background-color":"","background-image":"","background-repeat":"repeat","background-position":"center center","background-size":"auto","background-attachment":"scroll","background-type":"","background-media":"","overlay-type":"","overlay-color":"","overlay-opacity":"","overlay-gradient":""},"mobile":{"background-color":"","background-image":"","background-repeat":"repeat","background-position":"center center","background-size":"auto","background-attachment":"scroll","background-type":"","background-media":"","overlay-type":"","overlay-color":"","overlay-opacity":"","overlay-gradient":""}},"ast-content-background-meta":{"desktop":{"background-color":"var(--ast-global-color-5)","background-image":"","background-repeat":"repeat","background-position":"center center","background-size":"auto","background-attachment":"scroll","background-type":"","background-media":"","overlay-type":"","overlay-color":"","overlay-opacity":"","overlay-gradient":""},"tablet":{"background-color":"var(--ast-global-color-5)","background-image":"","background-repeat":"repeat","background-position":"center center","background-size":"auto","background-attachment":"scroll","background-type":"","background-media":"","overlay-type":"","overlay-color":"","overlay-opacity":"","overlay-gradient":""},"mobile":{"background-color":"var(--ast-global-color-5)","background-image":"","background-repeat":"repeat","background-position":"center center","background-size":"auto","background-attachment":"scroll","background-type":"","background-media":"","overlay-type":"","overlay-color":"","overlay-opacity":"","overlay-gradient":""}},"footnotes":""},"class_list":["post-1497","page","type-page","status-publish","hentry"],"yoast_head":"<!-- This site is optimized with the Yoast SEO plugin v27.4 - https:\/\/yoast.com\/product\/yoast-seo-wordpress\/ -->\n<title>Links - Patentanw\u00e4lte Weisse, Moltmann &amp; Willems<\/title>\n<meta name=\"description\" content=\"\u00c4mter \u2013 Gerichte | Recherchen \u2013 Patente | Informationen | Recherchen \u2013 Marken | Recherchen \u2013 Designs\" \/>\n<meta name=\"robots\" content=\"index, follow, max-snippet:-1, max-image-preview:large, max-video-preview:-1\" \/>\n<link rel=\"canonical\" href=\"https:\/\/www.wmw-patent.de\/en\/links\/\" \/>\n<meta property=\"og:locale\" content=\"en_GB\" \/>\n<meta property=\"og:type\" content=\"article\" \/>\n<meta property=\"og:title\" content=\"Links - Patentanw\u00e4lte Weisse, Moltmann &amp; Willems\" \/>\n<meta property=\"og:description\" content=\"\u00c4mter \u2013 Gerichte | Recherchen \u2013 Patente | Informationen | Recherchen \u2013 Marken | Recherchen \u2013 Designs\" \/>\n<meta property=\"og:url\" content=\"https:\/\/www.wmw-patent.de\/en\/links\/\" \/>\n<meta property=\"og:site_name\" content=\"Patentanw\u00e4lte Weisse, Moltmann &amp; Willems\" \/>\n<meta property=\"article:modified_time\" content=\"2025-02-18T12:09:24+00:00\" \/>\n<meta property=\"og:image\" content=\"https:\/\/www.wmw-patent.de\/wp-content\/uploads\/2023\/10\/slide-links.jpg\" \/>\n\t<meta property=\"og:image:width\" content=\"1920\" \/>\n\t<meta property=\"og:image:height\" content=\"788\" \/>\n\t<meta property=\"og:image:type\" content=\"image\/jpeg\" \/>\n<meta name=\"twitter:card\" content=\"summary_large_image\" \/>\n<meta name=\"twitter:label1\" content=\"Est. reading time\" \/>\n\t<meta name=\"twitter:data1\" content=\"1 minute\" \/>\n<script type=\"application\/ld+json\" class=\"yoast-schema-graph\">{\"@context\":\"https:\\\/\\\/schema.org\",\"@graph\":[{\"@type\":\"WebPage\",\"@id\":\"https:\\\/\\\/www.wmw-patent.de\\\/links\\\/\",\"url\":\"https:\\\/\\\/www.wmw-patent.de\\\/links\\\/\",\"name\":\"Links - Patentanw\u00e4lte Weisse, Moltmann &amp; Willems\",\"isPartOf\":{\"@id\":\"https:\\\/\\\/www.wmw-patent.de\\\/en\\\/#website\"},\"primaryImageOfPage\":{\"@id\":\"https:\\\/\\\/www.wmw-patent.de\\\/links\\\/#primaryimage\"},\"image\":{\"@id\":\"https:\\\/\\\/www.wmw-patent.de\\\/links\\\/#primaryimage\"},\"thumbnailUrl\":\"https:\\\/\\\/www.wmw-patent.de\\\/wp-content\\\/uploads\\\/2023\\\/10\\\/slide-links-1024x420.jpg\",\"datePublished\":\"2023-07-28T13:08:08+00:00\",\"dateModified\":\"2025-02-18T12:09:24+00:00\",\"description\":\"\u00c4mter \u2013 Gerichte | Recherchen \u2013 Patente | Informationen | Recherchen \u2013 Marken | Recherchen \u2013 Designs\",\"breadcrumb\":{\"@id\":\"https:\\\/\\\/www.wmw-patent.de\\\/links\\\/#breadcrumb\"},\"inLanguage\":\"en-GB\",\"potentialAction\":[{\"@type\":\"ReadAction\",\"target\":[\"https:\\\/\\\/www.wmw-patent.de\\\/links\\\/\"]}]},{\"@type\":\"ImageObject\",\"inLanguage\":\"en-GB\",\"@id\":\"https:\\\/\\\/www.wmw-patent.de\\\/links\\\/#primaryimage\",\"url\":\"https:\\\/\\\/www.wmw-patent.de\\\/wp-content\\\/uploads\\\/2023\\\/10\\\/slide-links-1024x420.jpg\",\"contentUrl\":\"https:\\\/\\\/www.wmw-patent.de\\\/wp-content\\\/uploads\\\/2023\\\/10\\\/slide-links-1024x420.jpg\"},{\"@type\":\"BreadcrumbList\",\"@id\":\"https:\\\/\\\/www.wmw-patent.de\\\/links\\\/#breadcrumb\",\"itemListElement\":[{\"@type\":\"ListItem\",\"position\":1,\"name\":\"Startseite\",\"item\":\"https:\\\/\\\/www.wmw-patent.de\\\/\"},{\"@type\":\"ListItem\",\"position\":2,\"name\":\"Links\"}]},{\"@type\":\"WebSite\",\"@id\":\"https:\\\/\\\/www.wmw-patent.de\\\/en\\\/#website\",\"url\":\"https:\\\/\\\/www.wmw-patent.de\\\/en\\\/\",\"name\":\"Patentanw\u00e4lte Weisse, Moltmann &amp; Willems\",\"description\":\"Partnerschaftsgesellschaft\",\"publisher\":{\"@id\":\"https:\\\/\\\/www.wmw-patent.de\\\/en\\\/#organization\"},\"potentialAction\":[{\"@type\":\"SearchAction\",\"target\":{\"@type\":\"EntryPoint\",\"urlTemplate\":\"https:\\\/\\\/www.wmw-patent.de\\\/en\\\/?s={search_term_string}\"},\"query-input\":{\"@type\":\"PropertyValueSpecification\",\"valueRequired\":true,\"valueName\":\"search_term_string\"}}],\"inLanguage\":\"en-GB\"},{\"@type\":\"Organization\",\"@id\":\"https:\\\/\\\/www.wmw-patent.de\\\/en\\\/#organization\",\"name\":\"Patentanw\u00e4lte Weisse, Moltmann &amp; Willems\",\"url\":\"https:\\\/\\\/www.wmw-patent.de\\\/en\\\/\",\"logo\":{\"@type\":\"ImageObject\",\"inLanguage\":\"en-GB\",\"@id\":\"https:\\\/\\\/www.wmw-patent.de\\\/en\\\/#\\\/schema\\\/logo\\\/image\\\/\",\"url\":\"https:\\\/\\\/www.wmw-patent.de\\\/wp-content\\\/uploads\\\/2023\\\/08\\\/wmw-logo-quer.svg\",\"contentUrl\":\"https:\\\/\\\/www.wmw-patent.de\\\/wp-content\\\/uploads\\\/2023\\\/08\\\/wmw-logo-quer.svg\",\"width\":1063,\"height\":133,\"caption\":\"Patentanw\u00e4lte Weisse, Moltmann &amp; Willems\"},\"image\":{\"@id\":\"https:\\\/\\\/www.wmw-patent.de\\\/en\\\/#\\\/schema\\\/logo\\\/image\\\/\"}}]}<\/script>\n<!-- \/ Yoast SEO plugin. -->","yoast_head_json":{"title":"Links - Patentanw\u00e4lte Weisse, Moltmann &amp; Willems","description":"\u00c4mter \u2013 Gerichte | Recherchen \u2013 Patente | Informationen | Recherchen \u2013 Marken | Recherchen \u2013 Designs","robots":{"index":"index","follow":"follow","max-snippet":"max-snippet:-1","max-image-preview":"max-image-preview:large","max-video-preview":"max-video-preview:-1"},"canonical":"https:\/\/www.wmw-patent.de\/en\/links\/","og_locale":"en_GB","og_type":"article","og_title":"Links - Patentanw\u00e4lte Weisse, Moltmann &amp; Willems","og_description":"\u00c4mter \u2013 Gerichte | Recherchen \u2013 Patente | Informationen | Recherchen \u2013 Marken | Recherchen \u2013 Designs","og_url":"https:\/\/www.wmw-patent.de\/en\/links\/","og_site_name":"Patentanw\u00e4lte Weisse, Moltmann &amp; Willems","article_modified_time":"2025-02-18T12:09:24+00:00","og_image":[{"width":1920,"height":788,"url":"https:\/\/www.wmw-patent.de\/wp-content\/uploads\/2023\/10\/slide-links.jpg","type":"image\/jpeg"}],"twitter_card":"summary_large_image","twitter_misc":{"Est. reading time":"1 minute"},"schema":{"@context":"https:\/\/schema.org","@graph":[{"@type":"WebPage","@id":"https:\/\/www.wmw-patent.de\/links\/","url":"https:\/\/www.wmw-patent.de\/links\/","name":"Links - Patentanw\u00e4lte Weisse, Moltmann &amp; Willems","isPartOf":{"@id":"https:\/\/www.wmw-patent.de\/en\/#website"},"primaryImageOfPage":{"@id":"https:\/\/www.wmw-patent.de\/links\/#primaryimage"},"image":{"@id":"https:\/\/www.wmw-patent.de\/links\/#primaryimage"},"thumbnailUrl":"https:\/\/www.wmw-patent.de\/wp-content\/uploads\/2023\/10\/slide-links-1024x420.jpg","datePublished":"2023-07-28T13:08:08+00:00","dateModified":"2025-02-18T12:09:24+00:00","description":"\u00c4mter \u2013 Gerichte | Recherchen \u2013 Patente | Informationen | Recherchen \u2013 Marken | Recherchen \u2013 Designs","breadcrumb":{"@id":"https:\/\/www.wmw-patent.de\/links\/#breadcrumb"},"inLanguage":"en-GB","potentialAction":[{"@type":"ReadAction","target":["https:\/\/www.wmw-patent.de\/links\/"]}]},{"@type":"ImageObject","inLanguage":"en-GB","@id":"https:\/\/www.wmw-patent.de\/links\/#primaryimage","url":"https:\/\/www.wmw-patent.de\/wp-content\/uploads\/2023\/10\/slide-links-1024x420.jpg","contentUrl":"https:\/\/www.wmw-patent.de\/wp-content\/uploads\/2023\/10\/slide-links-1024x420.jpg"},{"@type":"BreadcrumbList","@id":"https:\/\/www.wmw-patent.de\/links\/#breadcrumb","itemListElement":[{"@type":"ListItem","position":1,"name":"Startseite","item":"https:\/\/www.wmw-patent.de\/"},{"@type":"ListItem","position":2,"name":"Links"}]},{"@type":"WebSite","@id":"https:\/\/www.wmw-patent.de\/en\/#website","url":"https:\/\/www.wmw-patent.de\/en\/","name":"Patent Attorneys Weisse, Moltmann &amp; Willems","description":"Partnerschaftsgesellschaft","publisher":{"@id":"https:\/\/www.wmw-patent.de\/en\/#organization"},"potentialAction":[{"@type":"SearchAction","target":{"@type":"EntryPoint","urlTemplate":"https:\/\/www.wmw-patent.de\/en\/?s={search_term_string}"},"query-input":{"@type":"PropertyValueSpecification","valueRequired":true,"valueName":"search_term_string"}}],"inLanguage":"en-GB"},{"@type":"Organization","@id":"https:\/\/www.wmw-patent.de\/en\/#organization","name":"Patent Attorneys Weisse, Moltmann &amp; Willems","url":"https:\/\/www.wmw-patent.de\/en\/","logo":{"@type":"ImageObject","inLanguage":"en-GB","@id":"https:\/\/www.wmw-patent.de\/en\/#\/schema\/logo\/image\/","url":"https:\/\/www.wmw-patent.de\/wp-content\/uploads\/2023\/08\/wmw-logo-quer.svg","contentUrl":"https:\/\/www.wmw-patent.de\/wp-content\/uploads\/2023\/08\/wmw-logo-quer.svg","width":1063,"height":133,"caption":"Patentanw\u00e4lte Weisse, Moltmann &amp; Willems"},"image":{"@id":"https:\/\/www.wmw-patent.de\/en\/#\/schema\/logo\/image\/"}}]}},"uagb_featured_image_src":{"full":false,"thumbnail":false,"medium":false,"medium_large":false,"large":false,"1536x1536":false,"2048x2048":false,"trp-custom-language-flag":false},"uagb_author_info":{"display_name":"admin","author_link":"https:\/\/www.wmw-patent.de\/en\/author\/admin\/"},"uagb_comment_info":0,"uagb_excerpt":"links \u00c4mter &#8211; Gerichte Deutsches Patent- und Markenamt Europ\u00e4isches Patentamt Einheitliches Patentgericht Amt der Europ\u00e4ischen Union f\u00fcr geistiges Eigentum (EUIPO) Weltorganisation f\u00fcr geistiges Eigentum Bundespatentgericht Bundesgerichtshof (BGH) EuGH \/ EuG Recherchen &#8211; Patente DEPATISnet (DPMA) Espacenet (EPA) Patentscope (WIPO) DPMAregister Europ\u00e4isches Patentregister JPO (Japan) KIPO (S\u00fcdkorea) USPTO (U.S.A) Informationen Patente Gebrauchsmuster Marken Designs Deutsche Gesetze&hellip;","_links":{"self":[{"href":"https:\/\/www.wmw-patent.de\/en\/wp-json\/wp\/v2\/pages\/1497","targetHints":{"allow":["GET"]}}],"collection":[{"href":"https:\/\/www.wmw-patent.de\/en\/wp-json\/wp\/v2\/pages"}],"about":[{"href":"https:\/\/www.wmw-patent.de\/en\/wp-json\/wp\/v2\/types\/page"}],"author":[{"embeddable":true,"href":"https:\/\/www.wmw-patent.de\/en\/wp-json\/wp\/v2\/users\/1"}],"replies":[{"embeddable":true,"href":"https:\/\/www.wmw-patent.de\/en\/wp-json\/wp\/v2\/comments?post=1497"}],"version-history":[{"count":27,"href":"https:\/\/www.wmw-patent.de\/en\/wp-json\/wp\/v2\/pages\/1497\/revisions"}],"predecessor-version":[{"id":3133,"href":"https:\/\/www.wmw-patent.de\/en\/wp-json\/wp\/v2\/pages\/1497\/revisions\/3133"}],"wp:attachment":[{"href":"https:\/\/www.wmw-patent.de\/en\/wp-json\/wp\/v2\/media?parent=1497"}],"curies":[{"name":"wp","href":"https:\/\/api.w.org\/{rel}","templated":true}]}}