{"id":1512,"date":"2023-07-28T13:41:41","date_gmt":"2023-07-28T13:41:41","guid":{"rendered":"https:\/\/www.wmw-patent.de\/?page_id=1512"},"modified":"2024-03-11T18:55:48","modified_gmt":"2024-03-11T18:55:48","slug":"historie","status":"publish","type":"page","link":"https:\/\/www.wmw-patent.de\/en\/historie\/","title":{"rendered":"History"},"content":{"rendered":"<div class=\"wp-block-uagb-container uagb-block-9c60ab12 alignfull uagb-is-root-container\">\n<div class=\"wp-block-cover alignfull is-light\" style=\"min-height:60vh;aspect-ratio:unset;\"><span aria-hidden=\"true\" class=\"wp-block-cover__background has-background-dim-0 has-background-dim\"><\/span><img loading=\"lazy\" decoding=\"async\" width=\"1024\" height=\"420\" class=\"wp-block-cover__image-background wp-image-1831\" alt=\"\" src=\"https:\/\/www.wmw-patent.de\/wp-content\/uploads\/2023\/09\/slide-historie-4-1024x420.jpg\" style=\"object-position:49% 67%\" data-object-fit=\"cover\" data-object-position=\"49% 67%\" srcset=\"https:\/\/www.wmw-patent.de\/wp-content\/uploads\/2023\/09\/slide-historie-4-1024x420.jpg 1024w, https:\/\/www.wmw-patent.de\/wp-content\/uploads\/2023\/09\/slide-historie-4-300x123.jpg 300w, https:\/\/www.wmw-patent.de\/wp-content\/uploads\/2023\/09\/slide-historie-4-768x315.jpg 768w, https:\/\/www.wmw-patent.de\/wp-content\/uploads\/2023\/09\/slide-historie-4-1536x630.jpg 1536w, https:\/\/www.wmw-patent.de\/wp-content\/uploads\/2023\/09\/slide-historie-4.jpg 1920w\" sizes=\"auto, (max-width: 1024px) 100vw, 1024px\" \/><div class=\"wp-block-cover__inner-container is-layout-flow wp-block-cover-is-layout-flow\">\n<p class=\"has-text-align-center has-large-font-size\"><\/p>\n<\/div><\/div>\n<\/div>\n\n\n\n<div class=\"wp-block-uagb-container uagb-block-034a27a8 alignfull uagb-is-root-container\"><div class=\"uagb-container-inner-blocks-wrap\">\n<div class=\"wp-block-uagb-container uagb-block-7f9cf7b6\">\n<div class=\"wp-block-uagb-container uagb-block-7a799c45\">\n<h2 class=\"wp-block-heading has-text-align-left\">History<\/h2>\n<\/div>\n<\/div>\n<\/div><\/div>\n\n\n\n<div class=\"wp-block-uagb-container uagb-block-138d8174 alignfull uagb-is-root-container\"><div class=\"uagb-container-inner-blocks-wrap\">\n<div class=\"wp-block-uagb-container uagb-block-60626a09\">\n<div class=\"wp-block-uagb-container uag-hide-mob uagb-block-8fe5ef2f\">\n<figure class=\"wp-block-image size-large\"><img loading=\"lazy\" decoding=\"async\" width=\"1024\" height=\"843\" src=\"https:\/\/www.wmw-patent.de\/wp-content\/uploads\/2023\/10\/Ausweis-1-1024x843.jpg\" alt=\"\" class=\"wp-image-1852\" srcset=\"https:\/\/www.wmw-patent.de\/wp-content\/uploads\/2023\/10\/Ausweis-1-1024x843.jpg 1024w, https:\/\/www.wmw-patent.de\/wp-content\/uploads\/2023\/10\/Ausweis-1-300x247.jpg 300w, https:\/\/www.wmw-patent.de\/wp-content\/uploads\/2023\/10\/Ausweis-1-768x633.jpg 768w, https:\/\/www.wmw-patent.de\/wp-content\/uploads\/2023\/10\/Ausweis-1.jpg 1202w\" sizes=\"auto, (max-width: 1024px) 100vw, 1024px\" \/><\/figure>\n\n\n\n<div style=\"height:40px\" aria-hidden=\"true\" class=\"wp-block-spacer\"><\/div>\n\n\n\n<figure class=\"wp-block-image size-large\"><img loading=\"lazy\" decoding=\"async\" width=\"1024\" height=\"843\" src=\"https:\/\/www.wmw-patent.de\/wp-content\/uploads\/2023\/10\/e-weisse-1024x843.jpg\" alt=\"\" class=\"wp-image-1845\" srcset=\"https:\/\/www.wmw-patent.de\/wp-content\/uploads\/2023\/10\/e-weisse-1024x843.jpg 1024w, https:\/\/www.wmw-patent.de\/wp-content\/uploads\/2023\/10\/e-weisse-300x247.jpg 300w, https:\/\/www.wmw-patent.de\/wp-content\/uploads\/2023\/10\/e-weisse-768x633.jpg 768w, https:\/\/www.wmw-patent.de\/wp-content\/uploads\/2023\/10\/e-weisse.jpg 1202w\" sizes=\"auto, (max-width: 1024px) 100vw, 1024px\" \/><\/figure>\n\n\n\n<div style=\"height:10px\" aria-hidden=\"true\" class=\"wp-block-spacer\"><\/div>\n\n\n\n<p><strong>Ernst E. Weisse <sup>\u2020<\/sup><\/strong><\/p>\n\n\n\n<div style=\"height:40px\" aria-hidden=\"true\" class=\"wp-block-spacer\"><\/div>\n\n\n\n<figure class=\"wp-block-image size-large\"><img loading=\"lazy\" decoding=\"async\" width=\"1024\" height=\"843\" src=\"https:\/\/www.wmw-patent.de\/wp-content\/uploads\/2023\/10\/weisse-1-1024x843.jpg\" alt=\"\" class=\"wp-image-1956\" srcset=\"https:\/\/www.wmw-patent.de\/wp-content\/uploads\/2023\/10\/weisse-1-1024x843.jpg 1024w, https:\/\/www.wmw-patent.de\/wp-content\/uploads\/2023\/10\/weisse-1-300x247.jpg 300w, https:\/\/www.wmw-patent.de\/wp-content\/uploads\/2023\/10\/weisse-1-768x633.jpg 768w, https:\/\/www.wmw-patent.de\/wp-content\/uploads\/2023\/10\/weisse-1.jpg 1202w\" sizes=\"auto, (max-width: 1024px) 100vw, 1024px\" \/><\/figure>\n\n\n\n<div style=\"height:10px\" aria-hidden=\"true\" class=\"wp-block-spacer\"><\/div>\n\n\n\n<p><strong>Dipl.-Phys. J\u00fcrgen Weisse <sup>\u2020<\/sup><\/strong><\/p>\n\n\n\n<div style=\"height:40px\" aria-hidden=\"true\" class=\"wp-block-spacer\"><\/div>\n\n\n\n<figure class=\"wp-block-image size-large\"><img loading=\"lazy\" decoding=\"async\" width=\"1024\" height=\"843\" src=\"https:\/\/www.wmw-patent.de\/wp-content\/uploads\/2023\/10\/wollgast-1024x843.jpg\" alt=\"\" class=\"wp-image-1958\" srcset=\"https:\/\/www.wmw-patent.de\/wp-content\/uploads\/2023\/10\/wollgast-1024x843.jpg 1024w, https:\/\/www.wmw-patent.de\/wp-content\/uploads\/2023\/10\/wollgast-300x247.jpg 300w, https:\/\/www.wmw-patent.de\/wp-content\/uploads\/2023\/10\/wollgast-768x633.jpg 768w, https:\/\/www.wmw-patent.de\/wp-content\/uploads\/2023\/10\/wollgast.jpg 1202w\" sizes=\"auto, (max-width: 1024px) 100vw, 1024px\" \/><\/figure>\n\n\n\n<div style=\"height:10px\" aria-hidden=\"true\" class=\"wp-block-spacer\"><\/div>\n\n\n\n<p><strong><strong>Dr. Rudolf Wolgast<\/strong> <sup>\u2020<\/sup><\/strong><\/p>\n\n\n\n<div style=\"height:40px\" aria-hidden=\"true\" class=\"wp-block-spacer\"><\/div>\n<\/div>\n\n\n\n<div class=\"wp-block-uagb-container uagb-block-fd8732cf\">\n<p><strong>WMW<\/strong> is a patent law firm characterized by family tradition and located in Velbert-Langenberg.<\/p>\n\n\n\n<p><strong>1951<\/strong> founded <strong><em>Ernst E. Weisse<\/em><sup> <em>\u2020<\/em><\/sup><\/strong> the law firm \u201eWeisse\u201c in D\u00fcsseldorf, having previously been head of the patent department of Askania-Werke in Berlin for many years.<\/p>\n\n\n\n<p><strong>1959<\/strong> the patent law firm moved from D\u00fcsseldorf to Velbert-Langenberg, where it still has its headquarters today.\u00a0 <strong><em>Dipl.-Phys. J\u00fcrgen Weisse<\/em><\/strong> <strong><sup><em>\u2020<\/em><\/sup><\/strong>son of Ernst E. Weisse, joined the patent law firm \u201eWeisse\u201c at this time.<\/p>\n\n\n\n<figure class=\"wp-block-image size-large\"><img loading=\"lazy\" decoding=\"async\" width=\"1024\" height=\"722\" src=\"https:\/\/www.wmw-patent.de\/wp-content\/uploads\/2023\/10\/Ausweis-1024x722.jpg\" alt=\"\" class=\"wp-image-1850\" srcset=\"https:\/\/www.wmw-patent.de\/wp-content\/uploads\/2023\/10\/Ausweis-1024x722.jpg 1024w, https:\/\/www.wmw-patent.de\/wp-content\/uploads\/2023\/10\/Ausweis-300x212.jpg 300w, https:\/\/www.wmw-patent.de\/wp-content\/uploads\/2023\/10\/Ausweis-768x542.jpg 768w, https:\/\/www.wmw-patent.de\/wp-content\/uploads\/2023\/10\/Ausweis.jpg 1090w\" sizes=\"auto, (max-width: 1024px) 100vw, 1024px\" \/><\/figure>\n\n\n\n<p><\/p>\n\n\n\n<p><strong>1972<\/strong> was <strong><em>Dipl.-Chem. Dr. Rudolf Wolgast<\/em><\/strong> <strong><sup><em>\u2020<\/em><\/sup><\/strong> joined the firm. Since then, the firm has operated under the name of Patent Attorneys \u201eWeisse &amp; Wolgast\u201c.<\/p>\n\n\n\n<p><strong>1997<\/strong> entered <strong><em>Dipl.-Phys. J\u00f6rg Weisse<\/em><\/strong>, son of J\u00fcrgen Weisse, joined the firm, now in the third generation.<\/p>\n\n\n\n<p><strong>2006<\/strong> the firm expanded with <strong><em>Dipl.-Phys. Nicolas Moltmann<\/em><\/strong> its expertise.<\/p>\n\n\n\n<p><strong>2013<\/strong> the Velbert law firm Weisse &amp; Wolgast merged with the Munich law firm Willems, which had been established since 1997. Due to the fusion and entry of\u00a0Dipl.-Geophys <strong><em>Dipl.-Geophys. Volker Willems<\/em><\/strong> into the firm, its name and legal form were changed to Patent Attorneys \u201eWeisse, Moltmann &amp; Willems PartG\u201c with its main office in Velbert-Langenberg.<\/p>\n\n\n\n<p><strong>2023<\/strong> entered <strong><em>M.Sc. Philip Weisse<\/em><\/strong>, son of J\u00f6rg Weisse, joined the patent law firm already in the fourth generation. The patent law firm operates under the current legal form \u201e<strong>Patentanw\u00e4lte Weisse, Moltmann &amp; Willems PartG mbB<\/strong>\" with its main office in Velbert-Langenberg.<\/p>\n<\/div>\n<\/div>\n<\/div><\/div>","protected":false},"excerpt":{"rendered":"<p>Historie Ernst E. Weisse \u2020 Dipl.-Phys. J\u00fcrgen Weisse \u2020 Dr. Rudolf Wolgast \u2020 WMW ist eine von Familientradition gepr\u00e4gte Patentanwaltskanzlei mit Sitz in Velbert-Langenberg. 1951 gr\u00fcndete Ernst E. Weisse \u2020 in D\u00fcsseldorf die Kanzlei \u201eWeisse\u201c, nachdem er zuvor viele Jahre Leiter der Patentabteilung der Askania-Werke in Berlin war. 1959 zog die Patentanwaltskanzlei von D\u00fcsseldorf nach Velbert-Langenberg, wo sie bis heute ihren Stammsitz hat. Dipl.-Phys. J\u00fcrgen Weisse \u2020, Sohn von Ernst [&hellip;]<\/p>\n","protected":false},"author":1,"featured_media":0,"parent":0,"menu_order":0,"comment_status":"closed","ping_status":"closed","template":"","meta":{"inline_featured_image":false,"_uag_custom_page_level_css":"","site-sidebar-layout":"default","site-content-layout":"","ast-site-content-layout":"default","site-content-style":"default","site-sidebar-style":"default","ast-global-header-display":"","ast-banner-title-visibility":"","ast-main-header-display":"","ast-hfb-above-header-display":"","ast-hfb-below-header-display":"","ast-hfb-mobile-header-display":"","site-post-title":"disabled","ast-breadcrumbs-content":"","ast-featured-img":"","footer-sml-layout":"","theme-transparent-header-meta":"","adv-header-id-meta":"","stick-header-meta":"","header-above-stick-meta":"","header-main-stick-meta":"","header-below-stick-meta":"","astra-migrate-meta-layouts":"set","ast-page-background-enabled":"default","ast-page-background-meta":{"desktop":{"background-color":"var(--ast-global-color-4)","background-image":"","background-repeat":"repeat","background-position":"center center","background-size":"auto","background-attachment":"scroll","background-type":"","background-media":"","overlay-type":"","overlay-color":"","overlay-opacity":"","overlay-gradient":""},"tablet":{"background-color":"","background-image":"","background-repeat":"repeat","background-position":"center center","background-size":"auto","background-attachment":"scroll","background-type":"","background-media":"","overlay-type":"","overlay-color":"","overlay-opacity":"","overlay-gradient":""},"mobile":{"background-color":"","background-image":"","background-repeat":"repeat","background-position":"center center","background-size":"auto","background-attachment":"scroll","background-type":"","background-media":"","overlay-type":"","overlay-color":"","overlay-opacity":"","overlay-gradient":""}},"ast-content-background-meta":{"desktop":{"background-color":"var(--ast-global-color-5)","background-image":"","background-repeat":"repeat","background-position":"center center","background-size":"auto","background-attachment":"scroll","background-type":"","background-media":"","overlay-type":"","overlay-color":"","overlay-opacity":"","overlay-gradient":""},"tablet":{"background-color":"var(--ast-global-color-5)","background-image":"","background-repeat":"repeat","background-position":"center center","background-size":"auto","background-attachment":"scroll","background-type":"","background-media":"","overlay-type":"","overlay-color":"","overlay-opacity":"","overlay-gradient":""},"mobile":{"background-color":"var(--ast-global-color-5)","background-image":"","background-repeat":"repeat","background-position":"center center","background-size":"auto","background-attachment":"scroll","background-type":"","background-media":"","overlay-type":"","overlay-color":"","overlay-opacity":"","overlay-gradient":""}},"footnotes":""},"class_list":["post-1512","page","type-page","status-publish","hentry"],"yoast_head":"<!-- This site is optimized with the Yoast SEO plugin v27.4 - https:\/\/yoast.com\/product\/yoast-seo-wordpress\/ -->\n<title>Historie - Patentanw\u00e4lte Weisse, Moltmann &amp; Willems<\/title>\n<meta name=\"description\" content=\"WMW ist eine von Familientradition gepr\u00e4gte Patentanwaltskanzlei mit Sitz in Velbert-Langenberg.1951 gr\u00fcndete Ernst E. Weisse \u2020 in D\u00fcsseldorf die Kanzlei \u201eWeisse\u201c, nachdem er zuvor viele Jahre Leiter der Patentabteilung der Askania-Werke in Berlin war.\" \/>\n<meta name=\"robots\" content=\"index, follow, max-snippet:-1, max-image-preview:large, max-video-preview:-1\" \/>\n<link rel=\"canonical\" href=\"https:\/\/www.wmw-patent.de\/en\/historie\/\" \/>\n<meta property=\"og:locale\" content=\"en_GB\" \/>\n<meta property=\"og:type\" content=\"article\" \/>\n<meta property=\"og:title\" content=\"Historie - Patentanw\u00e4lte Weisse, Moltmann &amp; Willems\" \/>\n<meta property=\"og:description\" content=\"WMW ist eine von Familientradition gepr\u00e4gte Patentanwaltskanzlei mit Sitz in Velbert-Langenberg.1951 gr\u00fcndete Ernst E. Weisse \u2020 in D\u00fcsseldorf die Kanzlei \u201eWeisse\u201c, nachdem er zuvor viele Jahre Leiter der Patentabteilung der Askania-Werke in Berlin war.\" \/>\n<meta property=\"og:url\" content=\"https:\/\/www.wmw-patent.de\/en\/historie\/\" \/>\n<meta property=\"og:site_name\" content=\"Patentanw\u00e4lte Weisse, Moltmann &amp; Willems\" \/>\n<meta property=\"article:modified_time\" content=\"2024-03-11T18:55:48+00:00\" \/>\n<meta property=\"og:image\" content=\"https:\/\/www.wmw-patent.de\/wp-content\/uploads\/2023\/09\/slide-historie-4-1024x420.jpg\" \/>\n<meta name=\"twitter:card\" content=\"summary_large_image\" \/>\n<meta name=\"twitter:label1\" content=\"Est. reading time\" \/>\n\t<meta name=\"twitter:data1\" content=\"3 minutes\" \/>\n<script type=\"application\/ld+json\" class=\"yoast-schema-graph\">{\"@context\":\"https:\\\/\\\/schema.org\",\"@graph\":[{\"@type\":\"WebPage\",\"@id\":\"https:\\\/\\\/www.wmw-patent.de\\\/historie\\\/\",\"url\":\"https:\\\/\\\/www.wmw-patent.de\\\/historie\\\/\",\"name\":\"Historie - Patentanw\u00e4lte Weisse, Moltmann &amp; Willems\",\"isPartOf\":{\"@id\":\"https:\\\/\\\/www.wmw-patent.de\\\/en\\\/#website\"},\"primaryImageOfPage\":{\"@id\":\"https:\\\/\\\/www.wmw-patent.de\\\/historie\\\/#primaryimage\"},\"image\":{\"@id\":\"https:\\\/\\\/www.wmw-patent.de\\\/historie\\\/#primaryimage\"},\"thumbnailUrl\":\"https:\\\/\\\/www.wmw-patent.de\\\/wp-content\\\/uploads\\\/2023\\\/09\\\/slide-historie-4-1024x420.jpg\",\"datePublished\":\"2023-07-28T13:41:41+00:00\",\"dateModified\":\"2024-03-11T18:55:48+00:00\",\"description\":\"WMW ist eine von Familientradition gepr\u00e4gte Patentanwaltskanzlei mit Sitz in Velbert-Langenberg.1951 gr\u00fcndete Ernst E. Weisse \u2020 in D\u00fcsseldorf die Kanzlei \u201eWeisse\u201c, nachdem er zuvor viele Jahre Leiter der Patentabteilung der Askania-Werke in Berlin war.\",\"breadcrumb\":{\"@id\":\"https:\\\/\\\/www.wmw-patent.de\\\/historie\\\/#breadcrumb\"},\"inLanguage\":\"en-GB\",\"potentialAction\":[{\"@type\":\"ReadAction\",\"target\":[\"https:\\\/\\\/www.wmw-patent.de\\\/historie\\\/\"]}]},{\"@type\":\"ImageObject\",\"inLanguage\":\"en-GB\",\"@id\":\"https:\\\/\\\/www.wmw-patent.de\\\/historie\\\/#primaryimage\",\"url\":\"https:\\\/\\\/www.wmw-patent.de\\\/wp-content\\\/uploads\\\/2023\\\/09\\\/slide-historie-4-1024x420.jpg\",\"contentUrl\":\"https:\\\/\\\/www.wmw-patent.de\\\/wp-content\\\/uploads\\\/2023\\\/09\\\/slide-historie-4-1024x420.jpg\"},{\"@type\":\"BreadcrumbList\",\"@id\":\"https:\\\/\\\/www.wmw-patent.de\\\/historie\\\/#breadcrumb\",\"itemListElement\":[{\"@type\":\"ListItem\",\"position\":1,\"name\":\"Startseite\",\"item\":\"https:\\\/\\\/www.wmw-patent.de\\\/\"},{\"@type\":\"ListItem\",\"position\":2,\"name\":\"Historie\"}]},{\"@type\":\"WebSite\",\"@id\":\"https:\\\/\\\/www.wmw-patent.de\\\/en\\\/#website\",\"url\":\"https:\\\/\\\/www.wmw-patent.de\\\/en\\\/\",\"name\":\"Patentanw\u00e4lte Weisse, Moltmann &amp; Willems\",\"description\":\"Partnerschaftsgesellschaft\",\"publisher\":{\"@id\":\"https:\\\/\\\/www.wmw-patent.de\\\/en\\\/#organization\"},\"potentialAction\":[{\"@type\":\"SearchAction\",\"target\":{\"@type\":\"EntryPoint\",\"urlTemplate\":\"https:\\\/\\\/www.wmw-patent.de\\\/en\\\/?s={search_term_string}\"},\"query-input\":{\"@type\":\"PropertyValueSpecification\",\"valueRequired\":true,\"valueName\":\"search_term_string\"}}],\"inLanguage\":\"en-GB\"},{\"@type\":\"Organization\",\"@id\":\"https:\\\/\\\/www.wmw-patent.de\\\/en\\\/#organization\",\"name\":\"Patentanw\u00e4lte Weisse, Moltmann &amp; Willems\",\"url\":\"https:\\\/\\\/www.wmw-patent.de\\\/en\\\/\",\"logo\":{\"@type\":\"ImageObject\",\"inLanguage\":\"en-GB\",\"@id\":\"https:\\\/\\\/www.wmw-patent.de\\\/en\\\/#\\\/schema\\\/logo\\\/image\\\/\",\"url\":\"https:\\\/\\\/www.wmw-patent.de\\\/wp-content\\\/uploads\\\/2023\\\/08\\\/wmw-logo-quer.svg\",\"contentUrl\":\"https:\\\/\\\/www.wmw-patent.de\\\/wp-content\\\/uploads\\\/2023\\\/08\\\/wmw-logo-quer.svg\",\"width\":1063,\"height\":133,\"caption\":\"Patentanw\u00e4lte Weisse, Moltmann &amp; Willems\"},\"image\":{\"@id\":\"https:\\\/\\\/www.wmw-patent.de\\\/en\\\/#\\\/schema\\\/logo\\\/image\\\/\"}}]}<\/script>\n<!-- \/ Yoast SEO plugin. -->","yoast_head_json":{"title":"Historie - Patentanw\u00e4lte Weisse, Moltmann &amp; Willems","description":"WMW ist eine von Familientradition gepr\u00e4gte Patentanwaltskanzlei mit Sitz in Velbert-Langenberg.1951 gr\u00fcndete Ernst E. Weisse \u2020 in D\u00fcsseldorf die Kanzlei \u201eWeisse\u201c, nachdem er zuvor viele Jahre Leiter der Patentabteilung der Askania-Werke in Berlin war.","robots":{"index":"index","follow":"follow","max-snippet":"max-snippet:-1","max-image-preview":"max-image-preview:large","max-video-preview":"max-video-preview:-1"},"canonical":"https:\/\/www.wmw-patent.de\/en\/historie\/","og_locale":"en_GB","og_type":"article","og_title":"Historie - Patentanw\u00e4lte Weisse, Moltmann &amp; Willems","og_description":"WMW ist eine von Familientradition gepr\u00e4gte Patentanwaltskanzlei mit Sitz in Velbert-Langenberg.1951 gr\u00fcndete Ernst E. Weisse \u2020 in D\u00fcsseldorf die Kanzlei \u201eWeisse\u201c, nachdem er zuvor viele Jahre Leiter der Patentabteilung der Askania-Werke in Berlin war.","og_url":"https:\/\/www.wmw-patent.de\/en\/historie\/","og_site_name":"Patentanw\u00e4lte Weisse, Moltmann &amp; Willems","article_modified_time":"2024-03-11T18:55:48+00:00","og_image":[{"url":"https:\/\/www.wmw-patent.de\/wp-content\/uploads\/2023\/09\/slide-historie-4-1024x420.jpg","type":"","width":"","height":""}],"twitter_card":"summary_large_image","twitter_misc":{"Est. reading time":"3 minutes"},"schema":{"@context":"https:\/\/schema.org","@graph":[{"@type":"WebPage","@id":"https:\/\/www.wmw-patent.de\/historie\/","url":"https:\/\/www.wmw-patent.de\/historie\/","name":"Historie - Patentanw\u00e4lte Weisse, Moltmann &amp; Willems","isPartOf":{"@id":"https:\/\/www.wmw-patent.de\/en\/#website"},"primaryImageOfPage":{"@id":"https:\/\/www.wmw-patent.de\/historie\/#primaryimage"},"image":{"@id":"https:\/\/www.wmw-patent.de\/historie\/#primaryimage"},"thumbnailUrl":"https:\/\/www.wmw-patent.de\/wp-content\/uploads\/2023\/09\/slide-historie-4-1024x420.jpg","datePublished":"2023-07-28T13:41:41+00:00","dateModified":"2024-03-11T18:55:48+00:00","description":"WMW ist eine von Familientradition gepr\u00e4gte Patentanwaltskanzlei mit Sitz in Velbert-Langenberg.1951 gr\u00fcndete Ernst E. Weisse \u2020 in D\u00fcsseldorf die Kanzlei \u201eWeisse\u201c, nachdem er zuvor viele Jahre Leiter der Patentabteilung der Askania-Werke in Berlin war.","breadcrumb":{"@id":"https:\/\/www.wmw-patent.de\/historie\/#breadcrumb"},"inLanguage":"en-GB","potentialAction":[{"@type":"ReadAction","target":["https:\/\/www.wmw-patent.de\/historie\/"]}]},{"@type":"ImageObject","inLanguage":"en-GB","@id":"https:\/\/www.wmw-patent.de\/historie\/#primaryimage","url":"https:\/\/www.wmw-patent.de\/wp-content\/uploads\/2023\/09\/slide-historie-4-1024x420.jpg","contentUrl":"https:\/\/www.wmw-patent.de\/wp-content\/uploads\/2023\/09\/slide-historie-4-1024x420.jpg"},{"@type":"BreadcrumbList","@id":"https:\/\/www.wmw-patent.de\/historie\/#breadcrumb","itemListElement":[{"@type":"ListItem","position":1,"name":"Startseite","item":"https:\/\/www.wmw-patent.de\/"},{"@type":"ListItem","position":2,"name":"Historie"}]},{"@type":"WebSite","@id":"https:\/\/www.wmw-patent.de\/en\/#website","url":"https:\/\/www.wmw-patent.de\/en\/","name":"Patent Attorneys Weisse, Moltmann &amp; Willems","description":"Partnerschaftsgesellschaft","publisher":{"@id":"https:\/\/www.wmw-patent.de\/en\/#organization"},"potentialAction":[{"@type":"SearchAction","target":{"@type":"EntryPoint","urlTemplate":"https:\/\/www.wmw-patent.de\/en\/?s={search_term_string}"},"query-input":{"@type":"PropertyValueSpecification","valueRequired":true,"valueName":"search_term_string"}}],"inLanguage":"en-GB"},{"@type":"Organization","@id":"https:\/\/www.wmw-patent.de\/en\/#organization","name":"Patent Attorneys Weisse, Moltmann &amp; Willems","url":"https:\/\/www.wmw-patent.de\/en\/","logo":{"@type":"ImageObject","inLanguage":"en-GB","@id":"https:\/\/www.wmw-patent.de\/en\/#\/schema\/logo\/image\/","url":"https:\/\/www.wmw-patent.de\/wp-content\/uploads\/2023\/08\/wmw-logo-quer.svg","contentUrl":"https:\/\/www.wmw-patent.de\/wp-content\/uploads\/2023\/08\/wmw-logo-quer.svg","width":1063,"height":133,"caption":"Patentanw\u00e4lte Weisse, Moltmann &amp; Willems"},"image":{"@id":"https:\/\/www.wmw-patent.de\/en\/#\/schema\/logo\/image\/"}}]}},"uagb_featured_image_src":{"full":false,"thumbnail":false,"medium":false,"medium_large":false,"large":false,"1536x1536":false,"2048x2048":false,"trp-custom-language-flag":false},"uagb_author_info":{"display_name":"admin","author_link":"https:\/\/www.wmw-patent.de\/en\/author\/admin\/"},"uagb_comment_info":0,"uagb_excerpt":"Historie Ernst E. Weisse \u2020 Dipl.-Phys. J\u00fcrgen Weisse \u2020 Dr. Rudolf Wolgast \u2020 WMW ist eine von Familientradition gepr\u00e4gte Patentanwaltskanzlei mit Sitz in Velbert-Langenberg. 1951 gr\u00fcndete Ernst E. Weisse \u2020 in D\u00fcsseldorf die Kanzlei \u201eWeisse\u201c, nachdem er zuvor viele Jahre Leiter der Patentabteilung der Askania-Werke in Berlin war. 1959 zog die Patentanwaltskanzlei von D\u00fcsseldorf nach&hellip;","_links":{"self":[{"href":"https:\/\/www.wmw-patent.de\/en\/wp-json\/wp\/v2\/pages\/1512","targetHints":{"allow":["GET"]}}],"collection":[{"href":"https:\/\/www.wmw-patent.de\/en\/wp-json\/wp\/v2\/pages"}],"about":[{"href":"https:\/\/www.wmw-patent.de\/en\/wp-json\/wp\/v2\/types\/page"}],"author":[{"embeddable":true,"href":"https:\/\/www.wmw-patent.de\/en\/wp-json\/wp\/v2\/users\/1"}],"replies":[{"embeddable":true,"href":"https:\/\/www.wmw-patent.de\/en\/wp-json\/wp\/v2\/comments?post=1512"}],"version-history":[{"count":45,"href":"https:\/\/www.wmw-patent.de\/en\/wp-json\/wp\/v2\/pages\/1512\/revisions"}],"predecessor-version":[{"id":3055,"href":"https:\/\/www.wmw-patent.de\/en\/wp-json\/wp\/v2\/pages\/1512\/revisions\/3055"}],"wp:attachment":[{"href":"https:\/\/www.wmw-patent.de\/en\/wp-json\/wp\/v2\/media?parent=1512"}],"curies":[{"name":"wp","href":"https:\/\/api.w.org\/{rel}","templated":true}]}}