{"id":1549,"date":"2023-08-02T11:11:25","date_gmt":"2023-08-02T11:11:25","guid":{"rendered":"https:\/\/www.wmw-patent.de\/?page_id=1549"},"modified":"2024-01-09T15:31:18","modified_gmt":"2024-01-09T15:31:18","slug":"marken","status":"publish","type":"page","link":"https:\/\/www.wmw-patent.de\/en\/marken\/","title":{"rendered":"Trade Marks"},"content":{"rendered":"<div class=\"wp-block-uagb-container uagb-block-e11a9821 alignfull uagb-is-root-container\">\n<div class=\"wp-block-cover alignfull\" style=\"min-height:60vh;aspect-ratio:unset;\"><span aria-hidden=\"true\" class=\"wp-block-cover__background has-background-dim-0 has-background-dim\"><\/span><img loading=\"lazy\" decoding=\"async\" width=\"1024\" height=\"420\" class=\"wp-block-cover__image-background wp-image-2032\" alt=\"\" src=\"https:\/\/www.wmw-patent.de\/wp-content\/uploads\/2023\/10\/slide-marken-1024x420.jpg\" data-object-fit=\"cover\" srcset=\"https:\/\/www.wmw-patent.de\/wp-content\/uploads\/2023\/10\/slide-marken-1024x420.jpg 1024w, https:\/\/www.wmw-patent.de\/wp-content\/uploads\/2023\/10\/slide-marken-300x123.jpg 300w, https:\/\/www.wmw-patent.de\/wp-content\/uploads\/2023\/10\/slide-marken-768x315.jpg 768w, https:\/\/www.wmw-patent.de\/wp-content\/uploads\/2023\/10\/slide-marken-1536x630.jpg 1536w, https:\/\/www.wmw-patent.de\/wp-content\/uploads\/2023\/10\/slide-marken.jpg 1920w\" sizes=\"auto, (max-width: 1024px) 100vw, 1024px\" \/><div class=\"wp-block-cover__inner-container is-layout-flow wp-block-cover-is-layout-flow\">\n<p class=\"has-text-align-center has-large-font-size\"><\/p>\n<\/div><\/div>\n<\/div>\n\n\n\n<div class=\"wp-block-uagb-container uagb-block-5db9df57 alignfull uagb-is-root-container\"><div class=\"uagb-container-inner-blocks-wrap\">\n<h2 class=\"wp-block-heading has-text-align-left\">Trade Marks<\/h2>\n\n\n\n<p>Trademarks are \u201eintellectual property\u201c. Trademarks characterize a company\u2019s goods and services in order to distinguish them from those of other companies. On the one hand, they serve as an indication of origin and, in particular, they stand for the quality of a product. A trademark can be continuously renewed for an unlimited period of time. Words, images, slogans and logos, for example, can be protected. Purely descriptive terms or figurative elements are generally excluded from registration. Before applying for a trademark, searches should be made for possible collisions with earlier rights.<\/p>\n\n\n\n<div style=\"height:4vh\" aria-hidden=\"true\" class=\"wp-block-spacer\"><\/div>\n\n\n\n<div class=\"wp-block-columns is-layout-flex wp-container-core-columns-is-layout-648be738 wp-block-columns-is-layout-flex\" style=\"margin-top:var(--wp--preset--spacing--50);padding-top:0;padding-right:0;padding-bottom:0;padding-left:0\">\n<div class=\"wp-block-column is-layout-flow wp-block-column-is-layout-flow\">\n<figure class=\"wp-block-image size-large has-custom-border\"><img loading=\"lazy\" decoding=\"async\" width=\"1024\" height=\"664\" src=\"https:\/\/www.wmw-patent.de\/wp-content\/uploads\/2023\/09\/marken-1024x664.jpg\" alt=\"\" class=\"has-border-color has-ast-global-color-0-border-color wp-image-1726\" style=\"border-width:1px\" srcset=\"https:\/\/www.wmw-patent.de\/wp-content\/uploads\/2023\/09\/marken-1024x664.jpg 1024w, https:\/\/www.wmw-patent.de\/wp-content\/uploads\/2023\/09\/marken-300x195.jpg 300w, https:\/\/www.wmw-patent.de\/wp-content\/uploads\/2023\/09\/marken-768x498.jpg 768w, https:\/\/www.wmw-patent.de\/wp-content\/uploads\/2023\/09\/marken.jpg 1202w\" sizes=\"auto, (max-width: 1024px) 100vw, 1024px\" \/><\/figure>\n<\/div>\n\n\n\n<div class=\"wp-block-column is-layout-flow wp-block-column-is-layout-flow\">\n<p style=\"padding-right:20px;padding-left:20px\"><strong>We can provide the following services for you:<\/strong><\/p>\n\n\n\n<ul class=\"wp-block-list\">\n<li>Trademark searches to avoid collisions<\/li>\n\n\n\n<li>Trademark applications<\/li>\n\n\n\n<li>German trademarks, EU trademarks and international trademarks<\/li>\n\n\n\n<li>Filing the trademark application and handling the registration procedure<\/li>\n\n\n\n<li>Foreign national trademarks<\/li>\n\n\n\n<li>Monitoring and payment of renewal fees<\/li>\n\n\n\n<li>Monitoring for trademark infringements<\/li>\n\n\n\n<li>Opposition proceedings<\/li>\n\n\n\n<li>Handling of trademark cancellation proceedings<\/li>\n\n\n\n<li>Representing clients in trademark infringement cases<\/li>\n\n\n\n<li>Expert opinions in infringement matters<\/li>\n<\/ul>\n<\/div>\n<\/div>\n<\/div><\/div>","protected":false},"excerpt":{"rendered":"<p>Marken Marken sind \u201egeistiges Eigentum\u201c.&nbsp; Marken kennzeichnen Waren und Dienstleistungen eines Unternehmens, um sie von denen anderer Unternehmen zu unterscheiden. Sie dienen einerseits als Herkunftshinweis und stehen insbesondere andererseits f\u00fcr die Qualit\u00e4t eines Produkts. Eine Marke ist unbegrenzt verl\u00e4ngerbar. Sch\u00fctzen lassen sich z.B. Worte, Abbildungen, Slogans und Logos. Rein beschreibende Begriffe oder Bildelemente sind in der Regel von der Eintragung ausgeschlossen. Vor einer Markenanmeldung sollte nach m\u00f6glichen Kollisionen mit \u00e4lteren [&hellip;]<\/p>\n","protected":false},"author":1,"featured_media":0,"parent":0,"menu_order":0,"comment_status":"closed","ping_status":"closed","template":"","meta":{"inline_featured_image":false,"_uag_custom_page_level_css":"","site-sidebar-layout":"default","site-content-layout":"","ast-site-content-layout":"default","site-content-style":"default","site-sidebar-style":"default","ast-global-header-display":"","ast-banner-title-visibility":"","ast-main-header-display":"","ast-hfb-above-header-display":"","ast-hfb-below-header-display":"","ast-hfb-mobile-header-display":"","site-post-title":"disabled","ast-breadcrumbs-content":"","ast-featured-img":"","footer-sml-layout":"","theme-transparent-header-meta":"","adv-header-id-meta":"","stick-header-meta":"","header-above-stick-meta":"","header-main-stick-meta":"","header-below-stick-meta":"","astra-migrate-meta-layouts":"set","ast-page-background-enabled":"default","ast-page-background-meta":{"desktop":{"background-color":"var(--ast-global-color-4)","background-image":"","background-repeat":"repeat","background-position":"center center","background-size":"auto","background-attachment":"scroll","background-type":"","background-media":"","overlay-type":"","overlay-color":"","overlay-opacity":"","overlay-gradient":""},"tablet":{"background-color":"","background-image":"","background-repeat":"repeat","background-position":"center center","background-size":"auto","background-attachment":"scroll","background-type":"","background-media":"","overlay-type":"","overlay-color":"","overlay-opacity":"","overlay-gradient":""},"mobile":{"background-color":"","background-image":"","background-repeat":"repeat","background-position":"center center","background-size":"auto","background-attachment":"scroll","background-type":"","background-media":"","overlay-type":"","overlay-color":"","overlay-opacity":"","overlay-gradient":""}},"ast-content-background-meta":{"desktop":{"background-color":"var(--ast-global-color-5)","background-image":"","background-repeat":"repeat","background-position":"center center","background-size":"auto","background-attachment":"scroll","background-type":"","background-media":"","overlay-type":"","overlay-color":"","overlay-opacity":"","overlay-gradient":""},"tablet":{"background-color":"var(--ast-global-color-5)","background-image":"","background-repeat":"repeat","background-position":"center center","background-size":"auto","background-attachment":"scroll","background-type":"","background-media":"","overlay-type":"","overlay-color":"","overlay-opacity":"","overlay-gradient":""},"mobile":{"background-color":"var(--ast-global-color-5)","background-image":"","background-repeat":"repeat","background-position":"center center","background-size":"auto","background-attachment":"scroll","background-type":"","background-media":"","overlay-type":"","overlay-color":"","overlay-opacity":"","overlay-gradient":""}},"footnotes":""},"class_list":["post-1549","page","type-page","status-publish","hentry"],"yoast_head":"<!-- This site is optimized with the Yoast SEO plugin v27.5 - https:\/\/yoast.com\/product\/yoast-seo-wordpress\/ -->\n<title>Marken - Patentanw\u00e4lte Weisse, Moltmann &amp; Willems<\/title>\n<meta name=\"description\" content=\"Marken sind \u201egeistiges Eigentum\u201c. Marken kennzeichnen Waren und Dienstleistungen eines Unternehmens, um sie von denen anderer Unternehmen zu unterscheiden. Sie dienen einerseits als Herkunftshinweis und stehen insbesondere andererseits f\u00fcr die Qualit\u00e4t eines Produkts. Eine Marke ist unbegrenzt verl\u00e4ngerbar. Sch\u00fctzen lassen sich z.B. Worte, Abbildungen, Slogans und Logos. Rein beschreibende Begriffe oder Bildelemente sind in der Regel von der Eintragung ausgeschlossen. Vor einer Markenanmeldung sollte nach m\u00f6glichen Kollisionen mit \u00e4lteren Rechten recherchiert werden.\" \/>\n<meta name=\"robots\" content=\"index, follow, max-snippet:-1, max-image-preview:large, max-video-preview:-1\" \/>\n<link rel=\"canonical\" href=\"https:\/\/www.wmw-patent.de\/en\/marken\/\" \/>\n<meta property=\"og:locale\" content=\"en_GB\" \/>\n<meta property=\"og:type\" content=\"article\" \/>\n<meta property=\"og:title\" content=\"Marken - Patentanw\u00e4lte Weisse, Moltmann &amp; Willems\" \/>\n<meta property=\"og:description\" content=\"Marken sind \u201egeistiges Eigentum\u201c. Marken kennzeichnen Waren und Dienstleistungen eines Unternehmens, um sie von denen anderer Unternehmen zu unterscheiden. Sie dienen einerseits als Herkunftshinweis und stehen insbesondere andererseits f\u00fcr die Qualit\u00e4t eines Produkts. Eine Marke ist unbegrenzt verl\u00e4ngerbar. Sch\u00fctzen lassen sich z.B. Worte, Abbildungen, Slogans und Logos. Rein beschreibende Begriffe oder Bildelemente sind in der Regel von der Eintragung ausgeschlossen. Vor einer Markenanmeldung sollte nach m\u00f6glichen Kollisionen mit \u00e4lteren Rechten recherchiert werden.\" \/>\n<meta property=\"og:url\" content=\"https:\/\/www.wmw-patent.de\/en\/marken\/\" \/>\n<meta property=\"og:site_name\" content=\"Patentanw\u00e4lte Weisse, Moltmann &amp; Willems\" \/>\n<meta property=\"article:modified_time\" content=\"2024-01-09T15:31:18+00:00\" \/>\n<meta property=\"og:image\" content=\"https:\/\/www.wmw-patent.de\/wp-content\/uploads\/2023\/10\/slide-marken-1024x420.jpg\" \/>\n<meta name=\"twitter:card\" content=\"summary_large_image\" \/>\n<meta name=\"twitter:label1\" content=\"Est. reading time\" \/>\n\t<meta name=\"twitter:data1\" content=\"2 minutes\" \/>\n<script type=\"application\/ld+json\" class=\"yoast-schema-graph\">{\"@context\":\"https:\\\/\\\/schema.org\",\"@graph\":[{\"@type\":\"WebPage\",\"@id\":\"https:\\\/\\\/www.wmw-patent.de\\\/marken\\\/\",\"url\":\"https:\\\/\\\/www.wmw-patent.de\\\/marken\\\/\",\"name\":\"Marken - Patentanw\u00e4lte Weisse, Moltmann &amp; Willems\",\"isPartOf\":{\"@id\":\"https:\\\/\\\/www.wmw-patent.de\\\/en\\\/#website\"},\"primaryImageOfPage\":{\"@id\":\"https:\\\/\\\/www.wmw-patent.de\\\/marken\\\/#primaryimage\"},\"image\":{\"@id\":\"https:\\\/\\\/www.wmw-patent.de\\\/marken\\\/#primaryimage\"},\"thumbnailUrl\":\"https:\\\/\\\/www.wmw-patent.de\\\/wp-content\\\/uploads\\\/2023\\\/10\\\/slide-marken-1024x420.jpg\",\"datePublished\":\"2023-08-02T11:11:25+00:00\",\"dateModified\":\"2024-01-09T15:31:18+00:00\",\"description\":\"Marken sind \u201egeistiges Eigentum\u201c. Marken kennzeichnen Waren und Dienstleistungen eines Unternehmens, um sie von denen anderer Unternehmen zu unterscheiden. Sie dienen einerseits als Herkunftshinweis und stehen insbesondere andererseits f\u00fcr die Qualit\u00e4t eines Produkts. Eine Marke ist unbegrenzt verl\u00e4ngerbar. Sch\u00fctzen lassen sich z.B. Worte, Abbildungen, Slogans und Logos. Rein beschreibende Begriffe oder Bildelemente sind in der Regel von der Eintragung ausgeschlossen. Vor einer Markenanmeldung sollte nach m\u00f6glichen Kollisionen mit \u00e4lteren Rechten recherchiert werden.\",\"breadcrumb\":{\"@id\":\"https:\\\/\\\/www.wmw-patent.de\\\/marken\\\/#breadcrumb\"},\"inLanguage\":\"en-GB\",\"potentialAction\":[{\"@type\":\"ReadAction\",\"target\":[\"https:\\\/\\\/www.wmw-patent.de\\\/marken\\\/\"]}]},{\"@type\":\"ImageObject\",\"inLanguage\":\"en-GB\",\"@id\":\"https:\\\/\\\/www.wmw-patent.de\\\/marken\\\/#primaryimage\",\"url\":\"https:\\\/\\\/www.wmw-patent.de\\\/wp-content\\\/uploads\\\/2023\\\/10\\\/slide-marken-1024x420.jpg\",\"contentUrl\":\"https:\\\/\\\/www.wmw-patent.de\\\/wp-content\\\/uploads\\\/2023\\\/10\\\/slide-marken-1024x420.jpg\"},{\"@type\":\"BreadcrumbList\",\"@id\":\"https:\\\/\\\/www.wmw-patent.de\\\/marken\\\/#breadcrumb\",\"itemListElement\":[{\"@type\":\"ListItem\",\"position\":1,\"name\":\"Startseite\",\"item\":\"https:\\\/\\\/www.wmw-patent.de\\\/\"},{\"@type\":\"ListItem\",\"position\":2,\"name\":\"Marken\"}]},{\"@type\":\"WebSite\",\"@id\":\"https:\\\/\\\/www.wmw-patent.de\\\/en\\\/#website\",\"url\":\"https:\\\/\\\/www.wmw-patent.de\\\/en\\\/\",\"name\":\"Patentanw\u00e4lte Weisse, Moltmann &amp; Willems\",\"description\":\"Partnerschaftsgesellschaft\",\"publisher\":{\"@id\":\"https:\\\/\\\/www.wmw-patent.de\\\/en\\\/#organization\"},\"potentialAction\":[{\"@type\":\"SearchAction\",\"target\":{\"@type\":\"EntryPoint\",\"urlTemplate\":\"https:\\\/\\\/www.wmw-patent.de\\\/en\\\/?s={search_term_string}\"},\"query-input\":{\"@type\":\"PropertyValueSpecification\",\"valueRequired\":true,\"valueName\":\"search_term_string\"}}],\"inLanguage\":\"en-GB\"},{\"@type\":\"Organization\",\"@id\":\"https:\\\/\\\/www.wmw-patent.de\\\/en\\\/#organization\",\"name\":\"Patentanw\u00e4lte Weisse, Moltmann &amp; Willems\",\"url\":\"https:\\\/\\\/www.wmw-patent.de\\\/en\\\/\",\"logo\":{\"@type\":\"ImageObject\",\"inLanguage\":\"en-GB\",\"@id\":\"https:\\\/\\\/www.wmw-patent.de\\\/en\\\/#\\\/schema\\\/logo\\\/image\\\/\",\"url\":\"https:\\\/\\\/www.wmw-patent.de\\\/wp-content\\\/uploads\\\/2023\\\/08\\\/wmw-logo-quer.svg\",\"contentUrl\":\"https:\\\/\\\/www.wmw-patent.de\\\/wp-content\\\/uploads\\\/2023\\\/08\\\/wmw-logo-quer.svg\",\"width\":1063,\"height\":133,\"caption\":\"Patentanw\u00e4lte Weisse, Moltmann &amp; Willems\"},\"image\":{\"@id\":\"https:\\\/\\\/www.wmw-patent.de\\\/en\\\/#\\\/schema\\\/logo\\\/image\\\/\"}}]}<\/script>\n<!-- \/ Yoast SEO plugin. -->","yoast_head_json":{"title":"Marken - Patentanw\u00e4lte Weisse, Moltmann &amp; Willems","description":"Marken sind \u201egeistiges Eigentum\u201c. Marken kennzeichnen Waren und Dienstleistungen eines Unternehmens, um sie von denen anderer Unternehmen zu unterscheiden. Sie dienen einerseits als Herkunftshinweis und stehen insbesondere andererseits f\u00fcr die Qualit\u00e4t eines Produkts. Eine Marke ist unbegrenzt verl\u00e4ngerbar. Sch\u00fctzen lassen sich z.B. Worte, Abbildungen, Slogans und Logos. Rein beschreibende Begriffe oder Bildelemente sind in der Regel von der Eintragung ausgeschlossen. Vor einer Markenanmeldung sollte nach m\u00f6glichen Kollisionen mit \u00e4lteren Rechten recherchiert werden.","robots":{"index":"index","follow":"follow","max-snippet":"max-snippet:-1","max-image-preview":"max-image-preview:large","max-video-preview":"max-video-preview:-1"},"canonical":"https:\/\/www.wmw-patent.de\/en\/marken\/","og_locale":"en_GB","og_type":"article","og_title":"Marken - Patentanw\u00e4lte Weisse, Moltmann &amp; Willems","og_description":"Marken sind \u201egeistiges Eigentum\u201c. Marken kennzeichnen Waren und Dienstleistungen eines Unternehmens, um sie von denen anderer Unternehmen zu unterscheiden. Sie dienen einerseits als Herkunftshinweis und stehen insbesondere andererseits f\u00fcr die Qualit\u00e4t eines Produkts. Eine Marke ist unbegrenzt verl\u00e4ngerbar. Sch\u00fctzen lassen sich z.B. Worte, Abbildungen, Slogans und Logos. Rein beschreibende Begriffe oder Bildelemente sind in der Regel von der Eintragung ausgeschlossen. Vor einer Markenanmeldung sollte nach m\u00f6glichen Kollisionen mit \u00e4lteren Rechten recherchiert werden.","og_url":"https:\/\/www.wmw-patent.de\/en\/marken\/","og_site_name":"Patentanw\u00e4lte Weisse, Moltmann &amp; Willems","article_modified_time":"2024-01-09T15:31:18+00:00","og_image":[{"url":"https:\/\/www.wmw-patent.de\/wp-content\/uploads\/2023\/10\/slide-marken-1024x420.jpg","type":"","width":"","height":""}],"twitter_card":"summary_large_image","twitter_misc":{"Est. reading time":"2 minutes"},"schema":{"@context":"https:\/\/schema.org","@graph":[{"@type":"WebPage","@id":"https:\/\/www.wmw-patent.de\/marken\/","url":"https:\/\/www.wmw-patent.de\/marken\/","name":"Marken - Patentanw\u00e4lte Weisse, Moltmann &amp; Willems","isPartOf":{"@id":"https:\/\/www.wmw-patent.de\/en\/#website"},"primaryImageOfPage":{"@id":"https:\/\/www.wmw-patent.de\/marken\/#primaryimage"},"image":{"@id":"https:\/\/www.wmw-patent.de\/marken\/#primaryimage"},"thumbnailUrl":"https:\/\/www.wmw-patent.de\/wp-content\/uploads\/2023\/10\/slide-marken-1024x420.jpg","datePublished":"2023-08-02T11:11:25+00:00","dateModified":"2024-01-09T15:31:18+00:00","description":"Marken sind \u201egeistiges Eigentum\u201c. Marken kennzeichnen Waren und Dienstleistungen eines Unternehmens, um sie von denen anderer Unternehmen zu unterscheiden. Sie dienen einerseits als Herkunftshinweis und stehen insbesondere andererseits f\u00fcr die Qualit\u00e4t eines Produkts. Eine Marke ist unbegrenzt verl\u00e4ngerbar. Sch\u00fctzen lassen sich z.B. Worte, Abbildungen, Slogans und Logos. Rein beschreibende Begriffe oder Bildelemente sind in der Regel von der Eintragung ausgeschlossen. Vor einer Markenanmeldung sollte nach m\u00f6glichen Kollisionen mit \u00e4lteren Rechten recherchiert werden.","breadcrumb":{"@id":"https:\/\/www.wmw-patent.de\/marken\/#breadcrumb"},"inLanguage":"en-GB","potentialAction":[{"@type":"ReadAction","target":["https:\/\/www.wmw-patent.de\/marken\/"]}]},{"@type":"ImageObject","inLanguage":"en-GB","@id":"https:\/\/www.wmw-patent.de\/marken\/#primaryimage","url":"https:\/\/www.wmw-patent.de\/wp-content\/uploads\/2023\/10\/slide-marken-1024x420.jpg","contentUrl":"https:\/\/www.wmw-patent.de\/wp-content\/uploads\/2023\/10\/slide-marken-1024x420.jpg"},{"@type":"BreadcrumbList","@id":"https:\/\/www.wmw-patent.de\/marken\/#breadcrumb","itemListElement":[{"@type":"ListItem","position":1,"name":"Startseite","item":"https:\/\/www.wmw-patent.de\/"},{"@type":"ListItem","position":2,"name":"Marken"}]},{"@type":"WebSite","@id":"https:\/\/www.wmw-patent.de\/en\/#website","url":"https:\/\/www.wmw-patent.de\/en\/","name":"Patent Attorneys Weisse, Moltmann &amp; Willems","description":"Partnerschaftsgesellschaft","publisher":{"@id":"https:\/\/www.wmw-patent.de\/en\/#organization"},"potentialAction":[{"@type":"SearchAction","target":{"@type":"EntryPoint","urlTemplate":"https:\/\/www.wmw-patent.de\/en\/?s={search_term_string}"},"query-input":{"@type":"PropertyValueSpecification","valueRequired":true,"valueName":"search_term_string"}}],"inLanguage":"en-GB"},{"@type":"Organization","@id":"https:\/\/www.wmw-patent.de\/en\/#organization","name":"Patent Attorneys Weisse, Moltmann &amp; Willems","url":"https:\/\/www.wmw-patent.de\/en\/","logo":{"@type":"ImageObject","inLanguage":"en-GB","@id":"https:\/\/www.wmw-patent.de\/en\/#\/schema\/logo\/image\/","url":"https:\/\/www.wmw-patent.de\/wp-content\/uploads\/2023\/08\/wmw-logo-quer.svg","contentUrl":"https:\/\/www.wmw-patent.de\/wp-content\/uploads\/2023\/08\/wmw-logo-quer.svg","width":1063,"height":133,"caption":"Patentanw\u00e4lte Weisse, Moltmann &amp; Willems"},"image":{"@id":"https:\/\/www.wmw-patent.de\/en\/#\/schema\/logo\/image\/"}}]}},"uagb_featured_image_src":{"full":false,"thumbnail":false,"medium":false,"medium_large":false,"large":false,"1536x1536":false,"2048x2048":false,"trp-custom-language-flag":false},"uagb_author_info":{"display_name":"admin","author_link":"https:\/\/www.wmw-patent.de\/en\/author\/admin\/"},"uagb_comment_info":0,"uagb_excerpt":"Marken Marken sind \u201egeistiges Eigentum\u201c.&nbsp; Marken kennzeichnen Waren und Dienstleistungen eines Unternehmens, um sie von denen anderer Unternehmen zu unterscheiden. Sie dienen einerseits als Herkunftshinweis und stehen insbesondere andererseits f\u00fcr die Qualit\u00e4t eines Produkts. Eine Marke ist unbegrenzt verl\u00e4ngerbar. Sch\u00fctzen lassen sich z.B. Worte, Abbildungen, Slogans und Logos. Rein beschreibende Begriffe oder Bildelemente sind in&hellip;","_links":{"self":[{"href":"https:\/\/www.wmw-patent.de\/en\/wp-json\/wp\/v2\/pages\/1549","targetHints":{"allow":["GET"]}}],"collection":[{"href":"https:\/\/www.wmw-patent.de\/en\/wp-json\/wp\/v2\/pages"}],"about":[{"href":"https:\/\/www.wmw-patent.de\/en\/wp-json\/wp\/v2\/types\/page"}],"author":[{"embeddable":true,"href":"https:\/\/www.wmw-patent.de\/en\/wp-json\/wp\/v2\/users\/1"}],"replies":[{"embeddable":true,"href":"https:\/\/www.wmw-patent.de\/en\/wp-json\/wp\/v2\/comments?post=1549"}],"version-history":[{"count":13,"href":"https:\/\/www.wmw-patent.de\/en\/wp-json\/wp\/v2\/pages\/1549\/revisions"}],"predecessor-version":[{"id":3036,"href":"https:\/\/www.wmw-patent.de\/en\/wp-json\/wp\/v2\/pages\/1549\/revisions\/3036"}],"wp:attachment":[{"href":"https:\/\/www.wmw-patent.de\/en\/wp-json\/wp\/v2\/media?parent=1549"}],"curies":[{"name":"wp","href":"https:\/\/api.w.org\/{rel}","templated":true}]}}