{"id":1551,"date":"2023-08-02T13:01:32","date_gmt":"2023-08-02T13:01:32","guid":{"rendered":"https:\/\/www.wmw-patent.de\/?page_id=1551"},"modified":"2024-01-09T15:33:25","modified_gmt":"2024-01-09T15:33:25","slug":"designs-4","status":"publish","type":"page","link":"https:\/\/www.wmw-patent.de\/en\/designs-4\/","title":{"rendered":"Designs"},"content":{"rendered":"<div class=\"wp-block-uagb-container uagb-block-3c9c7b3c alignfull uagb-is-root-container\">\n<div class=\"wp-block-cover alignfull is-light\" style=\"min-height:60vh;aspect-ratio:unset;\"><span aria-hidden=\"true\" class=\"wp-block-cover__background has-background-dim-0 has-background-dim\"><\/span><img loading=\"lazy\" decoding=\"async\" width=\"1920\" height=\"788\" class=\"wp-block-cover__image-background wp-image-2707\" alt=\"\" src=\"https:\/\/www.wmw-patent.de\/wp-content\/uploads\/2023\/10\/slide-design-1.jpg\" style=\"object-position:31% 50%\" data-object-fit=\"cover\" data-object-position=\"31% 50%\" srcset=\"https:\/\/www.wmw-patent.de\/wp-content\/uploads\/2023\/10\/slide-design-1.jpg 1920w, https:\/\/www.wmw-patent.de\/wp-content\/uploads\/2023\/10\/slide-design-1-300x123.jpg 300w, https:\/\/www.wmw-patent.de\/wp-content\/uploads\/2023\/10\/slide-design-1-1024x420.jpg 1024w, https:\/\/www.wmw-patent.de\/wp-content\/uploads\/2023\/10\/slide-design-1-768x315.jpg 768w, https:\/\/www.wmw-patent.de\/wp-content\/uploads\/2023\/10\/slide-design-1-1536x630.jpg 1536w, https:\/\/www.wmw-patent.de\/wp-content\/uploads\/2023\/10\/slide-design-1-18x7.jpg 18w\" sizes=\"auto, (max-width: 1920px) 100vw, 1920px\" \/><div class=\"wp-block-cover__inner-container is-layout-flow wp-block-cover-is-layout-flow\">\n<p class=\"has-text-align-center has-large-font-size\"><\/p>\n<\/div><\/div>\n<\/div>\n\n\n\n<div class=\"wp-block-uagb-container uagb-block-acad4a0c alignfull uagb-is-root-container\"><div class=\"uagb-container-inner-blocks-wrap\">\n<h2 class=\"wp-block-heading has-text-align-left\">Designs<\/h2>\n\n\n\n<p>Designs are \u201eintellectual property\u201c. The shape and color of products can be protected by registered designs. Particularly in the case of technical products, registered designs are becoming increasingly important as a supplementary form of protection. The term of protection of a registered design is a maximum of 25 years.<\/p>\n\n\n\n<div style=\"height:4vh\" aria-hidden=\"true\" class=\"wp-block-spacer\"><\/div>\n\n\n\n<div class=\"wp-block-columns is-layout-flex wp-container-core-columns-is-layout-648be738 wp-block-columns-is-layout-flex\" style=\"margin-top:var(--wp--preset--spacing--50);padding-top:0;padding-right:0;padding-bottom:0;padding-left:0\">\n<div class=\"wp-block-column is-layout-flow wp-block-column-is-layout-flow\">\n<figure class=\"wp-block-image size-large has-custom-border\"><img loading=\"lazy\" decoding=\"async\" width=\"1024\" height=\"664\" src=\"https:\/\/www.wmw-patent.de\/wp-content\/uploads\/2023\/10\/design-1-1024x664.jpg\" alt=\"\" class=\"has-border-color has-ast-global-color-0-border-color wp-image-2023\" style=\"border-width:1px\" srcset=\"https:\/\/www.wmw-patent.de\/wp-content\/uploads\/2023\/10\/design-1-1024x664.jpg 1024w, https:\/\/www.wmw-patent.de\/wp-content\/uploads\/2023\/10\/design-1-300x195.jpg 300w, https:\/\/www.wmw-patent.de\/wp-content\/uploads\/2023\/10\/design-1-768x498.jpg 768w, https:\/\/www.wmw-patent.de\/wp-content\/uploads\/2023\/10\/design-1.jpg 1202w\" sizes=\"auto, (max-width: 1024px) 100vw, 1024px\" \/><\/figure>\n<\/div>\n\n\n\n<div class=\"wp-block-column is-layout-flow wp-block-column-is-layout-flow\">\n<p style=\"margin-right:20px;margin-left:20px\"><strong>Our services:<\/strong><\/p>\n\n\n\n<ul class=\"wp-block-list\">\n<li>Searches of registered designs<\/li>\n\n\n\n<li>German design applications<\/li>\n\n\n\n<li>Community design applications<\/li>\n\n\n\n<li>International design applications<\/li>\n\n\n\n<li>Foreign design applications<\/li>\n\n\n\n<li>Handling of the registration procedure<\/li>\n\n\n\n<li>Handling of design cancellation proceedings<\/li>\n\n\n\n<li>Representing clients in design infringement cases<\/li>\n\n\n\n<li>Expert opinions in infringement matters<\/li>\n<\/ul>\n<\/div>\n<\/div>\n<\/div><\/div>","protected":false},"excerpt":{"rendered":"<p>Designs Designs sind \u201egeistiges Eigentum\u201c. Form- und Farbgebung von Produkten, lassen sich durch Geschmacksmuster bzw. eingetragene Designs sch\u00fctzen. Besonders bei technischen Produkten erlangen eingetragene Designs als erg\u00e4nzender Schutz eine immer gr\u00f6\u00dfere Bedeutung. Die Schutzdauer eines Designs betr\u00e4gt maximal 25 Jahre. Unsere Dienstleistungen:<\/p>","protected":false},"author":1,"featured_media":0,"parent":0,"menu_order":0,"comment_status":"closed","ping_status":"closed","template":"","meta":{"inline_featured_image":false,"_uag_custom_page_level_css":"","site-sidebar-layout":"default","site-content-layout":"","ast-site-content-layout":"default","site-content-style":"default","site-sidebar-style":"default","ast-global-header-display":"","ast-banner-title-visibility":"","ast-main-header-display":"","ast-hfb-above-header-display":"","ast-hfb-below-header-display":"","ast-hfb-mobile-header-display":"","site-post-title":"disabled","ast-breadcrumbs-content":"","ast-featured-img":"","footer-sml-layout":"","theme-transparent-header-meta":"","adv-header-id-meta":"","stick-header-meta":"","header-above-stick-meta":"","header-main-stick-meta":"","header-below-stick-meta":"","astra-migrate-meta-layouts":"set","ast-page-background-enabled":"default","ast-page-background-meta":{"desktop":{"background-color":"var(--ast-global-color-4)","background-image":"","background-repeat":"repeat","background-position":"center center","background-size":"auto","background-attachment":"scroll","background-type":"","background-media":"","overlay-type":"","overlay-color":"","overlay-opacity":"","overlay-gradient":""},"tablet":{"background-color":"","background-image":"","background-repeat":"repeat","background-position":"center center","background-size":"auto","background-attachment":"scroll","background-type":"","background-media":"","overlay-type":"","overlay-color":"","overlay-opacity":"","overlay-gradient":""},"mobile":{"background-color":"","background-image":"","background-repeat":"repeat","background-position":"center center","background-size":"auto","background-attachment":"scroll","background-type":"","background-media":"","overlay-type":"","overlay-color":"","overlay-opacity":"","overlay-gradient":""}},"ast-content-background-meta":{"desktop":{"background-color":"var(--ast-global-color-5)","background-image":"","background-repeat":"repeat","background-position":"center center","background-size":"auto","background-attachment":"scroll","background-type":"","background-media":"","overlay-type":"","overlay-color":"","overlay-opacity":"","overlay-gradient":""},"tablet":{"background-color":"var(--ast-global-color-5)","background-image":"","background-repeat":"repeat","background-position":"center center","background-size":"auto","background-attachment":"scroll","background-type":"","background-media":"","overlay-type":"","overlay-color":"","overlay-opacity":"","overlay-gradient":""},"mobile":{"background-color":"var(--ast-global-color-5)","background-image":"","background-repeat":"repeat","background-position":"center center","background-size":"auto","background-attachment":"scroll","background-type":"","background-media":"","overlay-type":"","overlay-color":"","overlay-opacity":"","overlay-gradient":""}},"footnotes":""},"class_list":["post-1551","page","type-page","status-publish","hentry"],"yoast_head":"<!-- This site is optimized with the Yoast SEO plugin v27.4 - https:\/\/yoast.com\/product\/yoast-seo-wordpress\/ -->\n<title>Designs - Patentanw\u00e4lte Weisse, Moltmann &amp; Willems<\/title>\n<meta name=\"description\" content=\"Designs sind \u201egeistiges Eigentum\u201c. Form- und Farbgebung von Produkten, lassen sich durch Geschmacksmuster bzw. eingetragene Designs sch\u00fctzen. Besonders bei technischen Produkten erlangen eingetragene Designs als erg\u00e4nzender Schutz eine immer gr\u00f6\u00dfere Bedeutung. Die Schutzdauer eines Designs betr\u00e4gt maximal 25 Jahre.\" \/>\n<meta name=\"robots\" content=\"index, follow, max-snippet:-1, max-image-preview:large, max-video-preview:-1\" \/>\n<link rel=\"canonical\" href=\"https:\/\/www.wmw-patent.de\/en\/designs-4\/\" \/>\n<meta property=\"og:locale\" content=\"en_GB\" \/>\n<meta property=\"og:type\" content=\"article\" \/>\n<meta property=\"og:title\" content=\"Designs - Patentanw\u00e4lte Weisse, Moltmann &amp; Willems\" \/>\n<meta property=\"og:description\" content=\"Designs sind \u201egeistiges Eigentum\u201c. Form- und Farbgebung von Produkten, lassen sich durch Geschmacksmuster bzw. eingetragene Designs sch\u00fctzen. Besonders bei technischen Produkten erlangen eingetragene Designs als erg\u00e4nzender Schutz eine immer gr\u00f6\u00dfere Bedeutung. Die Schutzdauer eines Designs betr\u00e4gt maximal 25 Jahre.\" \/>\n<meta property=\"og:url\" content=\"https:\/\/www.wmw-patent.de\/en\/designs-4\/\" \/>\n<meta property=\"og:site_name\" content=\"Patentanw\u00e4lte Weisse, Moltmann &amp; Willems\" \/>\n<meta property=\"article:modified_time\" content=\"2024-01-09T15:33:25+00:00\" \/>\n<meta property=\"og:image\" content=\"https:\/\/www.wmw-patent.de\/wp-content\/uploads\/2023\/10\/slide-design-1.jpg\" \/>\n<meta name=\"twitter:card\" content=\"summary_large_image\" \/>\n<meta name=\"twitter:label1\" content=\"Est. reading time\" \/>\n\t<meta name=\"twitter:data1\" content=\"1 minute\" \/>\n<script type=\"application\/ld+json\" class=\"yoast-schema-graph\">{\"@context\":\"https:\\\/\\\/schema.org\",\"@graph\":[{\"@type\":\"WebPage\",\"@id\":\"https:\\\/\\\/www.wmw-patent.de\\\/designs-4\\\/\",\"url\":\"https:\\\/\\\/www.wmw-patent.de\\\/designs-4\\\/\",\"name\":\"Designs - Patentanw\u00e4lte Weisse, Moltmann &amp; Willems\",\"isPartOf\":{\"@id\":\"https:\\\/\\\/www.wmw-patent.de\\\/en\\\/#website\"},\"primaryImageOfPage\":{\"@id\":\"https:\\\/\\\/www.wmw-patent.de\\\/designs-4\\\/#primaryimage\"},\"image\":{\"@id\":\"https:\\\/\\\/www.wmw-patent.de\\\/designs-4\\\/#primaryimage\"},\"thumbnailUrl\":\"https:\\\/\\\/www.wmw-patent.de\\\/wp-content\\\/uploads\\\/2023\\\/10\\\/slide-design-1.jpg\",\"datePublished\":\"2023-08-02T13:01:32+00:00\",\"dateModified\":\"2024-01-09T15:33:25+00:00\",\"description\":\"Designs sind \u201egeistiges Eigentum\u201c. Form- und Farbgebung von Produkten, lassen sich durch Geschmacksmuster bzw. eingetragene Designs sch\u00fctzen. Besonders bei technischen Produkten erlangen eingetragene Designs als erg\u00e4nzender Schutz eine immer gr\u00f6\u00dfere Bedeutung. Die Schutzdauer eines Designs betr\u00e4gt maximal 25 Jahre.\",\"breadcrumb\":{\"@id\":\"https:\\\/\\\/www.wmw-patent.de\\\/designs-4\\\/#breadcrumb\"},\"inLanguage\":\"en-GB\",\"potentialAction\":[{\"@type\":\"ReadAction\",\"target\":[\"https:\\\/\\\/www.wmw-patent.de\\\/designs-4\\\/\"]}]},{\"@type\":\"ImageObject\",\"inLanguage\":\"en-GB\",\"@id\":\"https:\\\/\\\/www.wmw-patent.de\\\/designs-4\\\/#primaryimage\",\"url\":\"https:\\\/\\\/www.wmw-patent.de\\\/wp-content\\\/uploads\\\/2023\\\/10\\\/slide-design-1.jpg\",\"contentUrl\":\"https:\\\/\\\/www.wmw-patent.de\\\/wp-content\\\/uploads\\\/2023\\\/10\\\/slide-design-1.jpg\"},{\"@type\":\"BreadcrumbList\",\"@id\":\"https:\\\/\\\/www.wmw-patent.de\\\/designs-4\\\/#breadcrumb\",\"itemListElement\":[{\"@type\":\"ListItem\",\"position\":1,\"name\":\"Startseite\",\"item\":\"https:\\\/\\\/www.wmw-patent.de\\\/\"},{\"@type\":\"ListItem\",\"position\":2,\"name\":\"Designs\"}]},{\"@type\":\"WebSite\",\"@id\":\"https:\\\/\\\/www.wmw-patent.de\\\/en\\\/#website\",\"url\":\"https:\\\/\\\/www.wmw-patent.de\\\/en\\\/\",\"name\":\"Patentanw\u00e4lte Weisse, Moltmann &amp; Willems\",\"description\":\"Partnerschaftsgesellschaft\",\"publisher\":{\"@id\":\"https:\\\/\\\/www.wmw-patent.de\\\/en\\\/#organization\"},\"potentialAction\":[{\"@type\":\"SearchAction\",\"target\":{\"@type\":\"EntryPoint\",\"urlTemplate\":\"https:\\\/\\\/www.wmw-patent.de\\\/en\\\/?s={search_term_string}\"},\"query-input\":{\"@type\":\"PropertyValueSpecification\",\"valueRequired\":true,\"valueName\":\"search_term_string\"}}],\"inLanguage\":\"en-GB\"},{\"@type\":\"Organization\",\"@id\":\"https:\\\/\\\/www.wmw-patent.de\\\/en\\\/#organization\",\"name\":\"Patentanw\u00e4lte Weisse, Moltmann &amp; Willems\",\"url\":\"https:\\\/\\\/www.wmw-patent.de\\\/en\\\/\",\"logo\":{\"@type\":\"ImageObject\",\"inLanguage\":\"en-GB\",\"@id\":\"https:\\\/\\\/www.wmw-patent.de\\\/en\\\/#\\\/schema\\\/logo\\\/image\\\/\",\"url\":\"https:\\\/\\\/www.wmw-patent.de\\\/wp-content\\\/uploads\\\/2023\\\/08\\\/wmw-logo-quer.svg\",\"contentUrl\":\"https:\\\/\\\/www.wmw-patent.de\\\/wp-content\\\/uploads\\\/2023\\\/08\\\/wmw-logo-quer.svg\",\"width\":1063,\"height\":133,\"caption\":\"Patentanw\u00e4lte Weisse, Moltmann &amp; Willems\"},\"image\":{\"@id\":\"https:\\\/\\\/www.wmw-patent.de\\\/en\\\/#\\\/schema\\\/logo\\\/image\\\/\"}}]}<\/script>\n<!-- \/ Yoast SEO plugin. -->","yoast_head_json":{"title":"Designs - Patentanw\u00e4lte Weisse, Moltmann &amp; Willems","description":"Designs are \u201eintellectual property\u201c. The shape and color of products can be protected by registered designs. Particularly in the case of technical products, registered designs are becoming increasingly important as a supplementary form of protection. The term of protection of a registered design is a maximum of 25 years.","robots":{"index":"index","follow":"follow","max-snippet":"max-snippet:-1","max-image-preview":"max-image-preview:large","max-video-preview":"max-video-preview:-1"},"canonical":"https:\/\/www.wmw-patent.de\/en\/designs-4\/","og_locale":"en_GB","og_type":"article","og_title":"Designs - Patentanw\u00e4lte Weisse, Moltmann &amp; Willems","og_description":"Designs sind \u201egeistiges Eigentum\u201c. Form- und Farbgebung von Produkten, lassen sich durch Geschmacksmuster bzw. eingetragene Designs sch\u00fctzen. Besonders bei technischen Produkten erlangen eingetragene Designs als erg\u00e4nzender Schutz eine immer gr\u00f6\u00dfere Bedeutung. Die Schutzdauer eines Designs betr\u00e4gt maximal 25 Jahre.","og_url":"https:\/\/www.wmw-patent.de\/en\/designs-4\/","og_site_name":"Patentanw\u00e4lte Weisse, Moltmann &amp; Willems","article_modified_time":"2024-01-09T15:33:25+00:00","og_image":[{"url":"https:\/\/www.wmw-patent.de\/wp-content\/uploads\/2023\/10\/slide-design-1.jpg","type":"","width":"","height":""}],"twitter_card":"summary_large_image","twitter_misc":{"Est. reading time":"1 minute"},"schema":{"@context":"https:\/\/schema.org","@graph":[{"@type":"WebPage","@id":"https:\/\/www.wmw-patent.de\/designs-4\/","url":"https:\/\/www.wmw-patent.de\/designs-4\/","name":"Designs - Patentanw\u00e4lte Weisse, Moltmann &amp; Willems","isPartOf":{"@id":"https:\/\/www.wmw-patent.de\/en\/#website"},"primaryImageOfPage":{"@id":"https:\/\/www.wmw-patent.de\/designs-4\/#primaryimage"},"image":{"@id":"https:\/\/www.wmw-patent.de\/designs-4\/#primaryimage"},"thumbnailUrl":"https:\/\/www.wmw-patent.de\/wp-content\/uploads\/2023\/10\/slide-design-1.jpg","datePublished":"2023-08-02T13:01:32+00:00","dateModified":"2024-01-09T15:33:25+00:00","description":"Designs are \u201eintellectual property\u201c. The shape and color of products can be protected by registered designs. Particularly in the case of technical products, registered designs are becoming increasingly important as a supplementary form of protection. The term of protection of a registered design is a maximum of 25 years.","breadcrumb":{"@id":"https:\/\/www.wmw-patent.de\/designs-4\/#breadcrumb"},"inLanguage":"en-GB","potentialAction":[{"@type":"ReadAction","target":["https:\/\/www.wmw-patent.de\/designs-4\/"]}]},{"@type":"ImageObject","inLanguage":"en-GB","@id":"https:\/\/www.wmw-patent.de\/designs-4\/#primaryimage","url":"https:\/\/www.wmw-patent.de\/wp-content\/uploads\/2023\/10\/slide-design-1.jpg","contentUrl":"https:\/\/www.wmw-patent.de\/wp-content\/uploads\/2023\/10\/slide-design-1.jpg"},{"@type":"BreadcrumbList","@id":"https:\/\/www.wmw-patent.de\/designs-4\/#breadcrumb","itemListElement":[{"@type":"ListItem","position":1,"name":"Startseite","item":"https:\/\/www.wmw-patent.de\/"},{"@type":"ListItem","position":2,"name":"Designs"}]},{"@type":"WebSite","@id":"https:\/\/www.wmw-patent.de\/en\/#website","url":"https:\/\/www.wmw-patent.de\/en\/","name":"Patent Attorneys Weisse, Moltmann &amp; Willems","description":"Partnerschaftsgesellschaft","publisher":{"@id":"https:\/\/www.wmw-patent.de\/en\/#organization"},"potentialAction":[{"@type":"SearchAction","target":{"@type":"EntryPoint","urlTemplate":"https:\/\/www.wmw-patent.de\/en\/?s={search_term_string}"},"query-input":{"@type":"PropertyValueSpecification","valueRequired":true,"valueName":"search_term_string"}}],"inLanguage":"en-GB"},{"@type":"Organization","@id":"https:\/\/www.wmw-patent.de\/en\/#organization","name":"Patent Attorneys Weisse, Moltmann &amp; Willems","url":"https:\/\/www.wmw-patent.de\/en\/","logo":{"@type":"ImageObject","inLanguage":"en-GB","@id":"https:\/\/www.wmw-patent.de\/en\/#\/schema\/logo\/image\/","url":"https:\/\/www.wmw-patent.de\/wp-content\/uploads\/2023\/08\/wmw-logo-quer.svg","contentUrl":"https:\/\/www.wmw-patent.de\/wp-content\/uploads\/2023\/08\/wmw-logo-quer.svg","width":1063,"height":133,"caption":"Patentanw\u00e4lte Weisse, Moltmann &amp; Willems"},"image":{"@id":"https:\/\/www.wmw-patent.de\/en\/#\/schema\/logo\/image\/"}}]}},"uagb_featured_image_src":{"full":false,"thumbnail":false,"medium":false,"medium_large":false,"large":false,"1536x1536":false,"2048x2048":false,"trp-custom-language-flag":false},"uagb_author_info":{"display_name":"admin","author_link":"https:\/\/www.wmw-patent.de\/en\/author\/admin\/"},"uagb_comment_info":0,"uagb_excerpt":"Designs Designs sind \u201egeistiges Eigentum\u201c. Form- und Farbgebung von Produkten, lassen sich durch Geschmacksmuster bzw. eingetragene Designs sch\u00fctzen. Besonders bei technischen Produkten erlangen eingetragene Designs als erg\u00e4nzender Schutz eine immer gr\u00f6\u00dfere Bedeutung. Die Schutzdauer eines Designs betr\u00e4gt maximal 25 Jahre. Unsere Dienstleistungen:","_links":{"self":[{"href":"https:\/\/www.wmw-patent.de\/en\/wp-json\/wp\/v2\/pages\/1551","targetHints":{"allow":["GET"]}}],"collection":[{"href":"https:\/\/www.wmw-patent.de\/en\/wp-json\/wp\/v2\/pages"}],"about":[{"href":"https:\/\/www.wmw-patent.de\/en\/wp-json\/wp\/v2\/types\/page"}],"author":[{"embeddable":true,"href":"https:\/\/www.wmw-patent.de\/en\/wp-json\/wp\/v2\/users\/1"}],"replies":[{"embeddable":true,"href":"https:\/\/www.wmw-patent.de\/en\/wp-json\/wp\/v2\/comments?post=1551"}],"version-history":[{"count":19,"href":"https:\/\/www.wmw-patent.de\/en\/wp-json\/wp\/v2\/pages\/1551\/revisions"}],"predecessor-version":[{"id":2943,"href":"https:\/\/www.wmw-patent.de\/en\/wp-json\/wp\/v2\/pages\/1551\/revisions\/2943"}],"wp:attachment":[{"href":"https:\/\/www.wmw-patent.de\/en\/wp-json\/wp\/v2\/media?parent=1551"}],"curies":[{"name":"wp","href":"https:\/\/api.w.org\/{rel}","templated":true}]}}