{"id":1555,"date":"2023-08-02T13:07:29","date_gmt":"2023-08-02T13:07:29","guid":{"rendered":"https:\/\/www.wmw-patent.de\/?page_id=1555"},"modified":"2024-01-09T15:35:41","modified_gmt":"2024-01-09T15:35:41","slug":"technische-fachgebiete-3","status":"publish","type":"page","link":"https:\/\/www.wmw-patent.de\/en\/technische-fachgebiete-3\/","title":{"rendered":"Technical Fields"},"content":{"rendered":"<div class=\"wp-block-uagb-container uagb-block-6942797d alignfull uagb-is-root-container\">\n<div class=\"wp-block-cover alignfull\" style=\"min-height:60vh;aspect-ratio:unset;\"><span aria-hidden=\"true\" class=\"wp-block-cover__background has-background-dim-0 has-background-dim\"><\/span><img loading=\"lazy\" decoding=\"async\" width=\"1024\" height=\"420\" class=\"wp-block-cover__image-background wp-image-2014\" alt=\"\" src=\"https:\/\/www.wmw-patent.de\/wp-content\/uploads\/2023\/10\/slide-fachgebiete-1-1024x420.jpg\" data-object-fit=\"cover\" srcset=\"https:\/\/www.wmw-patent.de\/wp-content\/uploads\/2023\/10\/slide-fachgebiete-1-1024x420.jpg 1024w, https:\/\/www.wmw-patent.de\/wp-content\/uploads\/2023\/10\/slide-fachgebiete-1-300x123.jpg 300w, https:\/\/www.wmw-patent.de\/wp-content\/uploads\/2023\/10\/slide-fachgebiete-1-768x315.jpg 768w, https:\/\/www.wmw-patent.de\/wp-content\/uploads\/2023\/10\/slide-fachgebiete-1-1536x630.jpg 1536w, https:\/\/www.wmw-patent.de\/wp-content\/uploads\/2023\/10\/slide-fachgebiete-1.jpg 1920w\" sizes=\"auto, (max-width: 1024px) 100vw, 1024px\" \/><div class=\"wp-block-cover__inner-container is-layout-flow wp-block-cover-is-layout-flow\">\n<p class=\"has-text-align-center has-large-font-size\"><\/p>\n<\/div><\/div>\n<\/div>\n\n\n\n<div class=\"wp-block-uagb-container uagb-block-81cf9cf2 alignfull uagb-is-root-container\"><div class=\"uagb-container-inner-blocks-wrap\">\n<h2 class=\"wp-block-heading has-text-align-left\">Technical Fields<\/h2>\n\n\n\n<p>Patent attorneys must have a technical or scientific university degree as a requirement for the profession in Germany. In addition, a practical year in industry is required. As physicists, geophysicists or mechanical engineers, we have a very broad basic technical knowledge and can quickly familiarize ourselves with special technical fields.<\/p>\n\n\n\n<div style=\"height:4vh\" aria-hidden=\"true\" class=\"wp-block-spacer\"><\/div>\n\n\n\n<div class=\"wp-block-columns is-layout-flex wp-container-core-columns-is-layout-648be738 wp-block-columns-is-layout-flex\" style=\"margin-top:var(--wp--preset--spacing--50);padding-top:0;padding-right:0;padding-bottom:0;padding-left:0\">\n<div class=\"wp-block-column is-layout-flow wp-block-column-is-layout-flow\">\n<figure class=\"wp-block-image size-large\"><img loading=\"lazy\" decoding=\"async\" width=\"1024\" height=\"664\" src=\"https:\/\/www.wmw-patent.de\/wp-content\/uploads\/2023\/10\/technische-fachgebiete-2-1024x664.jpg\" alt=\"\" class=\"wp-image-2016\" srcset=\"https:\/\/www.wmw-patent.de\/wp-content\/uploads\/2023\/10\/technische-fachgebiete-2-1024x664.jpg 1024w, https:\/\/www.wmw-patent.de\/wp-content\/uploads\/2023\/10\/technische-fachgebiete-2-300x195.jpg 300w, https:\/\/www.wmw-patent.de\/wp-content\/uploads\/2023\/10\/technische-fachgebiete-2-768x498.jpg 768w, https:\/\/www.wmw-patent.de\/wp-content\/uploads\/2023\/10\/technische-fachgebiete-2.jpg 1202w\" sizes=\"auto, (max-width: 1024px) 100vw, 1024px\" \/><\/figure>\n<\/div>\n\n\n\n<div class=\"wp-block-column is-layout-flow wp-block-column-is-layout-flow\">\n<p style=\"padding-right:20px;padding-left:20px\"><strong><strong>We have particular industry experience and knowledge in the following areas:<\/strong><\/strong><\/p>\n\n\n\n<ul class=\"wp-block-list\">\n<li>Mechanical engineering and toolmaking<\/li>\n\n\n\n<li>Security and lock technology<\/li>\n\n\n\n<li>Instrumentation and control technology<\/li>\n\n\n\n<li>Sensors<\/li>\n\n\n\n<li>Telecommunications<\/li>\n\n\n\n<li>Telecommunications engineering<\/li>\n\n\n\n<li>Information technology<\/li>\n\n\n\n<li>Computer-implemented inventions<\/li>\n\n\n\n<li>Electrical engineering<\/li>\n\n\n\n<li>Optics<\/li>\n\n\n\n<li>Laser technology<\/li>\n\n\n\n<li>Semiconductor technology<\/li>\n\n\n\n<li>Physics<\/li>\n\n\n\n<li>Automotive engineering<\/li>\n\n\n\n<li>Aviation and aerospace engineering<\/li>\n\n\n\n<li>Medical technology<\/li>\n\n\n\n<li>Geotechnical engineering<\/li>\n\n\n\n<li>Remote sensing<\/li>\n\n\n\n<li>Material and textile technology<\/li>\n\n\n\n<li>Artificial intelligence<\/li>\n\n\n\n<li>Manufacturing and production technology<\/li>\n<\/ul>\n<\/div>\n<\/div>\n<\/div><\/div>","protected":false},"excerpt":{"rendered":"<p>Technische Fachgebiete Patentanw\u00e4lte haben als Voraussetzung f\u00fcr den Beruf einen technischen oder naturwissenschaftlichen Hochschulabschluss vorzulegen. Au\u00dferdem wird ein praktisches Jahr in der Industrie verlangt. Als Physiker, Geophysiker oder Maschinenbauingenieur verf\u00fcgen wir \u00fcber ein sehr breites technisches Basiswissen und k\u00f6nnen uns schnell in Spezialgebiete einarbeiten. Besondere Branchenerfahrungen und Kenntnisse haben wir in den Bereichen:<\/p>","protected":false},"author":1,"featured_media":0,"parent":0,"menu_order":0,"comment_status":"closed","ping_status":"closed","template":"","meta":{"inline_featured_image":false,"_uag_custom_page_level_css":"","site-sidebar-layout":"default","site-content-layout":"","ast-site-content-layout":"default","site-content-style":"default","site-sidebar-style":"default","ast-global-header-display":"","ast-banner-title-visibility":"","ast-main-header-display":"","ast-hfb-above-header-display":"","ast-hfb-below-header-display":"","ast-hfb-mobile-header-display":"","site-post-title":"disabled","ast-breadcrumbs-content":"","ast-featured-img":"","footer-sml-layout":"","theme-transparent-header-meta":"","adv-header-id-meta":"","stick-header-meta":"","header-above-stick-meta":"","header-main-stick-meta":"","header-below-stick-meta":"","astra-migrate-meta-layouts":"set","ast-page-background-enabled":"default","ast-page-background-meta":{"desktop":{"background-color":"var(--ast-global-color-4)","background-image":"","background-repeat":"repeat","background-position":"center center","background-size":"auto","background-attachment":"scroll","background-type":"","background-media":"","overlay-type":"","overlay-color":"","overlay-opacity":"","overlay-gradient":""},"tablet":{"background-color":"","background-image":"","background-repeat":"repeat","background-position":"center center","background-size":"auto","background-attachment":"scroll","background-type":"","background-media":"","overlay-type":"","overlay-color":"","overlay-opacity":"","overlay-gradient":""},"mobile":{"background-color":"","background-image":"","background-repeat":"repeat","background-position":"center center","background-size":"auto","background-attachment":"scroll","background-type":"","background-media":"","overlay-type":"","overlay-color":"","overlay-opacity":"","overlay-gradient":""}},"ast-content-background-meta":{"desktop":{"background-color":"var(--ast-global-color-5)","background-image":"","background-repeat":"repeat","background-position":"center center","background-size":"auto","background-attachment":"scroll","background-type":"","background-media":"","overlay-type":"","overlay-color":"","overlay-opacity":"","overlay-gradient":""},"tablet":{"background-color":"var(--ast-global-color-5)","background-image":"","background-repeat":"repeat","background-position":"center center","background-size":"auto","background-attachment":"scroll","background-type":"","background-media":"","overlay-type":"","overlay-color":"","overlay-opacity":"","overlay-gradient":""},"mobile":{"background-color":"var(--ast-global-color-5)","background-image":"","background-repeat":"repeat","background-position":"center center","background-size":"auto","background-attachment":"scroll","background-type":"","background-media":"","overlay-type":"","overlay-color":"","overlay-opacity":"","overlay-gradient":""}},"footnotes":""},"class_list":["post-1555","page","type-page","status-publish","hentry"],"yoast_head":"<!-- This site is optimized with the Yoast SEO plugin v27.5 - https:\/\/yoast.com\/product\/yoast-seo-wordpress\/ -->\n<title>Technische Fachgebiete - Patentanw\u00e4lte Weisse, Moltmann &amp; Willems<\/title>\n<meta name=\"description\" content=\"Patentanw\u00e4lte haben als Voraussetzung f\u00fcr den Beruf einen technischen oder naturwissenschaftlichen Hochschulabschluss vorzulegen. Au\u00dferdem wird ein praktisches Jahr in der Industrie verlangt. Als Physiker, Geophysiker oder Maschinenbauingenieur verf\u00fcgen wir \u00fcber ein sehr breites technisches Basiswissen und k\u00f6nnen uns schnell in Spezialgebiete einarbeiten.\" \/>\n<meta name=\"robots\" content=\"index, follow, max-snippet:-1, max-image-preview:large, max-video-preview:-1\" \/>\n<link rel=\"canonical\" href=\"https:\/\/www.wmw-patent.de\/en\/technische-fachgebiete-3\/\" \/>\n<meta property=\"og:locale\" content=\"en_GB\" \/>\n<meta property=\"og:type\" content=\"article\" \/>\n<meta property=\"og:title\" content=\"Technische Fachgebiete - Patentanw\u00e4lte Weisse, Moltmann &amp; Willems\" \/>\n<meta property=\"og:description\" content=\"Patentanw\u00e4lte haben als Voraussetzung f\u00fcr den Beruf einen technischen oder naturwissenschaftlichen Hochschulabschluss vorzulegen. Au\u00dferdem wird ein praktisches Jahr in der Industrie verlangt. Als Physiker, Geophysiker oder Maschinenbauingenieur verf\u00fcgen wir \u00fcber ein sehr breites technisches Basiswissen und k\u00f6nnen uns schnell in Spezialgebiete einarbeiten.\" \/>\n<meta property=\"og:url\" content=\"https:\/\/www.wmw-patent.de\/en\/technische-fachgebiete-3\/\" \/>\n<meta property=\"og:site_name\" content=\"Patentanw\u00e4lte Weisse, Moltmann &amp; Willems\" \/>\n<meta property=\"article:modified_time\" content=\"2024-01-09T15:35:41+00:00\" \/>\n<meta property=\"og:image\" content=\"https:\/\/www.wmw-patent.de\/wp-content\/uploads\/2023\/10\/slide-fachgebiete-1-1024x420.jpg\" \/>\n<meta name=\"twitter:card\" content=\"summary_large_image\" \/>\n<meta name=\"twitter:label1\" content=\"Est. reading time\" \/>\n\t<meta name=\"twitter:data1\" content=\"1 minute\" \/>\n<script type=\"application\/ld+json\" class=\"yoast-schema-graph\">{\"@context\":\"https:\\\/\\\/schema.org\",\"@graph\":[{\"@type\":\"WebPage\",\"@id\":\"https:\\\/\\\/www.wmw-patent.de\\\/technische-fachgebiete-3\\\/\",\"url\":\"https:\\\/\\\/www.wmw-patent.de\\\/technische-fachgebiete-3\\\/\",\"name\":\"Technische Fachgebiete - Patentanw\u00e4lte Weisse, Moltmann &amp; Willems\",\"isPartOf\":{\"@id\":\"https:\\\/\\\/www.wmw-patent.de\\\/en\\\/#website\"},\"primaryImageOfPage\":{\"@id\":\"https:\\\/\\\/www.wmw-patent.de\\\/technische-fachgebiete-3\\\/#primaryimage\"},\"image\":{\"@id\":\"https:\\\/\\\/www.wmw-patent.de\\\/technische-fachgebiete-3\\\/#primaryimage\"},\"thumbnailUrl\":\"https:\\\/\\\/www.wmw-patent.de\\\/wp-content\\\/uploads\\\/2023\\\/10\\\/slide-fachgebiete-1-1024x420.jpg\",\"datePublished\":\"2023-08-02T13:07:29+00:00\",\"dateModified\":\"2024-01-09T15:35:41+00:00\",\"description\":\"Patentanw\u00e4lte haben als Voraussetzung f\u00fcr den Beruf einen technischen oder naturwissenschaftlichen Hochschulabschluss vorzulegen. Au\u00dferdem wird ein praktisches Jahr in der Industrie verlangt. Als Physiker, Geophysiker oder Maschinenbauingenieur verf\u00fcgen wir \u00fcber ein sehr breites technisches Basiswissen und k\u00f6nnen uns schnell in Spezialgebiete einarbeiten.\",\"breadcrumb\":{\"@id\":\"https:\\\/\\\/www.wmw-patent.de\\\/technische-fachgebiete-3\\\/#breadcrumb\"},\"inLanguage\":\"en-GB\",\"potentialAction\":[{\"@type\":\"ReadAction\",\"target\":[\"https:\\\/\\\/www.wmw-patent.de\\\/technische-fachgebiete-3\\\/\"]}]},{\"@type\":\"ImageObject\",\"inLanguage\":\"en-GB\",\"@id\":\"https:\\\/\\\/www.wmw-patent.de\\\/technische-fachgebiete-3\\\/#primaryimage\",\"url\":\"https:\\\/\\\/www.wmw-patent.de\\\/wp-content\\\/uploads\\\/2023\\\/10\\\/slide-fachgebiete-1-1024x420.jpg\",\"contentUrl\":\"https:\\\/\\\/www.wmw-patent.de\\\/wp-content\\\/uploads\\\/2023\\\/10\\\/slide-fachgebiete-1-1024x420.jpg\"},{\"@type\":\"BreadcrumbList\",\"@id\":\"https:\\\/\\\/www.wmw-patent.de\\\/technische-fachgebiete-3\\\/#breadcrumb\",\"itemListElement\":[{\"@type\":\"ListItem\",\"position\":1,\"name\":\"Startseite\",\"item\":\"https:\\\/\\\/www.wmw-patent.de\\\/\"},{\"@type\":\"ListItem\",\"position\":2,\"name\":\"Technische Fachgebiete\"}]},{\"@type\":\"WebSite\",\"@id\":\"https:\\\/\\\/www.wmw-patent.de\\\/en\\\/#website\",\"url\":\"https:\\\/\\\/www.wmw-patent.de\\\/en\\\/\",\"name\":\"Patentanw\u00e4lte Weisse, Moltmann &amp; Willems\",\"description\":\"Partnerschaftsgesellschaft\",\"publisher\":{\"@id\":\"https:\\\/\\\/www.wmw-patent.de\\\/en\\\/#organization\"},\"potentialAction\":[{\"@type\":\"SearchAction\",\"target\":{\"@type\":\"EntryPoint\",\"urlTemplate\":\"https:\\\/\\\/www.wmw-patent.de\\\/en\\\/?s={search_term_string}\"},\"query-input\":{\"@type\":\"PropertyValueSpecification\",\"valueRequired\":true,\"valueName\":\"search_term_string\"}}],\"inLanguage\":\"en-GB\"},{\"@type\":\"Organization\",\"@id\":\"https:\\\/\\\/www.wmw-patent.de\\\/en\\\/#organization\",\"name\":\"Patentanw\u00e4lte Weisse, Moltmann &amp; Willems\",\"url\":\"https:\\\/\\\/www.wmw-patent.de\\\/en\\\/\",\"logo\":{\"@type\":\"ImageObject\",\"inLanguage\":\"en-GB\",\"@id\":\"https:\\\/\\\/www.wmw-patent.de\\\/en\\\/#\\\/schema\\\/logo\\\/image\\\/\",\"url\":\"https:\\\/\\\/www.wmw-patent.de\\\/wp-content\\\/uploads\\\/2023\\\/08\\\/wmw-logo-quer.svg\",\"contentUrl\":\"https:\\\/\\\/www.wmw-patent.de\\\/wp-content\\\/uploads\\\/2023\\\/08\\\/wmw-logo-quer.svg\",\"width\":1063,\"height\":133,\"caption\":\"Patentanw\u00e4lte Weisse, Moltmann &amp; Willems\"},\"image\":{\"@id\":\"https:\\\/\\\/www.wmw-patent.de\\\/en\\\/#\\\/schema\\\/logo\\\/image\\\/\"}}]}<\/script>\n<!-- \/ Yoast SEO plugin. -->","yoast_head_json":{"title":"Technische Fachgebiete - Patentanw\u00e4lte Weisse, Moltmann &amp; Willems","description":"Patent attorneys must have a technical or scientific university degree as a requirement for the profession in Germany. In addition, a practical year in industry is required. As physicists, geophysicists or mechanical engineers, we have a very broad basic technical knowledge and can quickly familiarize ourselves with special technical fields.","robots":{"index":"index","follow":"follow","max-snippet":"max-snippet:-1","max-image-preview":"max-image-preview:large","max-video-preview":"max-video-preview:-1"},"canonical":"https:\/\/www.wmw-patent.de\/en\/technische-fachgebiete-3\/","og_locale":"en_GB","og_type":"article","og_title":"Technische Fachgebiete - Patentanw\u00e4lte Weisse, Moltmann &amp; Willems","og_description":"Patentanw\u00e4lte haben als Voraussetzung f\u00fcr den Beruf einen technischen oder naturwissenschaftlichen Hochschulabschluss vorzulegen. Au\u00dferdem wird ein praktisches Jahr in der Industrie verlangt. Als Physiker, Geophysiker oder Maschinenbauingenieur verf\u00fcgen wir \u00fcber ein sehr breites technisches Basiswissen und k\u00f6nnen uns schnell in Spezialgebiete einarbeiten.","og_url":"https:\/\/www.wmw-patent.de\/en\/technische-fachgebiete-3\/","og_site_name":"Patentanw\u00e4lte Weisse, Moltmann &amp; Willems","article_modified_time":"2024-01-09T15:35:41+00:00","og_image":[{"url":"https:\/\/www.wmw-patent.de\/wp-content\/uploads\/2023\/10\/slide-fachgebiete-1-1024x420.jpg","type":"","width":"","height":""}],"twitter_card":"summary_large_image","twitter_misc":{"Est. reading time":"1 minute"},"schema":{"@context":"https:\/\/schema.org","@graph":[{"@type":"WebPage","@id":"https:\/\/www.wmw-patent.de\/technische-fachgebiete-3\/","url":"https:\/\/www.wmw-patent.de\/technische-fachgebiete-3\/","name":"Technische Fachgebiete - Patentanw\u00e4lte Weisse, Moltmann &amp; Willems","isPartOf":{"@id":"https:\/\/www.wmw-patent.de\/en\/#website"},"primaryImageOfPage":{"@id":"https:\/\/www.wmw-patent.de\/technische-fachgebiete-3\/#primaryimage"},"image":{"@id":"https:\/\/www.wmw-patent.de\/technische-fachgebiete-3\/#primaryimage"},"thumbnailUrl":"https:\/\/www.wmw-patent.de\/wp-content\/uploads\/2023\/10\/slide-fachgebiete-1-1024x420.jpg","datePublished":"2023-08-02T13:07:29+00:00","dateModified":"2024-01-09T15:35:41+00:00","description":"Patent attorneys must have a technical or scientific university degree as a requirement for the profession in Germany. In addition, a practical year in industry is required. As physicists, geophysicists or mechanical engineers, we have a very broad basic technical knowledge and can quickly familiarize ourselves with special technical fields.","breadcrumb":{"@id":"https:\/\/www.wmw-patent.de\/technische-fachgebiete-3\/#breadcrumb"},"inLanguage":"en-GB","potentialAction":[{"@type":"ReadAction","target":["https:\/\/www.wmw-patent.de\/technische-fachgebiete-3\/"]}]},{"@type":"ImageObject","inLanguage":"en-GB","@id":"https:\/\/www.wmw-patent.de\/technische-fachgebiete-3\/#primaryimage","url":"https:\/\/www.wmw-patent.de\/wp-content\/uploads\/2023\/10\/slide-fachgebiete-1-1024x420.jpg","contentUrl":"https:\/\/www.wmw-patent.de\/wp-content\/uploads\/2023\/10\/slide-fachgebiete-1-1024x420.jpg"},{"@type":"BreadcrumbList","@id":"https:\/\/www.wmw-patent.de\/technische-fachgebiete-3\/#breadcrumb","itemListElement":[{"@type":"ListItem","position":1,"name":"Startseite","item":"https:\/\/www.wmw-patent.de\/"},{"@type":"ListItem","position":2,"name":"Technische Fachgebiete"}]},{"@type":"WebSite","@id":"https:\/\/www.wmw-patent.de\/en\/#website","url":"https:\/\/www.wmw-patent.de\/en\/","name":"Patent Attorneys Weisse, Moltmann &amp; Willems","description":"Partnerschaftsgesellschaft","publisher":{"@id":"https:\/\/www.wmw-patent.de\/en\/#organization"},"potentialAction":[{"@type":"SearchAction","target":{"@type":"EntryPoint","urlTemplate":"https:\/\/www.wmw-patent.de\/en\/?s={search_term_string}"},"query-input":{"@type":"PropertyValueSpecification","valueRequired":true,"valueName":"search_term_string"}}],"inLanguage":"en-GB"},{"@type":"Organization","@id":"https:\/\/www.wmw-patent.de\/en\/#organization","name":"Patent Attorneys Weisse, Moltmann &amp; Willems","url":"https:\/\/www.wmw-patent.de\/en\/","logo":{"@type":"ImageObject","inLanguage":"en-GB","@id":"https:\/\/www.wmw-patent.de\/en\/#\/schema\/logo\/image\/","url":"https:\/\/www.wmw-patent.de\/wp-content\/uploads\/2023\/08\/wmw-logo-quer.svg","contentUrl":"https:\/\/www.wmw-patent.de\/wp-content\/uploads\/2023\/08\/wmw-logo-quer.svg","width":1063,"height":133,"caption":"Patentanw\u00e4lte Weisse, Moltmann &amp; Willems"},"image":{"@id":"https:\/\/www.wmw-patent.de\/en\/#\/schema\/logo\/image\/"}}]}},"uagb_featured_image_src":{"full":false,"thumbnail":false,"medium":false,"medium_large":false,"large":false,"1536x1536":false,"2048x2048":false,"trp-custom-language-flag":false},"uagb_author_info":{"display_name":"admin","author_link":"https:\/\/www.wmw-patent.de\/en\/author\/admin\/"},"uagb_comment_info":0,"uagb_excerpt":"Technische Fachgebiete Patentanw\u00e4lte haben als Voraussetzung f\u00fcr den Beruf einen technischen oder naturwissenschaftlichen Hochschulabschluss vorzulegen. Au\u00dferdem wird ein praktisches Jahr in der Industrie verlangt. Als Physiker, Geophysiker oder Maschinenbauingenieur verf\u00fcgen wir \u00fcber ein sehr breites technisches Basiswissen und k\u00f6nnen uns schnell in Spezialgebiete einarbeiten. Besondere Branchenerfahrungen und Kenntnisse haben wir in den Bereichen:","_links":{"self":[{"href":"https:\/\/www.wmw-patent.de\/en\/wp-json\/wp\/v2\/pages\/1555","targetHints":{"allow":["GET"]}}],"collection":[{"href":"https:\/\/www.wmw-patent.de\/en\/wp-json\/wp\/v2\/pages"}],"about":[{"href":"https:\/\/www.wmw-patent.de\/en\/wp-json\/wp\/v2\/types\/page"}],"author":[{"embeddable":true,"href":"https:\/\/www.wmw-patent.de\/en\/wp-json\/wp\/v2\/users\/1"}],"replies":[{"embeddable":true,"href":"https:\/\/www.wmw-patent.de\/en\/wp-json\/wp\/v2\/comments?post=1555"}],"version-history":[{"count":16,"href":"https:\/\/www.wmw-patent.de\/en\/wp-json\/wp\/v2\/pages\/1555\/revisions"}],"predecessor-version":[{"id":3037,"href":"https:\/\/www.wmw-patent.de\/en\/wp-json\/wp\/v2\/pages\/1555\/revisions\/3037"}],"wp:attachment":[{"href":"https:\/\/www.wmw-patent.de\/en\/wp-json\/wp\/v2\/media?parent=1555"}],"curies":[{"name":"wp","href":"https:\/\/api.w.org\/{rel}","templated":true}]}}