{"id":16,"date":"2023-03-07T15:20:00","date_gmt":"2023-03-07T15:20:00","guid":{"rendered":"http:\/\/bcdesign.local\/?page_id=16"},"modified":"2024-01-09T15:15:20","modified_gmt":"2024-01-09T15:15:20","slug":"impressum","status":"publish","type":"page","link":"https:\/\/www.wmw-patent.de\/en\/impressum\/","title":{"rendered":"Imprint"},"content":{"rendered":"\n<div class=\"wp-block-uagb-container uagb-block-f75747e3 alignfull uagb-is-root-container\"><div class=\"uagb-container-inner-blocks-wrap\">\n<div class=\"wp-block-uagb-advanced-heading uagb-block-2dc1cf5b\"><h1 class=\"uagb-heading-text\">Impressum<\/h1><\/div>\n\n\n\n<div class=\"wp-block-uagb-separator uagb-block-03db5a25\"><div class=\"wp-block-uagb-separator__inner\" style=\"--my-background-image:\"><\/div><\/div>\n\n\n\n<h5 class=\"wp-block-heading has-ffffff-background-color has-background\" style=\"padding-right:0;padding-left:0\"><strong>Patentanw\u00e4lte<br>Weisse, Moltmann &amp; Willems PartG mbB<\/strong><\/h5>\n\n\n\n<p class=\"has-ffffff-background-color has-background\" style=\"margin-right:0;margin-left:0;padding-right:0;padding-left:0\"><strong>Standort Velbert<\/strong><br>Am Lomberg 13<br>42555 Velbert<br>Tel: +49 (0) 2052 \u2013 95010<br>Fax: +49 (0) 2052 \u2013 950111<\/p>\n\n\n\n<p class=\"has-ffffff-background-color has-background\" style=\"padding-right:0;padding-left:0\"><a href=\"mailto:info@wmw-patent.de\">info[at]wmw-patent[dot]de<\/a><br><a href=\"http:\/\/www.wmw-patent.de\">www.wmw-patent.de<\/a><\/p>\n\n\n\n<p class=\"has-ffffff-background-color has-background\" style=\"padding-right:0;padding-left:0\">USt-IdNr.: DE290282090<\/p>\n\n\n\n<p class=\"has-ffffff-background-color has-background\" style=\"padding-right:0;padding-left:0\">Die Partnerschaftsgesellschaft hat ihren Sitz in Velbert und ist im Partnerschaftsregister des Amtsgerichts Essen, PR 2840 eingetragen.<br>Partner sind die Patentanw\u00e4lte J\u00f6rg Weisse, Nicolas Moltmann, Volker Willems und Philip Weisse.<\/p>\n\n\n\n<p class=\"has-ffffff-background-color has-background\" style=\"padding-right:0;padding-left:0\">Die Berufsbezeichnungen Patentanwalt und European Patent Attorney<br>(Zugelassener Vertreter vor dem Europ\u00e4ischen Patentamt) wurden in der Bundesrepublik Deutschland verliehen.<\/p>\n\n\n\n<p class=\"has-ffffff-background-color has-background\" style=\"padding-right:0;padding-left:0\">Die f\u00fcr Patentanw\u00e4lte zust\u00e4ndige Kammer ist die<br>Patentanwaltskammer<br>Tal 29, D &#8211; 80331 M\u00fcnchen<br>Telefon +49-89-24 22 78 0<br>Telefax +49-89-24 22 78 24<br><a href=\"http:\/\/www.patentanwalt.de\" target=\"_blank\" rel=\"noreferrer noopener\">www.patentanwalt.de<\/a><\/p>\n\n\n\n<p class=\"has-ffffff-background-color has-background\" style=\"padding-right:0;padding-left:0\">Die f\u00fcr European Patent Attorneys zust\u00e4ndige Aufsichtsbeh\u00f6rde ist das<br>Institut der beim Europ\u00e4ischen Patentamt zugelassenen Vertreter &#8211; epi<br>Tal 29, D &#8211; 80331 M\u00fcnchen<br>Postfach 260112, D &#8211; 80058 M\u00fcnchen<br>Telefon: +49-89-201 70 80<br>Telefax: +49-89-202 15 48<br><a href=\"http:\/\/www.patentepi.com\" target=\"_blank\" rel=\"noreferrer noopener\">www.patentepi.com<\/a><\/p>\n\n\n\n<p class=\"has-ffffff-background-color has-background\" style=\"padding-right:0;padding-left:0\">F\u00fcr Patentanw\u00e4lte \/ European Patent Attorneys gelten im Wesentlichen die nachstehenden berufsrechtlichen Regelungen:<\/p>\n\n\n\n<ul style=\"padding-right:0;padding-left:0\" class=\"has-ffffff-background-color has-background wp-block-list\">\n<li><a href=\"http:\/\/www.patentanwalt.de\" target=\"_blank\" rel=\"noreferrer noopener\">Patentanwaltsordnung<\/a> (Bundesgesetzblatt I 1966, Seite 557, zuletzt ge\u00e4ndert durch Bundesgesetzblatt I 2001, Seite 3656)<\/li>\n\n\n\n<li><a href=\"http:\/\/www.patentanwalt.de\" target=\"_blank\" rel=\"noreferrer noopener\">Berufsordnung der Patentanw\u00e4lte<\/a> (Mitt. 1997, 243 ff.)<\/li>\n\n\n\n<li><a href=\"http:\/\/www.ficpi.org\/STATUTES.pdf\" target=\"_blank\" rel=\"noreferrer noopener\">FICPI Standesregeln<\/a><\/li>\n\n\n\n<li><a href=\"http:\/\/www.patentepi.com\/fileadmin\/user_upload\/content\/By-Laws\/Code_of_Conduct_as_published_in_Suppl_to_OJ_EPO_1_2013.pdf\" target=\"_blank\" rel=\"noreferrer noopener\">Richtlinien des Instituts der beim Europ\u00e4ischen Patentamt zugelassenen Vertreter f\u00fcr die Berufsaus\u00fcbung<\/a> (ABl. EPA 2003, 523)<\/li>\n<\/ul>\n\n\n\n<p class=\"has-ffffff-background-color has-background\" style=\"padding-right:0;padding-left:0\"><strong>Zust\u00e4ndige Berufshaftpflichtversicherung:<\/strong><br>R + V Allgemeine Versicherung AG<br>Raiffeisenplatz 1<br>65189 Wiesbaden<br>R\u00e4umlicher Geltungsbereich: weltweit<\/p>\n\n\n\n<p class=\"has-ffffff-background-color has-background\" style=\"padding-right:0;padding-left:0\"><strong>Urheberrecht<\/strong><br>Der Inhalt dieser Webseite ist urheberrechtlich gesch\u00fctzt. Alle Rechte an den Inhalten liegen bei der Patentanw\u00e4lte Weisse, Moltmann &amp; Willems PartGmbB oder demjenigen, der der Partnerschaftsgesellschaft ein entsprechendes Nutzungsrecht einger\u00e4umt hat. Einzelne Seiten oder Inhalte dieser Webseite d\u00fcrfen zum ausschlie\u00dflichen Gebrauch innerhalb Ihres Unternehmens gespeichert und gedruckt werden. Jede andere Verwertung, wie beispielsweise Vervielf\u00e4ltigung, Verbreitung und Verarbeitung in elektronischen Systemen zu kommerziellen Zwecken bedarf der vorherigen Genehmigung der Patentanw\u00e4lte Weisse, Moltmann &amp; Willems PartGmbB.<\/p>\n\n\n\n<p class=\"has-ffffff-background-color has-background\" style=\"padding-right:0;padding-left:0\"><strong>Haftungsausschluss<\/strong><br>Wir bem\u00fchen uns, die Informationen und Links auf dieser Webseite st\u00e4ndig zu aktualisieren und auf ihre Richtigkeit zu pr\u00fcfen.<br>Jegliche Haftung im Zusammenhang mit der Nutzung der Informationen, der Links oder dem Vertrauen auf deren Richtigkeit ist jedoch ausgeschlossen.<\/p>\n\n\n\n<p class=\"has-ffffff-background-color has-background\" style=\"padding-right:0;padding-left:0\"><strong>Design und Umsetzung<\/strong><br><a rel=\"noreferrer noopener\" href=\"http:\/\/benjaminclement.de\" target=\"_blank\">BC-Design<\/a><\/p>\n\n\n\n<p><strong>Bildquellennachweise:<\/strong> <br><a href=\"https:\/\/stock.adobe.com\/\" target=\"_blank\" rel=\"noreferrer noopener\">Adobe Stock<\/a><\/p>\n\n\n\n<p class=\"has-ffffff-background-color has-background\" style=\"padding-right:0;padding-left:0\">Copyright \u00a9 Patentanw\u00e4lte Weisse, Moltmann &amp; Willems PartGmbB, 2023. Alle Rechte vorbehalten.<\/p>\n<\/div><\/div>\n","protected":false},"excerpt":{"rendered":"<p>Impressum Patentanw\u00e4lteWeisse, Moltmann &amp; Willems PartG mbB Standort VelbertAm Lomberg 1342555 VelbertTel: +49 (0) 2052 \u2013 95010Fax: +49 (0) 2052 \u2013 950111 info[at]wmw-patent[dot]dewww.wmw-patent.de USt-IdNr.: DE290282090 Die Partnerschaftsgesellschaft hat ihren Sitz in Velbert und ist im Partnerschaftsregister des Amtsgerichts Essen, PR 2840 eingetragen.Partner sind die Patentanw\u00e4lte J\u00f6rg Weisse, Nicolas Moltmann, Volker Willems und Philip Weisse. Die Berufsbezeichnungen Patentanwalt und European Patent Attorney(Zugelassener Vertreter vor dem Europ\u00e4ischen Patentamt) wurden in der Bundesrepublik [&hellip;]<\/p>\n","protected":false},"author":1,"featured_media":0,"parent":0,"menu_order":0,"comment_status":"closed","ping_status":"closed","template":"","meta":{"inline_featured_image":false,"_uag_custom_page_level_css":"","site-sidebar-layout":"default","site-content-layout":"","ast-site-content-layout":"default","site-content-style":"default","site-sidebar-style":"default","ast-global-header-display":"","ast-banner-title-visibility":"","ast-main-header-display":"","ast-hfb-above-header-display":"","ast-hfb-below-header-display":"","ast-hfb-mobile-header-display":"","site-post-title":"disabled","ast-breadcrumbs-content":"","ast-featured-img":"","footer-sml-layout":"","theme-transparent-header-meta":"","adv-header-id-meta":"","stick-header-meta":"","header-above-stick-meta":"","header-main-stick-meta":"","header-below-stick-meta":"","astra-migrate-meta-layouts":"set","ast-page-background-enabled":"default","ast-page-background-meta":{"desktop":{"background-color":"var(--ast-global-color-4)","background-image":"","background-repeat":"repeat","background-position":"center center","background-size":"auto","background-attachment":"scroll","background-type":"","background-media":"","overlay-type":"","overlay-color":"","overlay-opacity":"","overlay-gradient":""},"tablet":{"background-color":"","background-image":"","background-repeat":"repeat","background-position":"center center","background-size":"auto","background-attachment":"scroll","background-type":"","background-media":"","overlay-type":"","overlay-color":"","overlay-opacity":"","overlay-gradient":""},"mobile":{"background-color":"","background-image":"","background-repeat":"repeat","background-position":"center center","background-size":"auto","background-attachment":"scroll","background-type":"","background-media":"","overlay-type":"","overlay-color":"","overlay-opacity":"","overlay-gradient":""}},"ast-content-background-meta":{"desktop":{"background-color":"var(--ast-global-color-5)","background-image":"","background-repeat":"repeat","background-position":"center center","background-size":"auto","background-attachment":"scroll","background-type":"","background-media":"","overlay-type":"","overlay-color":"","overlay-opacity":"","overlay-gradient":""},"tablet":{"background-color":"var(--ast-global-color-5)","background-image":"","background-repeat":"repeat","background-position":"center center","background-size":"auto","background-attachment":"scroll","background-type":"","background-media":"","overlay-type":"","overlay-color":"","overlay-opacity":"","overlay-gradient":""},"mobile":{"background-color":"var(--ast-global-color-5)","background-image":"","background-repeat":"repeat","background-position":"center center","background-size":"auto","background-attachment":"scroll","background-type":"","background-media":"","overlay-type":"","overlay-color":"","overlay-opacity":"","overlay-gradient":""}},"footnotes":""},"class_list":["post-16","page","type-page","status-publish","hentry"],"yoast_head":"<!-- This site is optimized with the Yoast SEO plugin v27.5 - https:\/\/yoast.com\/product\/yoast-seo-wordpress\/ -->\n<title>Impressum - Patentanw\u00e4lte Weisse, Moltmann &amp; Willems<\/title>\n<meta name=\"description\" content=\"Patentanw\u00e4lte Weisse, Moltmann &amp; Willems PartG mbB | Standort Velbert | Am Lomberg 13 | 42555 Velbert | Tel: +49 (0) 2052 \u2013 95010 | Fax: +49 (0) 2052 \u2013 950111\" \/>\n<meta name=\"robots\" content=\"index, follow, max-snippet:-1, max-image-preview:large, max-video-preview:-1\" \/>\n<link rel=\"canonical\" href=\"https:\/\/www.wmw-patent.de\/en\/impressum\/\" \/>\n<meta property=\"og:locale\" content=\"en_GB\" \/>\n<meta property=\"og:type\" content=\"article\" \/>\n<meta property=\"og:title\" content=\"Impressum - Patentanw\u00e4lte Weisse, Moltmann &amp; Willems\" \/>\n<meta property=\"og:description\" content=\"Patentanw\u00e4lte Weisse, Moltmann &amp; Willems PartG mbB | Standort Velbert | Am Lomberg 13 | 42555 Velbert | Tel: +49 (0) 2052 \u2013 95010 | Fax: +49 (0) 2052 \u2013 950111\" \/>\n<meta property=\"og:url\" content=\"https:\/\/www.wmw-patent.de\/en\/impressum\/\" \/>\n<meta property=\"og:site_name\" content=\"Patentanw\u00e4lte Weisse, Moltmann &amp; Willems\" \/>\n<meta property=\"article:modified_time\" content=\"2024-01-09T15:15:20+00:00\" \/>\n<meta name=\"twitter:card\" content=\"summary_large_image\" \/>\n<meta name=\"twitter:label1\" content=\"Est. reading time\" \/>\n\t<meta name=\"twitter:data1\" content=\"2 minutes\" \/>\n<script type=\"application\/ld+json\" class=\"yoast-schema-graph\">{\"@context\":\"https:\\\/\\\/schema.org\",\"@graph\":[{\"@type\":\"WebPage\",\"@id\":\"https:\\\/\\\/www.wmw-patent.de\\\/impressum\\\/\",\"url\":\"https:\\\/\\\/www.wmw-patent.de\\\/impressum\\\/\",\"name\":\"Impressum - Patentanw\u00e4lte Weisse, Moltmann &amp; Willems\",\"isPartOf\":{\"@id\":\"https:\\\/\\\/www.wmw-patent.de\\\/en\\\/#website\"},\"datePublished\":\"2023-03-07T15:20:00+00:00\",\"dateModified\":\"2024-01-09T15:15:20+00:00\",\"description\":\"Patentanw\u00e4lte Weisse, Moltmann & Willems PartG mbB | Standort Velbert | Am Lomberg 13 | 42555 Velbert | Tel: +49 (0) 2052 \u2013 95010 | Fax: +49 (0) 2052 \u2013 950111\",\"breadcrumb\":{\"@id\":\"https:\\\/\\\/www.wmw-patent.de\\\/impressum\\\/#breadcrumb\"},\"inLanguage\":\"en-GB\",\"potentialAction\":[{\"@type\":\"ReadAction\",\"target\":[\"https:\\\/\\\/www.wmw-patent.de\\\/impressum\\\/\"]}]},{\"@type\":\"BreadcrumbList\",\"@id\":\"https:\\\/\\\/www.wmw-patent.de\\\/impressum\\\/#breadcrumb\",\"itemListElement\":[{\"@type\":\"ListItem\",\"position\":1,\"name\":\"Startseite\",\"item\":\"https:\\\/\\\/www.wmw-patent.de\\\/\"},{\"@type\":\"ListItem\",\"position\":2,\"name\":\"Impressum\"}]},{\"@type\":\"WebSite\",\"@id\":\"https:\\\/\\\/www.wmw-patent.de\\\/en\\\/#website\",\"url\":\"https:\\\/\\\/www.wmw-patent.de\\\/en\\\/\",\"name\":\"Patentanw\u00e4lte Weisse, Moltmann &amp; Willems\",\"description\":\"Partnerschaftsgesellschaft\",\"publisher\":{\"@id\":\"https:\\\/\\\/www.wmw-patent.de\\\/en\\\/#organization\"},\"potentialAction\":[{\"@type\":\"SearchAction\",\"target\":{\"@type\":\"EntryPoint\",\"urlTemplate\":\"https:\\\/\\\/www.wmw-patent.de\\\/en\\\/?s={search_term_string}\"},\"query-input\":{\"@type\":\"PropertyValueSpecification\",\"valueRequired\":true,\"valueName\":\"search_term_string\"}}],\"inLanguage\":\"en-GB\"},{\"@type\":\"Organization\",\"@id\":\"https:\\\/\\\/www.wmw-patent.de\\\/en\\\/#organization\",\"name\":\"Patentanw\u00e4lte Weisse, Moltmann &amp; Willems\",\"url\":\"https:\\\/\\\/www.wmw-patent.de\\\/en\\\/\",\"logo\":{\"@type\":\"ImageObject\",\"inLanguage\":\"en-GB\",\"@id\":\"https:\\\/\\\/www.wmw-patent.de\\\/en\\\/#\\\/schema\\\/logo\\\/image\\\/\",\"url\":\"https:\\\/\\\/www.wmw-patent.de\\\/wp-content\\\/uploads\\\/2023\\\/08\\\/wmw-logo-quer.svg\",\"contentUrl\":\"https:\\\/\\\/www.wmw-patent.de\\\/wp-content\\\/uploads\\\/2023\\\/08\\\/wmw-logo-quer.svg\",\"width\":1063,\"height\":133,\"caption\":\"Patentanw\u00e4lte Weisse, Moltmann &amp; Willems\"},\"image\":{\"@id\":\"https:\\\/\\\/www.wmw-patent.de\\\/en\\\/#\\\/schema\\\/logo\\\/image\\\/\"}}]}<\/script>\n<!-- \/ Yoast SEO plugin. -->","yoast_head_json":{"title":"Impressum - Patentanw\u00e4lte Weisse, Moltmann &amp; Willems","description":"Patentanw\u00e4lte Weisse, Moltmann & Willems PartG mbB | Standort Velbert | Am Lomberg 13 | 42555 Velbert | Tel: +49 (0) 2052 \u2013 95010 | Fax: +49 (0) 2052 \u2013 950111","robots":{"index":"index","follow":"follow","max-snippet":"max-snippet:-1","max-image-preview":"max-image-preview:large","max-video-preview":"max-video-preview:-1"},"canonical":"https:\/\/www.wmw-patent.de\/en\/impressum\/","og_locale":"en_GB","og_type":"article","og_title":"Impressum - Patentanw\u00e4lte Weisse, Moltmann &amp; Willems","og_description":"Patentanw\u00e4lte Weisse, Moltmann & Willems PartG mbB | Standort Velbert | Am Lomberg 13 | 42555 Velbert | Tel: +49 (0) 2052 \u2013 95010 | Fax: +49 (0) 2052 \u2013 950111","og_url":"https:\/\/www.wmw-patent.de\/en\/impressum\/","og_site_name":"Patentanw\u00e4lte Weisse, Moltmann &amp; Willems","article_modified_time":"2024-01-09T15:15:20+00:00","twitter_card":"summary_large_image","twitter_misc":{"Est. reading time":"2 minutes"},"schema":{"@context":"https:\/\/schema.org","@graph":[{"@type":"WebPage","@id":"https:\/\/www.wmw-patent.de\/impressum\/","url":"https:\/\/www.wmw-patent.de\/impressum\/","name":"Impressum - Patentanw\u00e4lte Weisse, Moltmann &amp; Willems","isPartOf":{"@id":"https:\/\/www.wmw-patent.de\/en\/#website"},"datePublished":"2023-03-07T15:20:00+00:00","dateModified":"2024-01-09T15:15:20+00:00","description":"Patentanw\u00e4lte Weisse, Moltmann & Willems PartG mbB | Standort Velbert | Am Lomberg 13 | 42555 Velbert | Tel: +49 (0) 2052 \u2013 95010 | Fax: +49 (0) 2052 \u2013 950111","breadcrumb":{"@id":"https:\/\/www.wmw-patent.de\/impressum\/#breadcrumb"},"inLanguage":"en-GB","potentialAction":[{"@type":"ReadAction","target":["https:\/\/www.wmw-patent.de\/impressum\/"]}]},{"@type":"BreadcrumbList","@id":"https:\/\/www.wmw-patent.de\/impressum\/#breadcrumb","itemListElement":[{"@type":"ListItem","position":1,"name":"Startseite","item":"https:\/\/www.wmw-patent.de\/"},{"@type":"ListItem","position":2,"name":"Impressum"}]},{"@type":"WebSite","@id":"https:\/\/www.wmw-patent.de\/en\/#website","url":"https:\/\/www.wmw-patent.de\/en\/","name":"Patent Attorneys Weisse, Moltmann &amp; Willems","description":"Partnerschaftsgesellschaft","publisher":{"@id":"https:\/\/www.wmw-patent.de\/en\/#organization"},"potentialAction":[{"@type":"SearchAction","target":{"@type":"EntryPoint","urlTemplate":"https:\/\/www.wmw-patent.de\/en\/?s={search_term_string}"},"query-input":{"@type":"PropertyValueSpecification","valueRequired":true,"valueName":"search_term_string"}}],"inLanguage":"en-GB"},{"@type":"Organization","@id":"https:\/\/www.wmw-patent.de\/en\/#organization","name":"Patent Attorneys Weisse, Moltmann &amp; Willems","url":"https:\/\/www.wmw-patent.de\/en\/","logo":{"@type":"ImageObject","inLanguage":"en-GB","@id":"https:\/\/www.wmw-patent.de\/en\/#\/schema\/logo\/image\/","url":"https:\/\/www.wmw-patent.de\/wp-content\/uploads\/2023\/08\/wmw-logo-quer.svg","contentUrl":"https:\/\/www.wmw-patent.de\/wp-content\/uploads\/2023\/08\/wmw-logo-quer.svg","width":1063,"height":133,"caption":"Patentanw\u00e4lte Weisse, Moltmann &amp; Willems"},"image":{"@id":"https:\/\/www.wmw-patent.de\/en\/#\/schema\/logo\/image\/"}}]}},"uagb_featured_image_src":{"full":false,"thumbnail":false,"medium":false,"medium_large":false,"large":false,"1536x1536":false,"2048x2048":false,"trp-custom-language-flag":false},"uagb_author_info":{"display_name":"admin","author_link":"https:\/\/www.wmw-patent.de\/en\/author\/admin\/"},"uagb_comment_info":0,"uagb_excerpt":"Impressum Patentanw\u00e4lteWeisse, Moltmann &amp; Willems PartG mbB Standort VelbertAm Lomberg 1342555 VelbertTel: +49 (0) 2052 \u2013 95010Fax: +49 (0) 2052 \u2013 950111 info[at]wmw-patent[dot]dewww.wmw-patent.de USt-IdNr.: DE290282090 Die Partnerschaftsgesellschaft hat ihren Sitz in Velbert und ist im Partnerschaftsregister des Amtsgerichts Essen, PR 2840 eingetragen.Partner sind die Patentanw\u00e4lte J\u00f6rg Weisse, Nicolas Moltmann, Volker Willems und Philip Weisse. Die&hellip;","_links":{"self":[{"href":"https:\/\/www.wmw-patent.de\/en\/wp-json\/wp\/v2\/pages\/16","targetHints":{"allow":["GET"]}}],"collection":[{"href":"https:\/\/www.wmw-patent.de\/en\/wp-json\/wp\/v2\/pages"}],"about":[{"href":"https:\/\/www.wmw-patent.de\/en\/wp-json\/wp\/v2\/types\/page"}],"author":[{"embeddable":true,"href":"https:\/\/www.wmw-patent.de\/en\/wp-json\/wp\/v2\/users\/1"}],"replies":[{"embeddable":true,"href":"https:\/\/www.wmw-patent.de\/en\/wp-json\/wp\/v2\/comments?post=16"}],"version-history":[{"count":9,"href":"https:\/\/www.wmw-patent.de\/en\/wp-json\/wp\/v2\/pages\/16\/revisions"}],"predecessor-version":[{"id":3023,"href":"https:\/\/www.wmw-patent.de\/en\/wp-json\/wp\/v2\/pages\/16\/revisions\/3023"}],"wp:attachment":[{"href":"https:\/\/www.wmw-patent.de\/en\/wp-json\/wp\/v2\/media?parent=16"}],"curies":[{"name":"wp","href":"https:\/\/api.w.org\/{rel}","templated":true}]}}