{"id":168,"date":"2023-06-20T12:30:22","date_gmt":"2023-06-20T12:30:22","guid":{"rendered":"https:\/\/www.wmw-patent.de\/?page_id=168"},"modified":"2024-01-09T15:22:13","modified_gmt":"2024-01-09T15:22:13","slug":"cookie-richtlinien","status":"publish","type":"page","link":"https:\/\/www.wmw-patent.de\/en\/cookie-richtlinien\/","title":{"rendered":"Cookie Policy"},"content":{"rendered":"<div class=\"wp-block-uagb-container uagb-block-948f2c20 alignfull uagb-is-root-container\"><div class=\"uagb-container-inner-blocks-wrap\">\n<div class=\"wp-block-uagb-advanced-heading uagb-block-3c0d96c4\"><h1 class=\"uagb-heading-text\">Cookie Policy<\/h1><\/div>\n\n\n\n<div class=\"wp-block-uagb-separator uagb-block-e1c619d1\"><div class=\"wp-block-uagb-separator__inner\" style=\"--my-background-image:\"><\/div><\/div>\n\n\n\n<p class=\"has-ffffff-background-color has-background\" style=\"padding-right:0;padding-left:0\">This Cookie Policy applies to citizens and permanent residents of the European Economic Area.<\/p>\n\n\n\n<p class=\"has-ffffff-background-color has-background\" style=\"padding-right:0;padding-left:0\"><strong>1. introduction<\/strong><br>Our website https:\/\/www.wmw-patent.de (hereinafter referred to as the \u201eWebsite\u201c) uses cookies and similar technologies (for the sake of simplicity, all of these are collectively referred to as \u201ecookies\u201c). Cookies are also placed by third parties contracted by us. In the document below we inform you about the use of cookies on our website.<\/p>\n\n\n\n<p class=\"has-ffffff-background-color has-background\" style=\"padding-right:0;padding-left:0\"><strong>2. what are cookies?<\/strong><br>A cookie is a small simple file that is sent with pages of this website and stored by your browser on the hard drive of your computer or other device. The information stored therein may be returned to our servers or to the servers of the relevant third parties during a subsequent visit.<\/p>\n\n\n\n<p class=\"has-ffffff-background-color has-background\" style=\"padding-right:0;padding-left:0\"><strong>3. what are scripts?<\/strong><br>A script is a program code that allows our website to function properly and interactively. This code is executed on our server or on your device.<\/p>\n\n\n\n<p class=\"has-ffffff-background-color has-background\" style=\"padding-right:0;padding-left:0\"><strong>4.1 Technical or functional cookies<\/strong><br>Some cookies ensure that certain parts of the website function properly and that your user preferences are still remembered. By setting functional cookies, we make it easier for you to visit our website. This way, you do not have to repeatedly enter the same information when visiting our website, for example, items remain in your shopping cart until you have paid. We may place these cookies without your consent.<\/p>\n\n\n\n<p class=\"has-ffffff-background-color has-background\" style=\"padding-right:0;padding-left:0\"><strong>4.2 Analytic cookies<\/strong><br>We use statistical cookies to optimize the website experience for our users. These statistics cookies provide us with insights into the use of our website. We ask for your permission to set analytical cookies.<\/p>\n\n\n\n<p class=\"has-ffffff-background-color has-background\" style=\"padding-right:0;padding-left:0\"><strong>4.3 Marketing- \/ Tracking-Cookies<\/strong><br>Marketing \/ tracking cookies are cookies or other form of local storage used to create user profiles to display advertisements or track the user on this website or across multiple websites for similar marketing purposes.<\/p>\n\n\n\n<p class=\"has-ffffff-background-color has-background\" style=\"padding-right:0;padding-left:0\"><strong>5. use of cookies<\/strong><br>In addition, our website uses cookies. These are text files that are stored on your hard drive assigned to the browser you are using and send us certain information when you use our website. We use cookies that are technically necessary to make our website more user-friendly. Some areas of our website require that the calling browser can be identified even after a change of the website. These text files do not execute any programs or installations of such on your computer. We also use cookies that enable an analysis of the user\u2019s surfing behavior. The user data collected in this way is automatically pseudonymized so that it is no longer possible to assign the data to the calling user. The data is not stored together with other personal data of the users. When accessing our website, the user is informed about the use of cookies for analysis purposes and his consent to the processing of personal data used in this context is obtained. The legal basis for the processing of personal data using technically necessary cookies is Art. 6 para. 1 lit. f DS-GVO and for the use of cookies for analysis purposes in the presence of a relevant consent Art. 6 para. 1 lit. a DS-GVO. Since the cookies are stored on the user\u2019s computer, you as a user also have full control over their use. By changing the settings in the browser, the transmission of cookies can be disabled, restricted and already stored cookies can be deleted at any time. However, this may mean that not all functions of the website can be used to their full extent. In addition, so-called session cookies are used within the scope of registration on our website for access control and to improve user-friendliness. This includes setting up a \u201esession\u201c between the client and server, which allows you to move throughout the portal without having to log in again for each area. This cookie is automatically deleted when you close the browser. The Flash cookies we use are not collected by your browser, but by your Flash plugin. We also use HTML5 storage objects that are stored on your terminal device. These store the required data regardless of the browser you use and have no automatic expiration date. If you do not want Flash cookies to be used, then you need to install an appropriate add-on. You prevent the use of the HTML5 storage object by using private mode in your browser. In addition, we recommend that you regularly delete your cookies and browser history.<\/p>\n<\/div><\/div>","protected":false},"excerpt":{"rendered":"<p>Cookie-Richtlinien Diese Cookie-Richtlinie gilt f\u00fcr B\u00fcrger und Einwohner mit st\u00e4ndigem Wohnsitz im Europ\u00e4ischen Wirtschaftsraum. 1. Einf\u00fchrungUnsere Website https:\/\/www.wmw-patent.de (nachfolgend als \u201eWebsite\u201c bezeichnet) verwendet Cookies und \u00e4hnliche Technologien (der Einfachheit halber werden alle diese unter dem Begriff \u201eCookies\u201c zusammengefasst). Cookies werden au\u00dferdem von uns beauftragten Drittparteien platziert. In dem unten stehendem Dokument informieren wir Sie \u00fcber die Verwendung von Cookies auf unserer Website. 2. Was sind Cookies?Ein Cookie ist eine kleine [&hellip;]<\/p>\n","protected":false},"author":1,"featured_media":0,"parent":0,"menu_order":0,"comment_status":"closed","ping_status":"closed","template":"","meta":{"inline_featured_image":false,"_uag_custom_page_level_css":"","site-sidebar-layout":"default","site-content-layout":"","ast-site-content-layout":"default","site-content-style":"default","site-sidebar-style":"default","ast-global-header-display":"","ast-banner-title-visibility":"","ast-main-header-display":"","ast-hfb-above-header-display":"","ast-hfb-below-header-display":"","ast-hfb-mobile-header-display":"","site-post-title":"disabled","ast-breadcrumbs-content":"","ast-featured-img":"","footer-sml-layout":"","theme-transparent-header-meta":"","adv-header-id-meta":"","stick-header-meta":"","header-above-stick-meta":"","header-main-stick-meta":"","header-below-stick-meta":"","astra-migrate-meta-layouts":"set","ast-page-background-enabled":"default","ast-page-background-meta":{"desktop":{"background-color":"var(--ast-global-color-4)","background-image":"","background-repeat":"repeat","background-position":"center center","background-size":"auto","background-attachment":"scroll","background-type":"","background-media":"","overlay-type":"","overlay-color":"","overlay-opacity":"","overlay-gradient":""},"tablet":{"background-color":"","background-image":"","background-repeat":"repeat","background-position":"center center","background-size":"auto","background-attachment":"scroll","background-type":"","background-media":"","overlay-type":"","overlay-color":"","overlay-opacity":"","overlay-gradient":""},"mobile":{"background-color":"","background-image":"","background-repeat":"repeat","background-position":"center center","background-size":"auto","background-attachment":"scroll","background-type":"","background-media":"","overlay-type":"","overlay-color":"","overlay-opacity":"","overlay-gradient":""}},"ast-content-background-meta":{"desktop":{"background-color":"var(--ast-global-color-5)","background-image":"","background-repeat":"repeat","background-position":"center center","background-size":"auto","background-attachment":"scroll","background-type":"","background-media":"","overlay-type":"","overlay-color":"","overlay-opacity":"","overlay-gradient":""},"tablet":{"background-color":"var(--ast-global-color-5)","background-image":"","background-repeat":"repeat","background-position":"center center","background-size":"auto","background-attachment":"scroll","background-type":"","background-media":"","overlay-type":"","overlay-color":"","overlay-opacity":"","overlay-gradient":""},"mobile":{"background-color":"var(--ast-global-color-5)","background-image":"","background-repeat":"repeat","background-position":"center center","background-size":"auto","background-attachment":"scroll","background-type":"","background-media":"","overlay-type":"","overlay-color":"","overlay-opacity":"","overlay-gradient":""}},"footnotes":""},"class_list":["post-168","page","type-page","status-publish","hentry"],"yoast_head":"<!-- This site is optimized with the Yoast SEO plugin v27.5 - https:\/\/yoast.com\/product\/yoast-seo-wordpress\/ -->\n<title>Cookie-Richtlinien - Patentanw\u00e4lte Weisse, Moltmann &amp; Willems<\/title>\n<meta name=\"description\" content=\"Diese Cookie-Richtlinie gilt f\u00fcr B\u00fcrger und Einwohner mit st\u00e4ndigem Wohnsitz im Europ\u00e4ischen Wirtschaftsraum. | 1. Einf\u00fchrung | Unsere Website https:\/\/www.wmw-patent.de (nachfolgend als \u201eWebsite\u201c bezeichnet) verwendet Cookies und \u00e4hnliche Technologien (der Einfachheit halber werden alle diese unter dem Begriff \u201eCookies\u201c zusammengefasst). Cookies werden au\u00dferdem von uns beauftragten Drittparteien platziert. In dem unten stehendem Dokument informieren wir Sie \u00fcber die Verwendung von Cookies auf unserer Website.\" \/>\n<meta name=\"robots\" content=\"index, follow, max-snippet:-1, max-image-preview:large, max-video-preview:-1\" \/>\n<link rel=\"canonical\" href=\"https:\/\/www.wmw-patent.de\/en\/cookie-richtlinien\/\" \/>\n<meta property=\"og:locale\" content=\"en_GB\" \/>\n<meta property=\"og:type\" content=\"article\" \/>\n<meta property=\"og:title\" content=\"Cookie-Richtlinien - Patentanw\u00e4lte Weisse, Moltmann &amp; Willems\" \/>\n<meta property=\"og:description\" content=\"Diese Cookie-Richtlinie gilt f\u00fcr B\u00fcrger und Einwohner mit st\u00e4ndigem Wohnsitz im Europ\u00e4ischen Wirtschaftsraum. | 1. Einf\u00fchrung | Unsere Website https:\/\/www.wmw-patent.de (nachfolgend als \u201eWebsite\u201c bezeichnet) verwendet Cookies und \u00e4hnliche Technologien (der Einfachheit halber werden alle diese unter dem Begriff \u201eCookies\u201c zusammengefasst). Cookies werden au\u00dferdem von uns beauftragten Drittparteien platziert. In dem unten stehendem Dokument informieren wir Sie \u00fcber die Verwendung von Cookies auf unserer Website.\" \/>\n<meta property=\"og:url\" content=\"https:\/\/www.wmw-patent.de\/en\/cookie-richtlinien\/\" \/>\n<meta property=\"og:site_name\" content=\"Patentanw\u00e4lte Weisse, Moltmann &amp; Willems\" \/>\n<meta property=\"article:modified_time\" content=\"2024-01-09T15:22:13+00:00\" \/>\n<meta name=\"twitter:card\" content=\"summary_large_image\" \/>\n<meta name=\"twitter:label1\" content=\"Est. reading time\" \/>\n\t<meta name=\"twitter:data1\" content=\"4 minutes\" \/>\n<script type=\"application\/ld+json\" class=\"yoast-schema-graph\">{\"@context\":\"https:\\\/\\\/schema.org\",\"@graph\":[{\"@type\":\"WebPage\",\"@id\":\"https:\\\/\\\/www.wmw-patent.de\\\/cookie-richtlinien\\\/\",\"url\":\"https:\\\/\\\/www.wmw-patent.de\\\/cookie-richtlinien\\\/\",\"name\":\"Cookie-Richtlinien - Patentanw\u00e4lte Weisse, Moltmann &amp; Willems\",\"isPartOf\":{\"@id\":\"https:\\\/\\\/www.wmw-patent.de\\\/en\\\/#website\"},\"datePublished\":\"2023-06-20T12:30:22+00:00\",\"dateModified\":\"2024-01-09T15:22:13+00:00\",\"description\":\"Diese Cookie-Richtlinie gilt f\u00fcr B\u00fcrger und Einwohner mit st\u00e4ndigem Wohnsitz im Europ\u00e4ischen Wirtschaftsraum. | 1. Einf\u00fchrung | Unsere Website https:\\\/\\\/www.wmw-patent.de (nachfolgend als \u201eWebsite\u201c bezeichnet) verwendet Cookies und \u00e4hnliche Technologien (der Einfachheit halber werden alle diese unter dem Begriff \u201eCookies\u201c zusammengefasst). Cookies werden au\u00dferdem von uns beauftragten Drittparteien platziert. In dem unten stehendem Dokument informieren wir Sie \u00fcber die Verwendung von Cookies auf unserer Website.\",\"breadcrumb\":{\"@id\":\"https:\\\/\\\/www.wmw-patent.de\\\/cookie-richtlinien\\\/#breadcrumb\"},\"inLanguage\":\"en-GB\",\"potentialAction\":[{\"@type\":\"ReadAction\",\"target\":[\"https:\\\/\\\/www.wmw-patent.de\\\/cookie-richtlinien\\\/\"]}]},{\"@type\":\"BreadcrumbList\",\"@id\":\"https:\\\/\\\/www.wmw-patent.de\\\/cookie-richtlinien\\\/#breadcrumb\",\"itemListElement\":[{\"@type\":\"ListItem\",\"position\":1,\"name\":\"Startseite\",\"item\":\"https:\\\/\\\/www.wmw-patent.de\\\/\"},{\"@type\":\"ListItem\",\"position\":2,\"name\":\"Cookie-Richtlinien\"}]},{\"@type\":\"WebSite\",\"@id\":\"https:\\\/\\\/www.wmw-patent.de\\\/en\\\/#website\",\"url\":\"https:\\\/\\\/www.wmw-patent.de\\\/en\\\/\",\"name\":\"Patentanw\u00e4lte Weisse, Moltmann &amp; Willems\",\"description\":\"Partnerschaftsgesellschaft\",\"publisher\":{\"@id\":\"https:\\\/\\\/www.wmw-patent.de\\\/en\\\/#organization\"},\"potentialAction\":[{\"@type\":\"SearchAction\",\"target\":{\"@type\":\"EntryPoint\",\"urlTemplate\":\"https:\\\/\\\/www.wmw-patent.de\\\/en\\\/?s={search_term_string}\"},\"query-input\":{\"@type\":\"PropertyValueSpecification\",\"valueRequired\":true,\"valueName\":\"search_term_string\"}}],\"inLanguage\":\"en-GB\"},{\"@type\":\"Organization\",\"@id\":\"https:\\\/\\\/www.wmw-patent.de\\\/en\\\/#organization\",\"name\":\"Patentanw\u00e4lte Weisse, Moltmann &amp; Willems\",\"url\":\"https:\\\/\\\/www.wmw-patent.de\\\/en\\\/\",\"logo\":{\"@type\":\"ImageObject\",\"inLanguage\":\"en-GB\",\"@id\":\"https:\\\/\\\/www.wmw-patent.de\\\/en\\\/#\\\/schema\\\/logo\\\/image\\\/\",\"url\":\"https:\\\/\\\/www.wmw-patent.de\\\/wp-content\\\/uploads\\\/2023\\\/08\\\/wmw-logo-quer.svg\",\"contentUrl\":\"https:\\\/\\\/www.wmw-patent.de\\\/wp-content\\\/uploads\\\/2023\\\/08\\\/wmw-logo-quer.svg\",\"width\":1063,\"height\":133,\"caption\":\"Patentanw\u00e4lte Weisse, Moltmann &amp; Willems\"},\"image\":{\"@id\":\"https:\\\/\\\/www.wmw-patent.de\\\/en\\\/#\\\/schema\\\/logo\\\/image\\\/\"}}]}<\/script>\n<!-- \/ Yoast SEO plugin. -->","yoast_head_json":{"title":"Cookie-Richtlinien - Patentanw\u00e4lte Weisse, Moltmann &amp; Willems","description":"Diese Cookie-Richtlinie gilt f\u00fcr B\u00fcrger und Einwohner mit st\u00e4ndigem Wohnsitz im Europ\u00e4ischen Wirtschaftsraum. | 1. Einf\u00fchrung | Unsere Website https:\/\/www.wmw-patent.de (nachfolgend als \u201eWebsite\u201c bezeichnet) verwendet Cookies und \u00e4hnliche Technologien (der Einfachheit halber werden alle diese unter dem Begriff \u201eCookies\u201c zusammengefasst). Cookies werden au\u00dferdem von uns beauftragten Drittparteien platziert. In dem unten stehendem Dokument informieren wir Sie \u00fcber die Verwendung von Cookies auf unserer Website.","robots":{"index":"index","follow":"follow","max-snippet":"max-snippet:-1","max-image-preview":"max-image-preview:large","max-video-preview":"max-video-preview:-1"},"canonical":"https:\/\/www.wmw-patent.de\/en\/cookie-richtlinien\/","og_locale":"en_GB","og_type":"article","og_title":"Cookie-Richtlinien - Patentanw\u00e4lte Weisse, Moltmann &amp; Willems","og_description":"Diese Cookie-Richtlinie gilt f\u00fcr B\u00fcrger und Einwohner mit st\u00e4ndigem Wohnsitz im Europ\u00e4ischen Wirtschaftsraum. | 1. Einf\u00fchrung | Unsere Website https:\/\/www.wmw-patent.de (nachfolgend als \u201eWebsite\u201c bezeichnet) verwendet Cookies und \u00e4hnliche Technologien (der Einfachheit halber werden alle diese unter dem Begriff \u201eCookies\u201c zusammengefasst). Cookies werden au\u00dferdem von uns beauftragten Drittparteien platziert. In dem unten stehendem Dokument informieren wir Sie \u00fcber die Verwendung von Cookies auf unserer Website.","og_url":"https:\/\/www.wmw-patent.de\/en\/cookie-richtlinien\/","og_site_name":"Patentanw\u00e4lte Weisse, Moltmann &amp; Willems","article_modified_time":"2024-01-09T15:22:13+00:00","twitter_card":"summary_large_image","twitter_misc":{"Est. reading time":"4 minutes"},"schema":{"@context":"https:\/\/schema.org","@graph":[{"@type":"WebPage","@id":"https:\/\/www.wmw-patent.de\/cookie-richtlinien\/","url":"https:\/\/www.wmw-patent.de\/cookie-richtlinien\/","name":"Cookie-Richtlinien - Patentanw\u00e4lte Weisse, Moltmann &amp; Willems","isPartOf":{"@id":"https:\/\/www.wmw-patent.de\/en\/#website"},"datePublished":"2023-06-20T12:30:22+00:00","dateModified":"2024-01-09T15:22:13+00:00","description":"Diese Cookie-Richtlinie gilt f\u00fcr B\u00fcrger und Einwohner mit st\u00e4ndigem Wohnsitz im Europ\u00e4ischen Wirtschaftsraum. | 1. Einf\u00fchrung | Unsere Website https:\/\/www.wmw-patent.de (nachfolgend als \u201eWebsite\u201c bezeichnet) verwendet Cookies und \u00e4hnliche Technologien (der Einfachheit halber werden alle diese unter dem Begriff \u201eCookies\u201c zusammengefasst). Cookies werden au\u00dferdem von uns beauftragten Drittparteien platziert. In dem unten stehendem Dokument informieren wir Sie \u00fcber die Verwendung von Cookies auf unserer Website.","breadcrumb":{"@id":"https:\/\/www.wmw-patent.de\/cookie-richtlinien\/#breadcrumb"},"inLanguage":"en-GB","potentialAction":[{"@type":"ReadAction","target":["https:\/\/www.wmw-patent.de\/cookie-richtlinien\/"]}]},{"@type":"BreadcrumbList","@id":"https:\/\/www.wmw-patent.de\/cookie-richtlinien\/#breadcrumb","itemListElement":[{"@type":"ListItem","position":1,"name":"Startseite","item":"https:\/\/www.wmw-patent.de\/"},{"@type":"ListItem","position":2,"name":"Cookie-Richtlinien"}]},{"@type":"WebSite","@id":"https:\/\/www.wmw-patent.de\/en\/#website","url":"https:\/\/www.wmw-patent.de\/en\/","name":"Patent Attorneys Weisse, Moltmann &amp; Willems","description":"Partnerschaftsgesellschaft","publisher":{"@id":"https:\/\/www.wmw-patent.de\/en\/#organization"},"potentialAction":[{"@type":"SearchAction","target":{"@type":"EntryPoint","urlTemplate":"https:\/\/www.wmw-patent.de\/en\/?s={search_term_string}"},"query-input":{"@type":"PropertyValueSpecification","valueRequired":true,"valueName":"search_term_string"}}],"inLanguage":"en-GB"},{"@type":"Organization","@id":"https:\/\/www.wmw-patent.de\/en\/#organization","name":"Patent Attorneys Weisse, Moltmann &amp; Willems","url":"https:\/\/www.wmw-patent.de\/en\/","logo":{"@type":"ImageObject","inLanguage":"en-GB","@id":"https:\/\/www.wmw-patent.de\/en\/#\/schema\/logo\/image\/","url":"https:\/\/www.wmw-patent.de\/wp-content\/uploads\/2023\/08\/wmw-logo-quer.svg","contentUrl":"https:\/\/www.wmw-patent.de\/wp-content\/uploads\/2023\/08\/wmw-logo-quer.svg","width":1063,"height":133,"caption":"Patentanw\u00e4lte Weisse, Moltmann &amp; Willems"},"image":{"@id":"https:\/\/www.wmw-patent.de\/en\/#\/schema\/logo\/image\/"}}]}},"uagb_featured_image_src":{"full":false,"thumbnail":false,"medium":false,"medium_large":false,"large":false,"1536x1536":false,"2048x2048":false,"trp-custom-language-flag":false},"uagb_author_info":{"display_name":"admin","author_link":"https:\/\/www.wmw-patent.de\/en\/author\/admin\/"},"uagb_comment_info":0,"uagb_excerpt":"Cookie-Richtlinien Diese Cookie-Richtlinie gilt f\u00fcr B\u00fcrger und Einwohner mit st\u00e4ndigem Wohnsitz im Europ\u00e4ischen Wirtschaftsraum. 1. Einf\u00fchrungUnsere Website https:\/\/www.wmw-patent.de (nachfolgend als \u201eWebsite\u201c bezeichnet) verwendet Cookies und \u00e4hnliche Technologien (der Einfachheit halber werden alle diese unter dem Begriff \u201eCookies\u201c zusammengefasst). Cookies werden au\u00dferdem von uns beauftragten Drittparteien platziert. In dem unten stehendem Dokument informieren wir Sie \u00fcber&hellip;","_links":{"self":[{"href":"https:\/\/www.wmw-patent.de\/en\/wp-json\/wp\/v2\/pages\/168","targetHints":{"allow":["GET"]}}],"collection":[{"href":"https:\/\/www.wmw-patent.de\/en\/wp-json\/wp\/v2\/pages"}],"about":[{"href":"https:\/\/www.wmw-patent.de\/en\/wp-json\/wp\/v2\/types\/page"}],"author":[{"embeddable":true,"href":"https:\/\/www.wmw-patent.de\/en\/wp-json\/wp\/v2\/users\/1"}],"replies":[{"embeddable":true,"href":"https:\/\/www.wmw-patent.de\/en\/wp-json\/wp\/v2\/comments?post=168"}],"version-history":[{"count":2,"href":"https:\/\/www.wmw-patent.de\/en\/wp-json\/wp\/v2\/pages\/168\/revisions"}],"predecessor-version":[{"id":3033,"href":"https:\/\/www.wmw-patent.de\/en\/wp-json\/wp\/v2\/pages\/168\/revisions\/3033"}],"wp:attachment":[{"href":"https:\/\/www.wmw-patent.de\/en\/wp-json\/wp\/v2\/media?parent=168"}],"curies":[{"name":"wp","href":"https:\/\/api.w.org\/{rel}","templated":true}]}}