{"id":3073,"date":"2024-08-26T16:29:17","date_gmt":"2024-08-26T16:29:17","guid":{"rendered":"https:\/\/www.wmw-patent.de\/?page_id=3073"},"modified":"2025-06-02T13:30:45","modified_gmt":"2025-06-02T13:30:45","slug":"berlin","status":"publish","type":"page","link":"https:\/\/www.wmw-patent.de\/en\/berlin\/","title":{"rendered":"Berlin"},"content":{"rendered":"\n<div class=\"wp-block-uagb-container uagb-block-2974589f alignfull uagb-is-root-container\">\n<div class=\"wp-block-cover alignfull\" style=\"min-height:60vh;aspect-ratio:unset;\"><img loading=\"lazy\" decoding=\"async\" width=\"1920\" height=\"788\" class=\"wp-block-cover__image-background wp-image-3077\" alt=\"\" src=\"https:\/\/www.wmw-patent.de\/wp-content\/uploads\/2024\/08\/slide-berlin.jpg\" style=\"object-position:65% 48%\" data-object-fit=\"cover\" data-object-position=\"65% 48%\" srcset=\"https:\/\/www.wmw-patent.de\/wp-content\/uploads\/2024\/08\/slide-berlin.jpg 1920w, https:\/\/www.wmw-patent.de\/wp-content\/uploads\/2024\/08\/slide-berlin-300x123.jpg 300w, https:\/\/www.wmw-patent.de\/wp-content\/uploads\/2024\/08\/slide-berlin-1024x420.jpg 1024w, https:\/\/www.wmw-patent.de\/wp-content\/uploads\/2024\/08\/slide-berlin-768x315.jpg 768w, https:\/\/www.wmw-patent.de\/wp-content\/uploads\/2024\/08\/slide-berlin-1536x630.jpg 1536w, https:\/\/www.wmw-patent.de\/wp-content\/uploads\/2024\/08\/slide-berlin-18x7.jpg 18w\" sizes=\"auto, (max-width: 1920px) 100vw, 1920px\" \/><span aria-hidden=\"true\" class=\"wp-block-cover__background has-background-dim-0 has-background-dim\" style=\"background-color:#777e81\"><\/span><div class=\"wp-block-cover__inner-container is-layout-flow wp-block-cover-is-layout-flow\">\n<p class=\"has-text-align-center has-large-font-size\"><\/p>\n<\/div><\/div>\n<\/div>\n\n\n\n<div class=\"wp-block-uagb-container uagb-block-27e0af96 alignfull uagb-is-root-container\"><div class=\"uagb-container-inner-blocks-wrap\">\n<div class=\"wp-block-uagb-advanced-heading uagb-block-ad02c168\"><h2 class=\"uagb-heading-text\"><strong>Ihr Ansprechpartner in Berlin<\/strong><\/h2><p class=\"uagb-desc-text\">Mit Philip Weisse sind wir direkt in Berlin f\u00fcr Sie erreichbar. Dies erlaubt es uns, Mandanten aus Berlin und Ostdeutschland unkompliziert und effektiv zu unterst\u00fctzen. Nutzen Sie die M\u00f6glichkeit, sich pers\u00f6nlich vor Ort in Berlin beraten zu lassen. Ganz gleich, ob es sich um eine Erstberatung oder die Betreuung bestehender Mandate handelt, wir stehen Ihnen mit unserer Expertise zur Seite.<br>&nbsp;<br>F\u00fcr Terminvereinbarungen oder allgemeine Anfragen erreichen Sie uns telefonisch \u00fcber unsere zentrale Rufnummer. <br>Wir freuen uns auf Ihre Kontaktaufnahme!<br><\/p><\/div>\n<\/div><\/div>\n\n\n\n<div class=\"wp-block-uagb-container uagb-block-0d083f6d alignfull uagb-is-root-container\"><div class=\"uagb-container-inner-blocks-wrap\">\n<div class=\"wp-block-uagb-advanced-heading uagb-block-3d5b51ad\"><h2 class=\"uagb-heading-text\">Kontakt<\/h2><\/div>\n\n\n\n<div class=\"wp-block-columns is-layout-flex wp-container-core-columns-is-layout-28f84493 wp-block-columns-is-layout-flex\">\n<div class=\"wp-block-column is-layout-flow wp-block-column-is-layout-flow\">\n<p class=\"has-ast-global-color-5-color has-text-color\"><strong>Patentanw\u00e4lte<br>Weisse, Moltmann &amp; Willems Part GmbB<\/strong><\/p>\n\n\n\n<p class=\"has-ast-global-color-6-color has-text-color has-link-color wp-elements-47d4990b7dbe7b318e3091b2159830a0\">Standort Berlin<br>Kurf\u00fcrstendamm 14<br>10719 Berlin<br>Tel: +49 (0) 2052 \u2013 95010<br>Fax: +49 (0) 2052 \u2013 950111<br><a href=\"mailto:info@wmw-patent.de\">info[at]wmw-patent[dot]de<\/a><\/p>\n<\/div>\n\n\n\n<div class=\"wp-block-column is-layout-flow wp-block-column-is-layout-flow\">\n<p class=\"has-ast-global-color-5-color has-text-color\">B\u00fcrozeiten<br>Wir arbeiten in Gleitzeit.<br>Mo \u2013 Do: 09:00 \u2013 16:00 Uhr<br>Fr: 09:00 \u2013 14:00 Uhr<br>Termine nach Vereinbarung<\/p>\n<\/div>\n<\/div>\n<\/div><\/div>\n\n\n\n<div class=\"wp-block-uagb-container uagb-block-81a057bb alignfull uagb-is-root-container\">\n<iframe src=\"https:\/\/www.google.com\/maps\/embed?pb=!1m18!1m12!1m3!1d2428.6017757191935!2d13.327772232713864!3d52.50444776511626!2m3!1f0!2f0!3f0!3m2!1i1024!2i768!4f13.1!3m3!1m2!1s0x47a850fee320cb5f%3A0x17f72e3fb61491f0!2sKurf%C3%BCrstendamm%2014%2C%2010719%20Berlin!5e0!3m2!1sde!2sde!4v1724689341535!5m2!1sde!2sde\" width=\"100%\" height=\"450\" style=\"border:0;\" allowfullscreen=\"\" loading=\"lazy\" referrerpolicy=\"no-referrer-when-downgrade\"><\/iframe>\n<\/div>\n","protected":false},"excerpt":{"rendered":"<p>Ihr Ansprechpartner in Berlin Mit Philip Weisse sind wir direkt in Berlin f\u00fcr Sie erreichbar. Dies erlaubt es uns, Mandanten aus Berlin und Ostdeutschland unkompliziert und effektiv zu unterst\u00fctzen. Nutzen Sie die M\u00f6glichkeit, sich pers\u00f6nlich vor Ort in Berlin beraten zu lassen. Ganz gleich, ob es sich um eine Erstberatung oder die Betreuung bestehender Mandate handelt, wir stehen Ihnen mit unserer Expertise zur Seite.&nbsp;F\u00fcr Terminvereinbarungen oder allgemeine Anfragen erreichen Sie [&hellip;]<\/p>\n","protected":false},"author":1,"featured_media":0,"parent":0,"menu_order":0,"comment_status":"closed","ping_status":"closed","template":"","meta":{"inline_featured_image":false,"_uag_custom_page_level_css":"","site-sidebar-layout":"default","site-content-layout":"","ast-site-content-layout":"default","site-content-style":"default","site-sidebar-style":"default","ast-global-header-display":"","ast-banner-title-visibility":"","ast-main-header-display":"","ast-hfb-above-header-display":"","ast-hfb-below-header-display":"","ast-hfb-mobile-header-display":"","site-post-title":"disabled","ast-breadcrumbs-content":"","ast-featured-img":"","footer-sml-layout":"","theme-transparent-header-meta":"","adv-header-id-meta":"","stick-header-meta":"","header-above-stick-meta":"","header-main-stick-meta":"","header-below-stick-meta":"","astra-migrate-meta-layouts":"set","ast-page-background-enabled":"default","ast-page-background-meta":{"desktop":{"background-color":"var(--ast-global-color-4)","background-image":"","background-repeat":"repeat","background-position":"center center","background-size":"auto","background-attachment":"scroll","background-type":"","background-media":"","overlay-type":"","overlay-color":"","overlay-opacity":"","overlay-gradient":""},"tablet":{"background-color":"","background-image":"","background-repeat":"repeat","background-position":"center center","background-size":"auto","background-attachment":"scroll","background-type":"","background-media":"","overlay-type":"","overlay-color":"","overlay-opacity":"","overlay-gradient":""},"mobile":{"background-color":"","background-image":"","background-repeat":"repeat","background-position":"center center","background-size":"auto","background-attachment":"scroll","background-type":"","background-media":"","overlay-type":"","overlay-color":"","overlay-opacity":"","overlay-gradient":""}},"ast-content-background-meta":{"desktop":{"background-color":"var(--ast-global-color-5)","background-image":"","background-repeat":"repeat","background-position":"center center","background-size":"auto","background-attachment":"scroll","background-type":"","background-media":"","overlay-type":"","overlay-color":"","overlay-opacity":"","overlay-gradient":""},"tablet":{"background-color":"var(--ast-global-color-5)","background-image":"","background-repeat":"repeat","background-position":"center center","background-size":"auto","background-attachment":"scroll","background-type":"","background-media":"","overlay-type":"","overlay-color":"","overlay-opacity":"","overlay-gradient":""},"mobile":{"background-color":"var(--ast-global-color-5)","background-image":"","background-repeat":"repeat","background-position":"center center","background-size":"auto","background-attachment":"scroll","background-type":"","background-media":"","overlay-type":"","overlay-color":"","overlay-opacity":"","overlay-gradient":""}},"footnotes":""},"class_list":["post-3073","page","type-page","status-publish","hentry"],"yoast_head":"<!-- This site is optimized with the Yoast SEO plugin v27.5 - https:\/\/yoast.com\/product\/yoast-seo-wordpress\/ -->\n<title>Berlin - Patentanw\u00e4lte Weisse, Moltmann &amp; Willems<\/title>\n<meta name=\"description\" content=\"Sie finden uns ab jetzt auch in Berlin\" \/>\n<meta name=\"robots\" content=\"index, follow, max-snippet:-1, max-image-preview:large, max-video-preview:-1\" \/>\n<link rel=\"canonical\" href=\"https:\/\/www.wmw-patent.de\/en\/berlin\/\" \/>\n<meta property=\"og:locale\" content=\"en_GB\" \/>\n<meta property=\"og:type\" content=\"article\" \/>\n<meta property=\"og:title\" content=\"Berlin - Patentanw\u00e4lte Weisse, Moltmann &amp; Willems\" \/>\n<meta property=\"og:description\" content=\"Sie finden uns ab jetzt auch in Berlin\" \/>\n<meta property=\"og:url\" content=\"https:\/\/www.wmw-patent.de\/en\/berlin\/\" \/>\n<meta property=\"og:site_name\" content=\"Patentanw\u00e4lte Weisse, Moltmann &amp; Willems\" \/>\n<meta property=\"article:modified_time\" content=\"2025-06-02T13:30:45+00:00\" \/>\n<meta property=\"og:image\" content=\"https:\/\/www.wmw-patent.de\/wp-content\/uploads\/2024\/08\/slide-berlin.jpg\" \/>\n\t<meta property=\"og:image:width\" content=\"1920\" \/>\n\t<meta property=\"og:image:height\" content=\"788\" \/>\n\t<meta property=\"og:image:type\" content=\"image\/jpeg\" \/>\n<meta name=\"twitter:card\" content=\"summary_large_image\" \/>\n<meta name=\"twitter:label1\" content=\"Est. reading time\" \/>\n\t<meta name=\"twitter:data1\" content=\"1 minute\" \/>\n<script type=\"application\/ld+json\" class=\"yoast-schema-graph\">{\"@context\":\"https:\\\/\\\/schema.org\",\"@graph\":[{\"@type\":\"WebPage\",\"@id\":\"https:\\\/\\\/www.wmw-patent.de\\\/berlin\\\/\",\"url\":\"https:\\\/\\\/www.wmw-patent.de\\\/berlin\\\/\",\"name\":\"Berlin - Patentanw\u00e4lte Weisse, Moltmann &amp; Willems\",\"isPartOf\":{\"@id\":\"https:\\\/\\\/www.wmw-patent.de\\\/en\\\/#website\"},\"primaryImageOfPage\":{\"@id\":\"https:\\\/\\\/www.wmw-patent.de\\\/berlin\\\/#primaryimage\"},\"image\":{\"@id\":\"https:\\\/\\\/www.wmw-patent.de\\\/berlin\\\/#primaryimage\"},\"thumbnailUrl\":\"https:\\\/\\\/www.wmw-patent.de\\\/wp-content\\\/uploads\\\/2024\\\/08\\\/slide-berlin.jpg\",\"datePublished\":\"2024-08-26T16:29:17+00:00\",\"dateModified\":\"2025-06-02T13:30:45+00:00\",\"description\":\"Sie finden uns ab jetzt auch in Berlin\",\"breadcrumb\":{\"@id\":\"https:\\\/\\\/www.wmw-patent.de\\\/berlin\\\/#breadcrumb\"},\"inLanguage\":\"en-GB\",\"potentialAction\":[{\"@type\":\"ReadAction\",\"target\":[\"https:\\\/\\\/www.wmw-patent.de\\\/berlin\\\/\"]}]},{\"@type\":\"ImageObject\",\"inLanguage\":\"en-GB\",\"@id\":\"https:\\\/\\\/www.wmw-patent.de\\\/berlin\\\/#primaryimage\",\"url\":\"https:\\\/\\\/www.wmw-patent.de\\\/wp-content\\\/uploads\\\/2024\\\/08\\\/slide-berlin.jpg\",\"contentUrl\":\"https:\\\/\\\/www.wmw-patent.de\\\/wp-content\\\/uploads\\\/2024\\\/08\\\/slide-berlin.jpg\"},{\"@type\":\"BreadcrumbList\",\"@id\":\"https:\\\/\\\/www.wmw-patent.de\\\/berlin\\\/#breadcrumb\",\"itemListElement\":[{\"@type\":\"ListItem\",\"position\":1,\"name\":\"Startseite\",\"item\":\"https:\\\/\\\/www.wmw-patent.de\\\/\"},{\"@type\":\"ListItem\",\"position\":2,\"name\":\"Berlin\"}]},{\"@type\":\"WebSite\",\"@id\":\"https:\\\/\\\/www.wmw-patent.de\\\/en\\\/#website\",\"url\":\"https:\\\/\\\/www.wmw-patent.de\\\/en\\\/\",\"name\":\"Patentanw\u00e4lte Weisse, Moltmann &amp; Willems\",\"description\":\"Partnerschaftsgesellschaft\",\"publisher\":{\"@id\":\"https:\\\/\\\/www.wmw-patent.de\\\/en\\\/#organization\"},\"potentialAction\":[{\"@type\":\"SearchAction\",\"target\":{\"@type\":\"EntryPoint\",\"urlTemplate\":\"https:\\\/\\\/www.wmw-patent.de\\\/en\\\/?s={search_term_string}\"},\"query-input\":{\"@type\":\"PropertyValueSpecification\",\"valueRequired\":true,\"valueName\":\"search_term_string\"}}],\"inLanguage\":\"en-GB\"},{\"@type\":\"Organization\",\"@id\":\"https:\\\/\\\/www.wmw-patent.de\\\/en\\\/#organization\",\"name\":\"Patentanw\u00e4lte Weisse, Moltmann &amp; Willems\",\"url\":\"https:\\\/\\\/www.wmw-patent.de\\\/en\\\/\",\"logo\":{\"@type\":\"ImageObject\",\"inLanguage\":\"en-GB\",\"@id\":\"https:\\\/\\\/www.wmw-patent.de\\\/en\\\/#\\\/schema\\\/logo\\\/image\\\/\",\"url\":\"https:\\\/\\\/www.wmw-patent.de\\\/wp-content\\\/uploads\\\/2023\\\/08\\\/wmw-logo-quer.svg\",\"contentUrl\":\"https:\\\/\\\/www.wmw-patent.de\\\/wp-content\\\/uploads\\\/2023\\\/08\\\/wmw-logo-quer.svg\",\"width\":1063,\"height\":133,\"caption\":\"Patentanw\u00e4lte Weisse, Moltmann &amp; Willems\"},\"image\":{\"@id\":\"https:\\\/\\\/www.wmw-patent.de\\\/en\\\/#\\\/schema\\\/logo\\\/image\\\/\"}}]}<\/script>\n<!-- \/ Yoast SEO plugin. -->","yoast_head_json":{"title":"Berlin - Patentanw\u00e4lte Weisse, Moltmann &amp; Willems","description":"Sie finden uns ab jetzt auch in Berlin","robots":{"index":"index","follow":"follow","max-snippet":"max-snippet:-1","max-image-preview":"max-image-preview:large","max-video-preview":"max-video-preview:-1"},"canonical":"https:\/\/www.wmw-patent.de\/en\/berlin\/","og_locale":"en_GB","og_type":"article","og_title":"Berlin - Patentanw\u00e4lte Weisse, Moltmann &amp; Willems","og_description":"Sie finden uns ab jetzt auch in Berlin","og_url":"https:\/\/www.wmw-patent.de\/en\/berlin\/","og_site_name":"Patentanw\u00e4lte Weisse, Moltmann &amp; Willems","article_modified_time":"2025-06-02T13:30:45+00:00","og_image":[{"width":1920,"height":788,"url":"https:\/\/www.wmw-patent.de\/wp-content\/uploads\/2024\/08\/slide-berlin.jpg","type":"image\/jpeg"}],"twitter_card":"summary_large_image","twitter_misc":{"Est. reading time":"1 minute"},"schema":{"@context":"https:\/\/schema.org","@graph":[{"@type":"WebPage","@id":"https:\/\/www.wmw-patent.de\/berlin\/","url":"https:\/\/www.wmw-patent.de\/berlin\/","name":"Berlin - Patentanw\u00e4lte Weisse, Moltmann &amp; Willems","isPartOf":{"@id":"https:\/\/www.wmw-patent.de\/en\/#website"},"primaryImageOfPage":{"@id":"https:\/\/www.wmw-patent.de\/berlin\/#primaryimage"},"image":{"@id":"https:\/\/www.wmw-patent.de\/berlin\/#primaryimage"},"thumbnailUrl":"https:\/\/www.wmw-patent.de\/wp-content\/uploads\/2024\/08\/slide-berlin.jpg","datePublished":"2024-08-26T16:29:17+00:00","dateModified":"2025-06-02T13:30:45+00:00","description":"Sie finden uns ab jetzt auch in Berlin","breadcrumb":{"@id":"https:\/\/www.wmw-patent.de\/berlin\/#breadcrumb"},"inLanguage":"en-GB","potentialAction":[{"@type":"ReadAction","target":["https:\/\/www.wmw-patent.de\/berlin\/"]}]},{"@type":"ImageObject","inLanguage":"en-GB","@id":"https:\/\/www.wmw-patent.de\/berlin\/#primaryimage","url":"https:\/\/www.wmw-patent.de\/wp-content\/uploads\/2024\/08\/slide-berlin.jpg","contentUrl":"https:\/\/www.wmw-patent.de\/wp-content\/uploads\/2024\/08\/slide-berlin.jpg"},{"@type":"BreadcrumbList","@id":"https:\/\/www.wmw-patent.de\/berlin\/#breadcrumb","itemListElement":[{"@type":"ListItem","position":1,"name":"Startseite","item":"https:\/\/www.wmw-patent.de\/"},{"@type":"ListItem","position":2,"name":"Berlin"}]},{"@type":"WebSite","@id":"https:\/\/www.wmw-patent.de\/en\/#website","url":"https:\/\/www.wmw-patent.de\/en\/","name":"Patent Attorneys Weisse, Moltmann &amp; Willems","description":"Partnerschaftsgesellschaft","publisher":{"@id":"https:\/\/www.wmw-patent.de\/en\/#organization"},"potentialAction":[{"@type":"SearchAction","target":{"@type":"EntryPoint","urlTemplate":"https:\/\/www.wmw-patent.de\/en\/?s={search_term_string}"},"query-input":{"@type":"PropertyValueSpecification","valueRequired":true,"valueName":"search_term_string"}}],"inLanguage":"en-GB"},{"@type":"Organization","@id":"https:\/\/www.wmw-patent.de\/en\/#organization","name":"Patent Attorneys Weisse, Moltmann &amp; Willems","url":"https:\/\/www.wmw-patent.de\/en\/","logo":{"@type":"ImageObject","inLanguage":"en-GB","@id":"https:\/\/www.wmw-patent.de\/en\/#\/schema\/logo\/image\/","url":"https:\/\/www.wmw-patent.de\/wp-content\/uploads\/2023\/08\/wmw-logo-quer.svg","contentUrl":"https:\/\/www.wmw-patent.de\/wp-content\/uploads\/2023\/08\/wmw-logo-quer.svg","width":1063,"height":133,"caption":"Patentanw\u00e4lte Weisse, Moltmann &amp; Willems"},"image":{"@id":"https:\/\/www.wmw-patent.de\/en\/#\/schema\/logo\/image\/"}}]}},"uagb_featured_image_src":{"full":false,"thumbnail":false,"medium":false,"medium_large":false,"large":false,"1536x1536":false,"2048x2048":false,"trp-custom-language-flag":false},"uagb_author_info":{"display_name":"admin","author_link":"https:\/\/www.wmw-patent.de\/en\/author\/admin\/"},"uagb_comment_info":0,"uagb_excerpt":"Ihr Ansprechpartner in Berlin Mit Philip Weisse sind wir direkt in Berlin f\u00fcr Sie erreichbar. Dies erlaubt es uns, Mandanten aus Berlin und Ostdeutschland unkompliziert und effektiv zu unterst\u00fctzen. Nutzen Sie die M\u00f6glichkeit, sich pers\u00f6nlich vor Ort in Berlin beraten zu lassen. Ganz gleich, ob es sich um eine Erstberatung oder die Betreuung bestehender Mandate&hellip;","_links":{"self":[{"href":"https:\/\/www.wmw-patent.de\/en\/wp-json\/wp\/v2\/pages\/3073","targetHints":{"allow":["GET"]}}],"collection":[{"href":"https:\/\/www.wmw-patent.de\/en\/wp-json\/wp\/v2\/pages"}],"about":[{"href":"https:\/\/www.wmw-patent.de\/en\/wp-json\/wp\/v2\/types\/page"}],"author":[{"embeddable":true,"href":"https:\/\/www.wmw-patent.de\/en\/wp-json\/wp\/v2\/users\/1"}],"replies":[{"embeddable":true,"href":"https:\/\/www.wmw-patent.de\/en\/wp-json\/wp\/v2\/comments?post=3073"}],"version-history":[{"count":12,"href":"https:\/\/www.wmw-patent.de\/en\/wp-json\/wp\/v2\/pages\/3073\/revisions"}],"predecessor-version":[{"id":3147,"href":"https:\/\/www.wmw-patent.de\/en\/wp-json\/wp\/v2\/pages\/3073\/revisions\/3147"}],"wp:attachment":[{"href":"https:\/\/www.wmw-patent.de\/en\/wp-json\/wp\/v2\/media?parent=3073"}],"curies":[{"name":"wp","href":"https:\/\/api.w.org\/{rel}","templated":true}]}}