{"id":500,"date":"2023-07-17T16:29:26","date_gmt":"2023-07-17T16:29:26","guid":{"rendered":"https:\/\/www.wmw-patent.de\/?page_id=500"},"modified":"2024-01-09T15:36:53","modified_gmt":"2024-01-09T15:36:53","slug":"joerg-weisse-2","status":"publish","type":"page","link":"https:\/\/www.wmw-patent.de\/en\/joerg-weisse-2\/","title":{"rendered":"J\u00f6rg Weisse"},"content":{"rendered":"<div class=\"wp-block-uagb-container uagb-block-78631d3d alignfull uagb-is-root-container\">\n<div class=\"wp-block-cover alignfull is-light\" style=\"min-height:60vh;aspect-ratio:unset;\"><span aria-hidden=\"true\" class=\"wp-block-cover__background has-background-dim-0 has-background-dim\"><\/span><img loading=\"lazy\" decoding=\"async\" width=\"1920\" height=\"788\" class=\"wp-block-cover__image-background wp-image-3000\" alt=\"\" src=\"https:\/\/www.wmw-patent.de\/wp-content\/uploads\/2023\/11\/neu_Joerg_Weisse.jpg\" style=\"object-position:68% 38%\" data-object-fit=\"cover\" data-object-position=\"68% 38%\" srcset=\"https:\/\/www.wmw-patent.de\/wp-content\/uploads\/2023\/11\/neu_Joerg_Weisse.jpg 1920w, https:\/\/www.wmw-patent.de\/wp-content\/uploads\/2023\/11\/neu_Joerg_Weisse-300x123.jpg 300w, https:\/\/www.wmw-patent.de\/wp-content\/uploads\/2023\/11\/neu_Joerg_Weisse-1024x420.jpg 1024w, https:\/\/www.wmw-patent.de\/wp-content\/uploads\/2023\/11\/neu_Joerg_Weisse-768x315.jpg 768w, https:\/\/www.wmw-patent.de\/wp-content\/uploads\/2023\/11\/neu_Joerg_Weisse-1536x630.jpg 1536w, https:\/\/www.wmw-patent.de\/wp-content\/uploads\/2023\/11\/neu_Joerg_Weisse-18x7.jpg 18w\" sizes=\"auto, (max-width: 1920px) 100vw, 1920px\" \/><div class=\"wp-block-cover__inner-container is-layout-flow wp-block-cover-is-layout-flow\">\n<p class=\"has-text-align-center has-large-font-size\"><\/p>\n<\/div><\/div>\n<\/div>\n\n\n\n<div class=\"wp-block-uagb-container uagb-block-d769c31b alignfull uagb-is-root-container\"><div class=\"uagb-container-inner-blocks-wrap\">\n<h2 class=\"wp-block-heading has-text-align-left\">J\u00f6rg Weisse<\/h2>\n\n\n\n<p>J\u00f6rg Weisse studied physics at the Technical University of Berlin and graduated with a diploma in physics. The subject of his diploma thesis was \u201eposition- and time-resolved fluorescence spectroscopy of organic molecules\u201c. After the nuclear reactor accident in Chernobyl, J\u00f6rg Weisse worked at the radiation measuring station of the Berlin Senate. Here he expanded his knowledge, in particular in the fields of instrumentation technology and nuclear physics. While working for a tool manufacturer, he gained insights into its business processes and into mechanical engineering as well as tool construction.<\/p>\n\n\n\n<p>In line with a long family tradition, J\u00f6rg Weisse has been practicing in the field of intellectual property law in the third generation since 1994. From 1994 to 1997, he was trained as a patent attorney in the patent law firm Weisse &amp; Wolgast, where he finally joined as a partner in 1997. The Velbert location of the patent law firm Weisse &amp; Wolgast was merged into the patent law firm Weisse, Moltmann &amp; Willems PartG mbB, whose senior partner is J\u00f6rg Weisse. <\/p>\n\n\n\n<p>Member of the AIPPI, German Association for the Protection of Intellectual Property (GRUR), International Federation of Intellectual Property Attorneys (FICPI), German Association of Intellectual Property Experts (VPP), Verein der NRW-Patentanw\u00e4lte (Association of North Rhine-Westphalia Patent Attorneys)<\/p>\n\n\n\n<p><\/p>\n\n\n\n<p><strong>Technical Fields<\/strong><\/p>\n\n\n\n<div class=\"wp-block-columns is-layout-flex wp-container-core-columns-is-layout-e1fea541 wp-block-columns-is-layout-flex\" style=\"margin-top:var(--wp--preset--spacing--50)\">\n<div class=\"wp-block-column is-layout-flow wp-block-column-is-layout-flow\" style=\"flex-basis:25%\">\n<figure class=\"wp-block-image size-full\"><img loading=\"lazy\" decoding=\"async\" width=\"522\" height=\"717\" src=\"https:\/\/www.wmw-patent.de\/wp-content\/uploads\/2023\/10\/j.weisse-profil.jpg\" alt=\"\" class=\"wp-image-1877\" srcset=\"https:\/\/www.wmw-patent.de\/wp-content\/uploads\/2023\/10\/j.weisse-profil.jpg 522w, https:\/\/www.wmw-patent.de\/wp-content\/uploads\/2023\/10\/j.weisse-profil-218x300.jpg 218w\" sizes=\"auto, (max-width: 522px) 100vw, 522px\" \/><\/figure>\n<\/div>\n\n\n\n<div class=\"wp-block-column is-layout-flow wp-block-column-is-layout-flow\">\n<ul class=\"wp-block-list\">\n<li>Physics<\/li>\n\n\n\n<li>Mechanical engineering and toolmaking<\/li>\n\n\n\n<li>Instrumentation and control technology<\/li>\n\n\n\n<li>Telecommunications<\/li>\n\n\n\n<li>Semiconductor technology<\/li>\n\n\n\n<li>Automotive engineering <\/li>\n\n\n\n<li>Computer-implemented inventions<\/li>\n<\/ul>\n<\/div>\n<\/div>\n<\/div><\/div>","protected":false},"excerpt":{"rendered":"<p>J\u00f6rg Weisse J\u00f6rg Weisse studierte in Berlin an der Technischen Universit\u00e4t Berlin Physik und beendete das Studium mit dem Abschluss Diplom Physiker. Thema seiner Diplomarbeit war die \u201eorts- und zeitaufgel\u00f6ste Fluoreszenzspektroskopie organischer Molek\u00fcle\u201c. Nach dem Reaktorunfall in Tschernobyl arbeitete J\u00f6rg Weisse in der Strahlenmessstelle des Berliner Senats. Hier erweiterte er seine Kenntnisse, insbesondere in den Gebieten der Messtechnik und der Kernphysik. Bei einem Werkzeughersteller erhielt er Einblicke in dessen Unternehmensabl\u00e4ufe [&hellip;]<\/p>\n","protected":false},"author":1,"featured_media":0,"parent":0,"menu_order":0,"comment_status":"closed","ping_status":"closed","template":"","meta":{"inline_featured_image":false,"_uag_custom_page_level_css":"","site-sidebar-layout":"default","site-content-layout":"","ast-site-content-layout":"default","site-content-style":"default","site-sidebar-style":"default","ast-global-header-display":"","ast-banner-title-visibility":"","ast-main-header-display":"","ast-hfb-above-header-display":"","ast-hfb-below-header-display":"","ast-hfb-mobile-header-display":"","site-post-title":"disabled","ast-breadcrumbs-content":"","ast-featured-img":"","footer-sml-layout":"","theme-transparent-header-meta":"","adv-header-id-meta":"","stick-header-meta":"","header-above-stick-meta":"","header-main-stick-meta":"","header-below-stick-meta":"","astra-migrate-meta-layouts":"set","ast-page-background-enabled":"default","ast-page-background-meta":{"desktop":{"background-color":"var(--ast-global-color-4)","background-image":"","background-repeat":"repeat","background-position":"center center","background-size":"auto","background-attachment":"scroll","background-type":"","background-media":"","overlay-type":"","overlay-color":"","overlay-opacity":"","overlay-gradient":""},"tablet":{"background-color":"","background-image":"","background-repeat":"repeat","background-position":"center center","background-size":"auto","background-attachment":"scroll","background-type":"","background-media":"","overlay-type":"","overlay-color":"","overlay-opacity":"","overlay-gradient":""},"mobile":{"background-color":"","background-image":"","background-repeat":"repeat","background-position":"center center","background-size":"auto","background-attachment":"scroll","background-type":"","background-media":"","overlay-type":"","overlay-color":"","overlay-opacity":"","overlay-gradient":""}},"ast-content-background-meta":{"desktop":{"background-color":"var(--ast-global-color-5)","background-image":"","background-repeat":"repeat","background-position":"center center","background-size":"auto","background-attachment":"scroll","background-type":"","background-media":"","overlay-type":"","overlay-color":"","overlay-opacity":"","overlay-gradient":""},"tablet":{"background-color":"var(--ast-global-color-5)","background-image":"","background-repeat":"repeat","background-position":"center center","background-size":"auto","background-attachment":"scroll","background-type":"","background-media":"","overlay-type":"","overlay-color":"","overlay-opacity":"","overlay-gradient":""},"mobile":{"background-color":"var(--ast-global-color-5)","background-image":"","background-repeat":"repeat","background-position":"center center","background-size":"auto","background-attachment":"scroll","background-type":"","background-media":"","overlay-type":"","overlay-color":"","overlay-opacity":"","overlay-gradient":""}},"footnotes":""},"class_list":["post-500","page","type-page","status-publish","hentry"],"yoast_head":"<!-- This site is optimized with the Yoast SEO plugin v27.4 - https:\/\/yoast.com\/product\/yoast-seo-wordpress\/ -->\n<title>J\u00f6rg Weisse - Patentanw\u00e4lte Weisse, Moltmann &amp; Willems<\/title>\n<meta name=\"description\" content=\"In langer Familientradition ist J\u00f6rg Weisse in dritter Generation seit 1994 im Gebiet des gewerblichen Rechtsschutzes t\u00e4tig. In den Jahren 1994 bis 1997 wurde er zum Patentanwalt in der Patentanwaltskanzlei Weisse &amp; Wolgast ausgebildet, in die er 1997 schlie\u00dflich als Partner einstieg. Die Velberter Patentanwaltskanzlei Weisse &amp; Wolgast ging durch Fusion in die Patentanwaltskanzlei Weisse, Moltmann &amp; Willems PartG mbB \u00fcber, deren Seniorpartner J\u00f6rg Weisse ist.\" \/>\n<meta name=\"robots\" content=\"index, follow, max-snippet:-1, max-image-preview:large, max-video-preview:-1\" \/>\n<link rel=\"canonical\" href=\"https:\/\/www.wmw-patent.de\/en\/joerg-weisse-2\/\" \/>\n<meta property=\"og:locale\" content=\"en_GB\" \/>\n<meta property=\"og:type\" content=\"article\" \/>\n<meta property=\"og:title\" content=\"J\u00f6rg Weisse - Patentanw\u00e4lte Weisse, Moltmann &amp; Willems\" \/>\n<meta property=\"og:description\" content=\"In langer Familientradition ist J\u00f6rg Weisse in dritter Generation seit 1994 im Gebiet des gewerblichen Rechtsschutzes t\u00e4tig. In den Jahren 1994 bis 1997 wurde er zum Patentanwalt in der Patentanwaltskanzlei Weisse &amp; Wolgast ausgebildet, in die er 1997 schlie\u00dflich als Partner einstieg. Die Velberter Patentanwaltskanzlei Weisse &amp; Wolgast ging durch Fusion in die Patentanwaltskanzlei Weisse, Moltmann &amp; Willems PartG mbB \u00fcber, deren Seniorpartner J\u00f6rg Weisse ist.\" \/>\n<meta property=\"og:url\" content=\"https:\/\/www.wmw-patent.de\/en\/joerg-weisse-2\/\" \/>\n<meta property=\"og:site_name\" content=\"Patentanw\u00e4lte Weisse, Moltmann &amp; Willems\" \/>\n<meta property=\"article:modified_time\" content=\"2024-01-09T15:36:53+00:00\" \/>\n<meta property=\"og:image\" content=\"https:\/\/www.wmw-patent.de\/wp-content\/uploads\/2023\/11\/neu_Joerg_Weisse.jpg\" \/>\n<meta name=\"twitter:card\" content=\"summary_large_image\" \/>\n<meta name=\"twitter:label1\" content=\"Est. reading time\" \/>\n\t<meta name=\"twitter:data1\" content=\"2 minutes\" \/>\n<script type=\"application\/ld+json\" class=\"yoast-schema-graph\">{\"@context\":\"https:\\\/\\\/schema.org\",\"@graph\":[{\"@type\":\"WebPage\",\"@id\":\"https:\\\/\\\/www.wmw-patent.de\\\/joerg-weisse-2\\\/\",\"url\":\"https:\\\/\\\/www.wmw-patent.de\\\/joerg-weisse-2\\\/\",\"name\":\"J\u00f6rg Weisse - Patentanw\u00e4lte Weisse, Moltmann &amp; Willems\",\"isPartOf\":{\"@id\":\"https:\\\/\\\/www.wmw-patent.de\\\/en\\\/#website\"},\"primaryImageOfPage\":{\"@id\":\"https:\\\/\\\/www.wmw-patent.de\\\/joerg-weisse-2\\\/#primaryimage\"},\"image\":{\"@id\":\"https:\\\/\\\/www.wmw-patent.de\\\/joerg-weisse-2\\\/#primaryimage\"},\"thumbnailUrl\":\"https:\\\/\\\/www.wmw-patent.de\\\/wp-content\\\/uploads\\\/2023\\\/11\\\/neu_Joerg_Weisse.jpg\",\"datePublished\":\"2023-07-17T16:29:26+00:00\",\"dateModified\":\"2024-01-09T15:36:53+00:00\",\"description\":\"In langer Familientradition ist J\u00f6rg Weisse in dritter Generation seit 1994 im Gebiet des gewerblichen Rechtsschutzes t\u00e4tig. In den Jahren 1994 bis 1997 wurde er zum Patentanwalt in der Patentanwaltskanzlei Weisse & Wolgast ausgebildet, in die er 1997 schlie\u00dflich als Partner einstieg. Die Velberter Patentanwaltskanzlei Weisse & Wolgast ging durch Fusion in die Patentanwaltskanzlei Weisse, Moltmann & Willems PartG mbB \u00fcber, deren Seniorpartner J\u00f6rg Weisse ist.\",\"breadcrumb\":{\"@id\":\"https:\\\/\\\/www.wmw-patent.de\\\/joerg-weisse-2\\\/#breadcrumb\"},\"inLanguage\":\"en-GB\",\"potentialAction\":[{\"@type\":\"ReadAction\",\"target\":[\"https:\\\/\\\/www.wmw-patent.de\\\/joerg-weisse-2\\\/\"]}]},{\"@type\":\"ImageObject\",\"inLanguage\":\"en-GB\",\"@id\":\"https:\\\/\\\/www.wmw-patent.de\\\/joerg-weisse-2\\\/#primaryimage\",\"url\":\"https:\\\/\\\/www.wmw-patent.de\\\/wp-content\\\/uploads\\\/2023\\\/11\\\/neu_Joerg_Weisse.jpg\",\"contentUrl\":\"https:\\\/\\\/www.wmw-patent.de\\\/wp-content\\\/uploads\\\/2023\\\/11\\\/neu_Joerg_Weisse.jpg\"},{\"@type\":\"BreadcrumbList\",\"@id\":\"https:\\\/\\\/www.wmw-patent.de\\\/joerg-weisse-2\\\/#breadcrumb\",\"itemListElement\":[{\"@type\":\"ListItem\",\"position\":1,\"name\":\"Startseite\",\"item\":\"https:\\\/\\\/www.wmw-patent.de\\\/\"},{\"@type\":\"ListItem\",\"position\":2,\"name\":\"J\u00f6rg Weisse\"}]},{\"@type\":\"WebSite\",\"@id\":\"https:\\\/\\\/www.wmw-patent.de\\\/en\\\/#website\",\"url\":\"https:\\\/\\\/www.wmw-patent.de\\\/en\\\/\",\"name\":\"Patentanw\u00e4lte Weisse, Moltmann &amp; Willems\",\"description\":\"Partnerschaftsgesellschaft\",\"publisher\":{\"@id\":\"https:\\\/\\\/www.wmw-patent.de\\\/en\\\/#organization\"},\"potentialAction\":[{\"@type\":\"SearchAction\",\"target\":{\"@type\":\"EntryPoint\",\"urlTemplate\":\"https:\\\/\\\/www.wmw-patent.de\\\/en\\\/?s={search_term_string}\"},\"query-input\":{\"@type\":\"PropertyValueSpecification\",\"valueRequired\":true,\"valueName\":\"search_term_string\"}}],\"inLanguage\":\"en-GB\"},{\"@type\":\"Organization\",\"@id\":\"https:\\\/\\\/www.wmw-patent.de\\\/en\\\/#organization\",\"name\":\"Patentanw\u00e4lte Weisse, Moltmann &amp; Willems\",\"url\":\"https:\\\/\\\/www.wmw-patent.de\\\/en\\\/\",\"logo\":{\"@type\":\"ImageObject\",\"inLanguage\":\"en-GB\",\"@id\":\"https:\\\/\\\/www.wmw-patent.de\\\/en\\\/#\\\/schema\\\/logo\\\/image\\\/\",\"url\":\"https:\\\/\\\/www.wmw-patent.de\\\/wp-content\\\/uploads\\\/2023\\\/08\\\/wmw-logo-quer.svg\",\"contentUrl\":\"https:\\\/\\\/www.wmw-patent.de\\\/wp-content\\\/uploads\\\/2023\\\/08\\\/wmw-logo-quer.svg\",\"width\":1063,\"height\":133,\"caption\":\"Patentanw\u00e4lte Weisse, Moltmann &amp; Willems\"},\"image\":{\"@id\":\"https:\\\/\\\/www.wmw-patent.de\\\/en\\\/#\\\/schema\\\/logo\\\/image\\\/\"}}]}<\/script>\n<!-- \/ Yoast SEO plugin. -->","yoast_head_json":{"title":"J\u00f6rg Weisse - Patentanw\u00e4lte Weisse, Moltmann &amp; Willems","description":"In langer Familientradition ist J\u00f6rg Weisse in dritter Generation seit 1994 im Gebiet des gewerblichen Rechtsschutzes t\u00e4tig. In den Jahren 1994 bis 1997 wurde er zum Patentanwalt in der Patentanwaltskanzlei Weisse & Wolgast ausgebildet, in die er 1997 schlie\u00dflich als Partner einstieg. Die Velberter Patentanwaltskanzlei Weisse & Wolgast ging durch Fusion in die Patentanwaltskanzlei Weisse, Moltmann & Willems PartG mbB \u00fcber, deren Seniorpartner J\u00f6rg Weisse ist.","robots":{"index":"index","follow":"follow","max-snippet":"max-snippet:-1","max-image-preview":"max-image-preview:large","max-video-preview":"max-video-preview:-1"},"canonical":"https:\/\/www.wmw-patent.de\/en\/joerg-weisse-2\/","og_locale":"en_GB","og_type":"article","og_title":"J\u00f6rg Weisse - Patentanw\u00e4lte Weisse, Moltmann &amp; Willems","og_description":"In langer Familientradition ist J\u00f6rg Weisse in dritter Generation seit 1994 im Gebiet des gewerblichen Rechtsschutzes t\u00e4tig. In den Jahren 1994 bis 1997 wurde er zum Patentanwalt in der Patentanwaltskanzlei Weisse & Wolgast ausgebildet, in die er 1997 schlie\u00dflich als Partner einstieg. Die Velberter Patentanwaltskanzlei Weisse & Wolgast ging durch Fusion in die Patentanwaltskanzlei Weisse, Moltmann & Willems PartG mbB \u00fcber, deren Seniorpartner J\u00f6rg Weisse ist.","og_url":"https:\/\/www.wmw-patent.de\/en\/joerg-weisse-2\/","og_site_name":"Patentanw\u00e4lte Weisse, Moltmann &amp; Willems","article_modified_time":"2024-01-09T15:36:53+00:00","og_image":[{"url":"https:\/\/www.wmw-patent.de\/wp-content\/uploads\/2023\/11\/neu_Joerg_Weisse.jpg","type":"","width":"","height":""}],"twitter_card":"summary_large_image","twitter_misc":{"Est. reading time":"2 minutes"},"schema":{"@context":"https:\/\/schema.org","@graph":[{"@type":"WebPage","@id":"https:\/\/www.wmw-patent.de\/joerg-weisse-2\/","url":"https:\/\/www.wmw-patent.de\/joerg-weisse-2\/","name":"J\u00f6rg Weisse - Patentanw\u00e4lte Weisse, Moltmann &amp; Willems","isPartOf":{"@id":"https:\/\/www.wmw-patent.de\/en\/#website"},"primaryImageOfPage":{"@id":"https:\/\/www.wmw-patent.de\/joerg-weisse-2\/#primaryimage"},"image":{"@id":"https:\/\/www.wmw-patent.de\/joerg-weisse-2\/#primaryimage"},"thumbnailUrl":"https:\/\/www.wmw-patent.de\/wp-content\/uploads\/2023\/11\/neu_Joerg_Weisse.jpg","datePublished":"2023-07-17T16:29:26+00:00","dateModified":"2024-01-09T15:36:53+00:00","description":"In langer Familientradition ist J\u00f6rg Weisse in dritter Generation seit 1994 im Gebiet des gewerblichen Rechtsschutzes t\u00e4tig. In den Jahren 1994 bis 1997 wurde er zum Patentanwalt in der Patentanwaltskanzlei Weisse & Wolgast ausgebildet, in die er 1997 schlie\u00dflich als Partner einstieg. Die Velberter Patentanwaltskanzlei Weisse & Wolgast ging durch Fusion in die Patentanwaltskanzlei Weisse, Moltmann & Willems PartG mbB \u00fcber, deren Seniorpartner J\u00f6rg Weisse ist.","breadcrumb":{"@id":"https:\/\/www.wmw-patent.de\/joerg-weisse-2\/#breadcrumb"},"inLanguage":"en-GB","potentialAction":[{"@type":"ReadAction","target":["https:\/\/www.wmw-patent.de\/joerg-weisse-2\/"]}]},{"@type":"ImageObject","inLanguage":"en-GB","@id":"https:\/\/www.wmw-patent.de\/joerg-weisse-2\/#primaryimage","url":"https:\/\/www.wmw-patent.de\/wp-content\/uploads\/2023\/11\/neu_Joerg_Weisse.jpg","contentUrl":"https:\/\/www.wmw-patent.de\/wp-content\/uploads\/2023\/11\/neu_Joerg_Weisse.jpg"},{"@type":"BreadcrumbList","@id":"https:\/\/www.wmw-patent.de\/joerg-weisse-2\/#breadcrumb","itemListElement":[{"@type":"ListItem","position":1,"name":"Startseite","item":"https:\/\/www.wmw-patent.de\/"},{"@type":"ListItem","position":2,"name":"J\u00f6rg Weisse"}]},{"@type":"WebSite","@id":"https:\/\/www.wmw-patent.de\/en\/#website","url":"https:\/\/www.wmw-patent.de\/en\/","name":"Patent Attorneys Weisse, Moltmann &amp; Willems","description":"Partnerschaftsgesellschaft","publisher":{"@id":"https:\/\/www.wmw-patent.de\/en\/#organization"},"potentialAction":[{"@type":"SearchAction","target":{"@type":"EntryPoint","urlTemplate":"https:\/\/www.wmw-patent.de\/en\/?s={search_term_string}"},"query-input":{"@type":"PropertyValueSpecification","valueRequired":true,"valueName":"search_term_string"}}],"inLanguage":"en-GB"},{"@type":"Organization","@id":"https:\/\/www.wmw-patent.de\/en\/#organization","name":"Patent Attorneys Weisse, Moltmann &amp; Willems","url":"https:\/\/www.wmw-patent.de\/en\/","logo":{"@type":"ImageObject","inLanguage":"en-GB","@id":"https:\/\/www.wmw-patent.de\/en\/#\/schema\/logo\/image\/","url":"https:\/\/www.wmw-patent.de\/wp-content\/uploads\/2023\/08\/wmw-logo-quer.svg","contentUrl":"https:\/\/www.wmw-patent.de\/wp-content\/uploads\/2023\/08\/wmw-logo-quer.svg","width":1063,"height":133,"caption":"Patentanw\u00e4lte Weisse, Moltmann &amp; Willems"},"image":{"@id":"https:\/\/www.wmw-patent.de\/en\/#\/schema\/logo\/image\/"}}]}},"uagb_featured_image_src":{"full":false,"thumbnail":false,"medium":false,"medium_large":false,"large":false,"1536x1536":false,"2048x2048":false,"trp-custom-language-flag":false},"uagb_author_info":{"display_name":"admin","author_link":"https:\/\/www.wmw-patent.de\/en\/author\/admin\/"},"uagb_comment_info":0,"uagb_excerpt":"J\u00f6rg Weisse J\u00f6rg Weisse studierte in Berlin an der Technischen Universit\u00e4t Berlin Physik und beendete das Studium mit dem Abschluss Diplom Physiker. Thema seiner Diplomarbeit war die \u201eorts- und zeitaufgel\u00f6ste Fluoreszenzspektroskopie organischer Molek\u00fcle\u201c. Nach dem Reaktorunfall in Tschernobyl arbeitete J\u00f6rg Weisse in der Strahlenmessstelle des Berliner Senats. Hier erweiterte er seine Kenntnisse, insbesondere in den&hellip;","_links":{"self":[{"href":"https:\/\/www.wmw-patent.de\/en\/wp-json\/wp\/v2\/pages\/500","targetHints":{"allow":["GET"]}}],"collection":[{"href":"https:\/\/www.wmw-patent.de\/en\/wp-json\/wp\/v2\/pages"}],"about":[{"href":"https:\/\/www.wmw-patent.de\/en\/wp-json\/wp\/v2\/types\/page"}],"author":[{"embeddable":true,"href":"https:\/\/www.wmw-patent.de\/en\/wp-json\/wp\/v2\/users\/1"}],"replies":[{"embeddable":true,"href":"https:\/\/www.wmw-patent.de\/en\/wp-json\/wp\/v2\/comments?post=500"}],"version-history":[{"count":34,"href":"https:\/\/www.wmw-patent.de\/en\/wp-json\/wp\/v2\/pages\/500\/revisions"}],"predecessor-version":[{"id":3005,"href":"https:\/\/www.wmw-patent.de\/en\/wp-json\/wp\/v2\/pages\/500\/revisions\/3005"}],"wp:attachment":[{"href":"https:\/\/www.wmw-patent.de\/en\/wp-json\/wp\/v2\/media?parent=500"}],"curies":[{"name":"wp","href":"https:\/\/api.w.org\/{rel}","templated":true}]}}